{"id":944,"date":"2016-03-30T11:25:26","date_gmt":"2016-03-30T09:25:26","guid":{"rendered":"http:\/\/zakmet.pl\/ru\/kontakt\/"},"modified":"2019-08-07T11:43:24","modified_gmt":"2019-08-07T09:43:24","slug":"%d0%ba%d0%be%d0%bd%d1%82%d0%b0%d0%ba%d1%82","status":"publish","type":"page","link":"https:\/\/zakmet.pl\/ru\/%d0%ba%d0%be%d0%bd%d1%82%d0%b0%d0%ba%d1%82\/","title":{"rendered":"\u041a\u043e\u043d\u0442\u0430\u043a\u0442"},"content":{"rendered":"<div class=\"wpb-content-wrapper\">[mk_page_section min_height=&#187;0&#8243; padding_top=&#187;45&#8243; padding_bottom=&#187;0&#8243; sidebar=&#187;sidebar-1&#8243;][vc_column width=&#187;1\/2&#8243;][vc_row_inner attached=&#187;true&#187; animation=&#187;left-to-right&#187;][vc_column_inner][mk_advanced_gmaps latitude=&#187;51.060678&#8243; longitude=&#187;15.279798&#8243; address=&#187;<strong>ZAKMET s.c.<\/strong><br \/>\nKo\u015bcielniki \u015arednie 33<br \/>\n59-820 Le\u015bna&#187; latitude_2=&#187;51.100540&#8243; longitude_2=&#187;15.303738&#8243; address_2=&#187;<strong>\u041f\u0420\u041e\u0418\u0417\u0412\u041e\u0414\u0421\u0422\u0412\u041e \u0418 \u0423\u0421\u041b\u0423\u0413\u0418<\/strong><br \/>\nul. \u017bwirowa 3, Uniegoszcz<br \/>\n59-800 Luba\u0144&#187; pin_icon=&#187;\/wp-content\/uploads\/marker.svg&#187; content_font_color=&#187;#ffffff&#187; height=&#187;674&#8243; map_zoom=&#187;13&#8243; modify_coloring=&#187;true&#187; hue=&#187;#cccccc&#187; saturation=&#187;-100&#8243; lightness=&#187;0&#8243; el_class=&#187;etykieta&#187; zoom=&#187;10&#8243;][\/vc_column_inner][\/vc_row_inner][mk_padding_divider size=&#187;45&#8243;][\/vc_column][vc_column width=&#187;1\/2&#8243;][vc_row_inner animation=&#187;right-to-left&#187;][vc_column_inner width=&#187;1\/2&#8243;][vc_column_text margin_bottom=&#187;20&#8243; animation=&#187;top-to-bottom&#187;]<strong>ZAKMET s.c.<\/strong><br \/>\nKo\u015bcielniki \u015arednie 33<br \/>\n59-820 Le\u015bna<\/p>\n<p><strong>T\/F.<\/strong>\u00a0+48 75 721 66 22<br \/>\n<strong>E.<\/strong> biuro@zakmet.pl<\/p>\n<p><strong>NIP<\/strong>\u00a0613-157-47-10<br \/>\n<strong>REGON<\/strong>\u00a0360271020[\/vc_column_text][\/vc_column_inner][vc_column_inner width=&#187;1\/2&#8243;][vc_column_text margin_bottom=&#187;20&#8243; animation=&#187;right-to-left&#187;]<strong>\u041f\u0420\u041e\u0418\u0417\u0412\u041e\u0414\u0421\u0422\u0412\u041e \u0418 \u0423\u0421\u041b\u0423\u0413\u0418<\/strong><br \/>\nul. \u017bwirowa 3, Uniegoszcz<br \/>\n59-800 Luba\u0144<br \/>\n<strong>E.<\/strong> produkcja@zakmet.pl[\/vc_column_text][vc_column_text margin_bottom=&#187;20&#8243; animation=&#187;bottom-to-top&#187;]<strong>\u0411\u0423\u0425\u0413\u0410\u041b\u0422\u0415\u0420\u0418\u042f<\/strong><br \/>\n<strong>T.<\/strong> +48 75 721 43 43[\/vc_column_text][\/vc_column_inner][\/vc_row_inner][vc_row_inner attached=&#187;true&#187; animation=&#187;flip-y&#187;][vc_column_inner][\/vc_column_inner][\/vc_row_inner][\/vc_column][\/mk_page_section][mk_page_section min_height=&#187;0&#8243; padding_top=&#187;0&#8243; padding_bottom=&#187;45&#8243; sidebar=&#187;sidebar-1&#8243;][vc_column width=&#187;1\/4&#8243;][vc_column_text margin_bottom=&#187;20&#8243;]<strong>MARKETING <\/strong><br \/>\n<strong>T.<\/strong> +48 519 141 204[\/vc_column_text][\/vc_column][vc_column width=&#187;1\/4&#8243;][vc_column_text margin_bottom=&#187;20&#8243;]<strong>\u041f\u0420\u041e\u0414\u0410\u0416\u0410<br \/>\nT.<\/strong> +48 505 104 945[\/vc_column_text][\/vc_column][vc_column width=&#187;1\/4&#8243;][vc_column_text margin_bottom=&#187;20&#8243;]<strong>\u041f\u041e\u0421\u0422\u0410\u0412\u041a\u0410<br \/>\nT.<\/strong>\u00a0+48 505 104 943<br \/>\n<strong>E.<\/strong> sklep@zakmet.pl[\/vc_column_text][\/vc_column][vc_column width=&#187;1\/4&#8243;][vc_column_text]<strong>\u0421\u0415\u0420\u0412\u0418\u0421<\/strong><br \/>\n<strong>F.<\/strong> +48 75 721 66 22<br \/>\n<strong>E.<\/strong> serwis@zakmet.pl[\/vc_column_text][\/vc_column][\/mk_page_section]\n<\/div>","protected":false},"excerpt":{"rendered":"<p>[mk_page_section min_height=&#187;0&#8243; padding_top=&#187;45&#8243; padding_bottom=&#187;0&#8243; sidebar=&#187;sidebar-1&#8243;][vc_column width=&#187;1\/2&#8243;][vc_row_inner attached=&#187;true&#187; animation=&#187;left-to-right&#187;][vc_column_inner][mk_advanced_gmaps latitude=&#187;51.060678&#8243; longitude=&#187;15.279798&#8243; address=&#187;ZAKMET s.c. Ko\u015bcielniki \u015arednie 33 59-820 Le\u015bna&#187; latitude_2=&#187;51.100540&#8243; longitude_2=&#187;15.303738&#8243; address_2=&#187;\u041f\u0420\u041e\u0418\u0417\u0412\u041e\u0414\u0421\u0422\u0412\u041e \u0418 \u0423\u0421\u041b\u0423\u0413\u0418 ul. \u017bwirowa 3, Uniegoszcz 59-800 Luba\u0144&#187; pin_icon=&#187;\/wp-content\/uploads\/marker.svg&#187; content_font_color=&#187;#ffffff&#187; height=&#187;674&#8243; map_zoom=&#187;13&#8243; modify_coloring=&#187;true&#187; hue=&#187;#cccccc&#187; saturation=&#187;-100&#8243; lightness=&#187;0&#8243; el_class=&#187;etykieta&#187; zoom=&#187;10&#8243;][\/vc_column_inner][\/vc_row_inner][mk_padding_divider size=&#187;45&#8243;][\/vc_column][vc_column width=&#187;1\/2&#8243;][vc_row_inner animation=&#187;right-to-left&#187;][vc_column_inner width=&#187;1\/2&#8243;][vc_column_text margin_bottom=&#187;20&#8243; animation=&#187;top-to-bottom&#187;]ZAKMET s.c. Ko\u015bcielniki \u015arednie 33 59-820 Le\u015bna T\/F.\u00a0+48 75 721 66 22 [&hellip;]<\/p>\n","protected":false},"author":1,"featured_media":0,"parent":0,"menu_order":8,"comment_status":"closed","ping_status":"closed","template":"","meta":{"footnotes":""},"class_list":["post-944","page","type-page","status-publish","hentry"],"yoast_head":"<!-- This site is optimized with the Yoast SEO plugin v27.5 - https:\/\/yoast.com\/product\/yoast-seo-wordpress\/ -->\n<title>\u041a\u043e\u043d\u0442\u0430\u043a\u0442 &#8226; ZAKMET<\/title>\n<meta name=\"description\" content=\"ZAKMET s.c. \u2022 Ko\u015bcielniki \u015arednie 33 \u2022 59-820 Le\u015bna \u2022 T\/F. +48 75 721 66 22 \u2022 E. biuro@zakmet.pl \u2022 NIP 613-157-47-10 \u2022 REGON 360271020\" \/>\n<meta name=\"robots\" content=\"index, follow, max-snippet:-1, max-image-preview:large, max-video-preview:-1\" \/>\n<link rel=\"canonical\" href=\"https:\/\/zakmet.pl\/ru\/\u043a\u043e\u043d\u0442\u0430\u043a\u0442\/\" \/>\n<meta property=\"og:locale\" content=\"ru_RU\" \/>\n<meta property=\"og:type\" content=\"article\" \/>\n<meta property=\"og:title\" content=\"\u041a\u043e\u043d\u0442\u0430\u043a\u0442 &#8226; ZAKMET\" \/>\n<meta property=\"og:description\" content=\"ZAKMET s.c. \u2022 Ko\u015bcielniki \u015arednie 33 \u2022 59-820 Le\u015bna \u2022 T\/F. +48 75 721 66 22 \u2022 E. biuro@zakmet.pl \u2022 NIP 613-157-47-10 \u2022 REGON 360271020\" \/>\n<meta property=\"og:url\" content=\"https:\/\/zakmet.pl\/ru\/\u043a\u043e\u043d\u0442\u0430\u043a\u0442\/\" \/>\n<meta property=\"og:site_name\" content=\"ZAKMET\" \/>\n<meta property=\"article:publisher\" content=\"https:\/\/www.facebook.com\/zakmet.cncmachines\/\" \/>\n<meta property=\"article:modified_time\" content=\"2019-08-07T09:43:24+00:00\" \/>\n<meta property=\"og:image\" content=\"https:\/\/zakmet.pl\/wp-content\/uploads\/thumb.png\" \/>\n\t<meta property=\"og:image:width\" content=\"1200\" \/>\n\t<meta property=\"og:image:height\" content=\"628\" \/>\n\t<meta property=\"og:image:type\" content=\"image\/png\" \/>\n<meta name=\"twitter:card\" content=\"summary_large_image\" \/>\n<meta name=\"twitter:label1\" content=\"\u041f\u0440\u0438\u043c\u0435\u0440\u043d\u043e\u0435 \u0432\u0440\u0435\u043c\u044f \u0434\u043b\u044f \u0447\u0442\u0435\u043d\u0438\u044f\" \/>\n\t<meta name=\"twitter:data1\" content=\"1 \u043c\u0438\u043d\u0443\u0442\u0430\" \/>\n<script type=\"application\/ld+json\" class=\"yoast-schema-graph\">{\"@context\":\"https:\\\/\\\/schema.org\",\"@graph\":[{\"@type\":\"WebPage\",\"@id\":\"https:\\\/\\\/zakmet.pl\\\/ru\\\/%d0%ba%d0%be%d0%bd%d1%82%d0%b0%d0%ba%d1%82\\\/\",\"url\":\"https:\\\/\\\/zakmet.pl\\\/ru\\\/%d0%ba%d0%be%d0%bd%d1%82%d0%b0%d0%ba%d1%82\\\/\",\"name\":\"\u041a\u043e\u043d\u0442\u0430\u043a\u0442 &#8226; ZAKMET\",\"isPartOf\":{\"@id\":\"https:\\\/\\\/zakmet.pl\\\/#website\"},\"datePublished\":\"2016-03-30T09:25:26+00:00\",\"dateModified\":\"2019-08-07T09:43:24+00:00\",\"description\":\"ZAKMET s.c. \u2022 Ko\u015bcielniki \u015arednie 33 \u2022 59-820 Le\u015bna \u2022 T\\\/F. +48 75 721 66 22 \u2022 E. biuro@zakmet.pl \u2022 NIP 613-157-47-10 \u2022 REGON 360271020\",\"breadcrumb\":{\"@id\":\"https:\\\/\\\/zakmet.pl\\\/ru\\\/%d0%ba%d0%be%d0%bd%d1%82%d0%b0%d0%ba%d1%82\\\/#breadcrumb\"},\"inLanguage\":\"ru-RU\",\"potentialAction\":[{\"@type\":\"ReadAction\",\"target\":[\"https:\\\/\\\/zakmet.pl\\\/ru\\\/%d0%ba%d0%be%d0%bd%d1%82%d0%b0%d0%ba%d1%82\\\/\"]}]},{\"@type\":\"BreadcrumbList\",\"@id\":\"https:\\\/\\\/zakmet.pl\\\/ru\\\/%d0%ba%d0%be%d0%bd%d1%82%d0%b0%d0%ba%d1%82\\\/#breadcrumb\",\"itemListElement\":[{\"@type\":\"ListItem\",\"position\":1,\"name\":\"Strona g\u0142\u00f3wna\",\"item\":\"https:\\\/\\\/zakmet.pl\\\/ru\\\/\"},{\"@type\":\"ListItem\",\"position\":2,\"name\":\"\u041a\u043e\u043d\u0442\u0430\u043a\u0442\"}]},{\"@type\":\"WebSite\",\"@id\":\"https:\\\/\\\/zakmet.pl\\\/#website\",\"url\":\"https:\\\/\\\/zakmet.pl\\\/\",\"name\":\"ZAKMET\",\"description\":\"\",\"potentialAction\":[{\"@type\":\"SearchAction\",\"target\":{\"@type\":\"EntryPoint\",\"urlTemplate\":\"https:\\\/\\\/zakmet.pl\\\/?s={search_term_string}\"},\"query-input\":{\"@type\":\"PropertyValueSpecification\",\"valueRequired\":true,\"valueName\":\"search_term_string\"}}],\"inLanguage\":\"ru-RU\"}]}<\/script>\n<!-- \/ Yoast SEO plugin. -->","yoast_head_json":{"title":"\u041a\u043e\u043d\u0442\u0430\u043a\u0442 &#8226; ZAKMET","description":"ZAKMET s.c. \u2022 Ko\u015bcielniki \u015arednie 33 \u2022 59-820 Le\u015bna \u2022 T\/F. +48 75 721 66 22 \u2022 E. biuro@zakmet.pl \u2022 NIP 613-157-47-10 \u2022 REGON 360271020","robots":{"index":"index","follow":"follow","max-snippet":"max-snippet:-1","max-image-preview":"max-image-preview:large","max-video-preview":"max-video-preview:-1"},"canonical":"https:\/\/zakmet.pl\/ru\/\u043a\u043e\u043d\u0442\u0430\u043a\u0442\/","og_locale":"ru_RU","og_type":"article","og_title":"\u041a\u043e\u043d\u0442\u0430\u043a\u0442 &#8226; ZAKMET","og_description":"ZAKMET s.c. \u2022 Ko\u015bcielniki \u015arednie 33 \u2022 59-820 Le\u015bna \u2022 T\/F. +48 75 721 66 22 \u2022 E. biuro@zakmet.pl \u2022 NIP 613-157-47-10 \u2022 REGON 360271020","og_url":"https:\/\/zakmet.pl\/ru\/\u043a\u043e\u043d\u0442\u0430\u043a\u0442\/","og_site_name":"ZAKMET","article_publisher":"https:\/\/www.facebook.com\/zakmet.cncmachines\/","article_modified_time":"2019-08-07T09:43:24+00:00","og_image":[{"width":1200,"height":628,"url":"https:\/\/zakmet.pl\/wp-content\/uploads\/thumb.png","type":"image\/png"}],"twitter_card":"summary_large_image","twitter_misc":{"\u041f\u0440\u0438\u043c\u0435\u0440\u043d\u043e\u0435 \u0432\u0440\u0435\u043c\u044f \u0434\u043b\u044f \u0447\u0442\u0435\u043d\u0438\u044f":"1 \u043c\u0438\u043d\u0443\u0442\u0430"},"schema":{"@context":"https:\/\/schema.org","@graph":[{"@type":"WebPage","@id":"https:\/\/zakmet.pl\/ru\/%d0%ba%d0%be%d0%bd%d1%82%d0%b0%d0%ba%d1%82\/","url":"https:\/\/zakmet.pl\/ru\/%d0%ba%d0%be%d0%bd%d1%82%d0%b0%d0%ba%d1%82\/","name":"\u041a\u043e\u043d\u0442\u0430\u043a\u0442 &#8226; ZAKMET","isPartOf":{"@id":"https:\/\/zakmet.pl\/#website"},"datePublished":"2016-03-30T09:25:26+00:00","dateModified":"2019-08-07T09:43:24+00:00","description":"ZAKMET s.c. \u2022 Ko\u015bcielniki \u015arednie 33 \u2022 59-820 Le\u015bna \u2022 T\/F. +48 75 721 66 22 \u2022 E. biuro@zakmet.pl \u2022 NIP 613-157-47-10 \u2022 REGON 360271020","breadcrumb":{"@id":"https:\/\/zakmet.pl\/ru\/%d0%ba%d0%be%d0%bd%d1%82%d0%b0%d0%ba%d1%82\/#breadcrumb"},"inLanguage":"ru-RU","potentialAction":[{"@type":"ReadAction","target":["https:\/\/zakmet.pl\/ru\/%d0%ba%d0%be%d0%bd%d1%82%d0%b0%d0%ba%d1%82\/"]}]},{"@type":"BreadcrumbList","@id":"https:\/\/zakmet.pl\/ru\/%d0%ba%d0%be%d0%bd%d1%82%d0%b0%d0%ba%d1%82\/#breadcrumb","itemListElement":[{"@type":"ListItem","position":1,"name":"Strona g\u0142\u00f3wna","item":"https:\/\/zakmet.pl\/ru\/"},{"@type":"ListItem","position":2,"name":"\u041a\u043e\u043d\u0442\u0430\u043a\u0442"}]},{"@type":"WebSite","@id":"https:\/\/zakmet.pl\/#website","url":"https:\/\/zakmet.pl\/","name":"ZAKMET","description":"","potentialAction":[{"@type":"SearchAction","target":{"@type":"EntryPoint","urlTemplate":"https:\/\/zakmet.pl\/?s={search_term_string}"},"query-input":{"@type":"PropertyValueSpecification","valueRequired":true,"valueName":"search_term_string"}}],"inLanguage":"ru-RU"}]}},"_links":{"self":[{"href":"https:\/\/zakmet.pl\/ru\/wp-json\/wp\/v2\/pages\/944","targetHints":{"allow":["GET"]}}],"collection":[{"href":"https:\/\/zakmet.pl\/ru\/wp-json\/wp\/v2\/pages"}],"about":[{"href":"https:\/\/zakmet.pl\/ru\/wp-json\/wp\/v2\/types\/page"}],"author":[{"embeddable":true,"href":"https:\/\/zakmet.pl\/ru\/wp-json\/wp\/v2\/users\/1"}],"replies":[{"embeddable":true,"href":"https:\/\/zakmet.pl\/ru\/wp-json\/wp\/v2\/comments?post=944"}],"version-history":[{"count":8,"href":"https:\/\/zakmet.pl\/ru\/wp-json\/wp\/v2\/pages\/944\/revisions"}],"predecessor-version":[{"id":1864,"href":"https:\/\/zakmet.pl\/ru\/wp-json\/wp\/v2\/pages\/944\/revisions\/1864"}],"wp:attachment":[{"href":"https:\/\/zakmet.pl\/ru\/wp-json\/wp\/v2\/media?parent=944"}],"curies":[{"name":"wp","href":"https:\/\/api.w.org\/{rel}","templated":true}]}}