{"id":655,"date":"2016-03-30T11:25:26","date_gmt":"2016-03-30T09:25:26","guid":{"rendered":"http:\/\/zakmet.pl\/en\/kontakt\/"},"modified":"2019-08-07T11:37:44","modified_gmt":"2019-08-07T09:37:44","slug":"contact","status":"publish","type":"page","link":"https:\/\/zakmet.pl\/en\/contact\/","title":{"rendered":"Contact"},"content":{"rendered":"<div class=\"wpb-content-wrapper\">[mk_page_section min_height=&#8221;0&#8243; padding_top=&#8221;45&#8243; padding_bottom=&#8221;0&#8243; sidebar=&#8221;sidebar-1&#8243;][vc_column width=&#8221;1\/2&#8243;][vc_row_inner attached=&#8221;true&#8221; animation=&#8221;left-to-right&#8221;][vc_column_inner][mk_advanced_gmaps latitude=&#8221;51.060678&#8243; longitude=&#8221;15.279798&#8243; address=&#8221;<strong>ZAKMET s.c.<\/strong><br \/>\nKo\u015bcielniki \u015arednie 33<br \/>\n59-820 Le\u015bna&#8221; latitude_2=&#8221;51.100540&#8243; longitude_2=&#8221;15.303738&#8243; address_2=&#8221;<strong>PRODUKTION AND SERVICES<\/strong><br \/>\nul. \u017bwirowa 3, Uniegoszcz<br \/>\n59-800 Luba\u0144&#8221; pin_icon=&#8221;\/wp-content\/uploads\/marker.svg&#8221; content_font_color=&#8221;#ffffff&#8221; height=&#8221;674&#8243; map_zoom=&#8221;13&#8243; modify_coloring=&#8221;true&#8221; hue=&#8221;#cccccc&#8221; saturation=&#8221;-100&#8243; lightness=&#8221;0&#8243; el_class=&#8221;etykieta&#8221; zoom=&#8221;10&#8243;][\/vc_column_inner][\/vc_row_inner][mk_padding_divider size=&#8221;45&#8243;][\/vc_column][vc_column width=&#8221;1\/2&#8243;][vc_row_inner animation=&#8221;right-to-left&#8221;][vc_column_inner width=&#8221;1\/2&#8243;][vc_column_text margin_bottom=&#8221;20&#8243; animation=&#8221;top-to-bottom&#8221;]<strong>ZAKMET s.c.<\/strong><br \/>\nKo\u015bcielniki \u015arednie 33<br \/>\n59-820 Le\u015bna<\/p>\n<p><strong>T\/F.<\/strong>\u00a0+48 75 721 66 22<br \/>\n<strong>E.<\/strong> biuro@zakmet.pl<\/p>\n<p><strong>NIP<\/strong>\u00a0613-157-47-10<br \/>\n<strong>REGON<\/strong>\u00a0360271020[\/vc_column_text][\/vc_column_inner][vc_column_inner width=&#8221;1\/2&#8243;][vc_column_text margin_bottom=&#8221;20&#8243; animation=&#8221;right-to-left&#8221;]<strong>PRODUKTION AND SERVICES<\/strong><br \/>\nul. \u017bwirowa 3, Uniegoszcz<br \/>\n59-800 Luba\u0144<br \/>\n<strong>E.<\/strong> produkcja@zakmet.pl[\/vc_column_text][vc_column_text margin_bottom=&#8221;20&#8243; animation=&#8221;bottom-to-top&#8221;]<strong>ACCOUNTANCY<\/strong><br \/>\n<strong>T.<\/strong> +48 75 721 43 43[\/vc_column_text][\/vc_column_inner][\/vc_row_inner][vc_row_inner attached=&#8221;true&#8221; animation=&#8221;flip-y&#8221;][vc_column_inner][\/vc_column_inner][\/vc_row_inner][\/vc_column][\/mk_page_section][mk_page_section min_height=&#8221;0&#8243; padding_top=&#8221;0&#8243; padding_bottom=&#8221;45&#8243; sidebar=&#8221;sidebar-1&#8243;][vc_column width=&#8221;1\/4&#8243;][vc_column_text margin_bottom=&#8221;20&#8243;]<strong>MARKETING<\/strong><br \/>\n<strong>T.<\/strong> +48 519 141 204[\/vc_column_text][\/vc_column][vc_column width=&#8221;1\/4&#8243;][vc_column_text margin_bottom=&#8221;20&#8243;]<strong>SALES<br \/>\nT.<\/strong> +48 505 104 945[\/vc_column_text][\/vc_column][vc_column width=&#8221;1\/4&#8243;][vc_column_text margin_bottom=&#8221;20&#8243;]<strong>SUPPLY<br \/>\nT.<\/strong>\u00a0+48 505 104 943<br \/>\n<strong>E.<\/strong> sklep@zakmet.pl[\/vc_column_text][\/vc_column][vc_column width=&#8221;1\/4&#8243;][vc_column_text]<strong>SERVICE<\/strong><br \/>\n<strong>F.<\/strong> +48 75 721 66 22<br \/>\n<strong>E.<\/strong> serwis@zakmet.pl[\/vc_column_text][\/vc_column][\/mk_page_section]\n<\/div>","protected":false},"excerpt":{"rendered":"<p>[mk_page_section min_height=&#8221;0&#8243; padding_top=&#8221;45&#8243; padding_bottom=&#8221;0&#8243; sidebar=&#8221;sidebar-1&#8243;][vc_column width=&#8221;1\/2&#8243;][vc_row_inner attached=&#8221;true&#8221; animation=&#8221;left-to-right&#8221;][vc_column_inner][mk_advanced_gmaps latitude=&#8221;51.060678&#8243; longitude=&#8221;15.279798&#8243; address=&#8221;ZAKMET s.c. Ko\u015bcielniki \u015arednie 33 59-820 Le\u015bna&#8221; latitude_2=&#8221;51.100540&#8243; longitude_2=&#8221;15.303738&#8243; address_2=&#8221;PRODUKTION AND SERVICES ul. \u017bwirowa 3, Uniegoszcz 59-800 Luba\u0144&#8221; pin_icon=&#8221;\/wp-content\/uploads\/marker.svg&#8221; content_font_color=&#8221;#ffffff&#8221; height=&#8221;674&#8243; map_zoom=&#8221;13&#8243; modify_coloring=&#8221;true&#8221; hue=&#8221;#cccccc&#8221; saturation=&#8221;-100&#8243; lightness=&#8221;0&#8243; el_class=&#8221;etykieta&#8221; zoom=&#8221;10&#8243;][\/vc_column_inner][\/vc_row_inner][mk_padding_divider size=&#8221;45&#8243;][\/vc_column][vc_column width=&#8221;1\/2&#8243;][vc_row_inner animation=&#8221;right-to-left&#8221;][vc_column_inner width=&#8221;1\/2&#8243;][vc_column_text margin_bottom=&#8221;20&#8243; animation=&#8221;top-to-bottom&#8221;]ZAKMET s.c. Ko\u015bcielniki \u015arednie 33 59-820 Le\u015bna T\/F.\u00a0+48 75 721 66 22 [&hellip;]<\/p>\n","protected":false},"author":1,"featured_media":524,"parent":0,"menu_order":8,"comment_status":"closed","ping_status":"closed","template":"","meta":{"footnotes":""},"class_list":["post-655","page","type-page","status-publish","has-post-thumbnail","hentry"],"yoast_head":"<!-- This site is optimized with the Yoast SEO plugin v27.4 - https:\/\/yoast.com\/product\/yoast-seo-wordpress\/ -->\n<title>Contact &#8226; ZAKMET<\/title>\n<meta name=\"description\" content=\"ZAKMET s.c. \u2022 Ko\u015bcielniki \u015arednie 33 \u2022 59-820 Le\u015bna \u2022 T\/F. +48 75 721 66 22 \u2022 E. biuro@zakmet.pl \u2022 NIP 613-157-47-10 \u2022 REGON 360271020\" \/>\n<meta name=\"robots\" content=\"index, follow, max-snippet:-1, max-image-preview:large, max-video-preview:-1\" \/>\n<link rel=\"canonical\" href=\"https:\/\/zakmet.pl\/en\/contact\/\" \/>\n<meta property=\"og:locale\" content=\"en_US\" \/>\n<meta property=\"og:type\" content=\"article\" \/>\n<meta property=\"og:title\" content=\"Contact &#8226; ZAKMET\" \/>\n<meta property=\"og:description\" content=\"ZAKMET s.c. \u2022 Ko\u015bcielniki \u015arednie 33 \u2022 59-820 Le\u015bna \u2022 T\/F. +48 75 721 66 22 \u2022 E. biuro@zakmet.pl \u2022 NIP 613-157-47-10 \u2022 REGON 360271020\" \/>\n<meta property=\"og:url\" content=\"https:\/\/zakmet.pl\/en\/contact\/\" \/>\n<meta property=\"og:site_name\" content=\"ZAKMET\" \/>\n<meta property=\"article:publisher\" content=\"https:\/\/www.facebook.com\/zakmet.cncmachines\/\" \/>\n<meta property=\"article:modified_time\" content=\"2019-08-07T09:37:44+00:00\" \/>\n<meta property=\"og:image\" content=\"https:\/\/zakmet.pl\/wp-content\/uploads\/thumb.png\" \/>\n\t<meta property=\"og:image:width\" content=\"1200\" \/>\n\t<meta property=\"og:image:height\" content=\"628\" \/>\n\t<meta property=\"og:image:type\" content=\"image\/png\" \/>\n<meta name=\"twitter:card\" content=\"summary_large_image\" \/>\n<meta name=\"twitter:label1\" content=\"Est. reading time\" \/>\n\t<meta name=\"twitter:data1\" content=\"1 minute\" \/>\n<script type=\"application\/ld+json\" class=\"yoast-schema-graph\">{\"@context\":\"https:\\\/\\\/schema.org\",\"@graph\":[{\"@type\":\"WebPage\",\"@id\":\"https:\\\/\\\/zakmet.pl\\\/en\\\/contact\\\/\",\"url\":\"https:\\\/\\\/zakmet.pl\\\/en\\\/contact\\\/\",\"name\":\"Contact &#8226; ZAKMET\",\"isPartOf\":{\"@id\":\"https:\\\/\\\/zakmet.pl\\\/#website\"},\"primaryImageOfPage\":{\"@id\":\"https:\\\/\\\/zakmet.pl\\\/en\\\/contact\\\/#primaryimage\"},\"image\":{\"@id\":\"https:\\\/\\\/zakmet.pl\\\/en\\\/contact\\\/#primaryimage\"},\"thumbnailUrl\":\"https:\\\/\\\/zakmet.pl\\\/wp-content\\\/uploads\\\/thumb.png\",\"datePublished\":\"2016-03-30T09:25:26+00:00\",\"dateModified\":\"2019-08-07T09:37:44+00:00\",\"description\":\"ZAKMET s.c. \u2022 Ko\u015bcielniki \u015arednie 33 \u2022 59-820 Le\u015bna \u2022 T\\\/F. +48 75 721 66 22 \u2022 E. biuro@zakmet.pl \u2022 NIP 613-157-47-10 \u2022 REGON 360271020\",\"breadcrumb\":{\"@id\":\"https:\\\/\\\/zakmet.pl\\\/en\\\/contact\\\/#breadcrumb\"},\"inLanguage\":\"en-US\",\"potentialAction\":[{\"@type\":\"ReadAction\",\"target\":[\"https:\\\/\\\/zakmet.pl\\\/en\\\/contact\\\/\"]}]},{\"@type\":\"ImageObject\",\"inLanguage\":\"en-US\",\"@id\":\"https:\\\/\\\/zakmet.pl\\\/en\\\/contact\\\/#primaryimage\",\"url\":\"https:\\\/\\\/zakmet.pl\\\/wp-content\\\/uploads\\\/thumb.png\",\"contentUrl\":\"https:\\\/\\\/zakmet.pl\\\/wp-content\\\/uploads\\\/thumb.png\",\"width\":1200,\"height\":628},{\"@type\":\"BreadcrumbList\",\"@id\":\"https:\\\/\\\/zakmet.pl\\\/en\\\/contact\\\/#breadcrumb\",\"itemListElement\":[{\"@type\":\"ListItem\",\"position\":1,\"name\":\"Strona g\u0142\u00f3wna\",\"item\":\"https:\\\/\\\/zakmet.pl\\\/en\\\/\"},{\"@type\":\"ListItem\",\"position\":2,\"name\":\"Contact\"}]},{\"@type\":\"WebSite\",\"@id\":\"https:\\\/\\\/zakmet.pl\\\/#website\",\"url\":\"https:\\\/\\\/zakmet.pl\\\/\",\"name\":\"ZAKMET\",\"description\":\"\",\"potentialAction\":[{\"@type\":\"SearchAction\",\"target\":{\"@type\":\"EntryPoint\",\"urlTemplate\":\"https:\\\/\\\/zakmet.pl\\\/?s={search_term_string}\"},\"query-input\":{\"@type\":\"PropertyValueSpecification\",\"valueRequired\":true,\"valueName\":\"search_term_string\"}}],\"inLanguage\":\"en-US\"}]}<\/script>\n<!-- \/ Yoast SEO plugin. -->","yoast_head_json":{"title":"Contact &#8226; ZAKMET","description":"ZAKMET s.c. \u2022 Ko\u015bcielniki \u015arednie 33 \u2022 59-820 Le\u015bna \u2022 T\/F. +48 75 721 66 22 \u2022 E. biuro@zakmet.pl \u2022 NIP 613-157-47-10 \u2022 REGON 360271020","robots":{"index":"index","follow":"follow","max-snippet":"max-snippet:-1","max-image-preview":"max-image-preview:large","max-video-preview":"max-video-preview:-1"},"canonical":"https:\/\/zakmet.pl\/en\/contact\/","og_locale":"en_US","og_type":"article","og_title":"Contact &#8226; ZAKMET","og_description":"ZAKMET s.c. \u2022 Ko\u015bcielniki \u015arednie 33 \u2022 59-820 Le\u015bna \u2022 T\/F. +48 75 721 66 22 \u2022 E. biuro@zakmet.pl \u2022 NIP 613-157-47-10 \u2022 REGON 360271020","og_url":"https:\/\/zakmet.pl\/en\/contact\/","og_site_name":"ZAKMET","article_publisher":"https:\/\/www.facebook.com\/zakmet.cncmachines\/","article_modified_time":"2019-08-07T09:37:44+00:00","og_image":[{"width":1200,"height":628,"url":"https:\/\/zakmet.pl\/wp-content\/uploads\/thumb.png","type":"image\/png"}],"twitter_card":"summary_large_image","twitter_misc":{"Est. reading time":"1 minute"},"schema":{"@context":"https:\/\/schema.org","@graph":[{"@type":"WebPage","@id":"https:\/\/zakmet.pl\/en\/contact\/","url":"https:\/\/zakmet.pl\/en\/contact\/","name":"Contact &#8226; ZAKMET","isPartOf":{"@id":"https:\/\/zakmet.pl\/#website"},"primaryImageOfPage":{"@id":"https:\/\/zakmet.pl\/en\/contact\/#primaryimage"},"image":{"@id":"https:\/\/zakmet.pl\/en\/contact\/#primaryimage"},"thumbnailUrl":"https:\/\/zakmet.pl\/wp-content\/uploads\/thumb.png","datePublished":"2016-03-30T09:25:26+00:00","dateModified":"2019-08-07T09:37:44+00:00","description":"ZAKMET s.c. \u2022 Ko\u015bcielniki \u015arednie 33 \u2022 59-820 Le\u015bna \u2022 T\/F. +48 75 721 66 22 \u2022 E. biuro@zakmet.pl \u2022 NIP 613-157-47-10 \u2022 REGON 360271020","breadcrumb":{"@id":"https:\/\/zakmet.pl\/en\/contact\/#breadcrumb"},"inLanguage":"en-US","potentialAction":[{"@type":"ReadAction","target":["https:\/\/zakmet.pl\/en\/contact\/"]}]},{"@type":"ImageObject","inLanguage":"en-US","@id":"https:\/\/zakmet.pl\/en\/contact\/#primaryimage","url":"https:\/\/zakmet.pl\/wp-content\/uploads\/thumb.png","contentUrl":"https:\/\/zakmet.pl\/wp-content\/uploads\/thumb.png","width":1200,"height":628},{"@type":"BreadcrumbList","@id":"https:\/\/zakmet.pl\/en\/contact\/#breadcrumb","itemListElement":[{"@type":"ListItem","position":1,"name":"Strona g\u0142\u00f3wna","item":"https:\/\/zakmet.pl\/en\/"},{"@type":"ListItem","position":2,"name":"Contact"}]},{"@type":"WebSite","@id":"https:\/\/zakmet.pl\/#website","url":"https:\/\/zakmet.pl\/","name":"ZAKMET","description":"","potentialAction":[{"@type":"SearchAction","target":{"@type":"EntryPoint","urlTemplate":"https:\/\/zakmet.pl\/?s={search_term_string}"},"query-input":{"@type":"PropertyValueSpecification","valueRequired":true,"valueName":"search_term_string"}}],"inLanguage":"en-US"}]}},"_links":{"self":[{"href":"https:\/\/zakmet.pl\/en\/wp-json\/wp\/v2\/pages\/655","targetHints":{"allow":["GET"]}}],"collection":[{"href":"https:\/\/zakmet.pl\/en\/wp-json\/wp\/v2\/pages"}],"about":[{"href":"https:\/\/zakmet.pl\/en\/wp-json\/wp\/v2\/types\/page"}],"author":[{"embeddable":true,"href":"https:\/\/zakmet.pl\/en\/wp-json\/wp\/v2\/users\/1"}],"replies":[{"embeddable":true,"href":"https:\/\/zakmet.pl\/en\/wp-json\/wp\/v2\/comments?post=655"}],"version-history":[{"count":9,"href":"https:\/\/zakmet.pl\/en\/wp-json\/wp\/v2\/pages\/655\/revisions"}],"predecessor-version":[{"id":1862,"href":"https:\/\/zakmet.pl\/en\/wp-json\/wp\/v2\/pages\/655\/revisions\/1862"}],"wp:featuredmedia":[{"embeddable":true,"href":"https:\/\/zakmet.pl\/en\/wp-json\/wp\/v2\/media\/524"}],"wp:attachment":[{"href":"https:\/\/zakmet.pl\/en\/wp-json\/wp\/v2\/media?parent=655"}],"curies":[{"name":"wp","href":"https:\/\/api.w.org\/{rel}","templated":true}]}}