{"id":646,"date":"2016-03-30T16:36:11","date_gmt":"2016-03-30T14:36:11","guid":{"rendered":"http:\/\/zakmet.pl\/en\/knowledge-base\/ciecie-laserem\/"},"modified":"2016-05-05T15:15:44","modified_gmt":"2016-05-05T13:15:44","slug":"laser-cutting","status":"publish","type":"page","link":"https:\/\/zakmet.pl\/en\/knowledge-base\/laser-cutting\/","title":{"rendered":"Laser cutting"},"content":{"rendered":"[mk_page_section min_height=&#8221;0&#8243; padding_top=&#8221;45&#8243; padding_bottom=&#8221;25&#8243; sidebar=&#8221;sidebar-1&#8243;][vc_column][vc_column_text animation=&#8221;bottom-to-top&#8221;]<strong>Laser cutting<\/strong> is a process in which the energy of the laser beam results in local melting or melting and evaporation of cutting material. In addition, the inert or reactive gas flow is used for blows out of the cut area a material pair and molten metal.<\/p>\n<p>Laser cutting mechanism is very complex and depend largely on the physical properties of the material and laser beam parameters. It acts as a linear heat source, forming a stable cutting eye. Along with moving laser beam molten metal moves in the opposite direction. The gas that is given along the beam axis at the correct pressure is removed the resulting molten metal from the gap before its solidification, and the cut edges is left only a thin layer of solidified material. The most commonly gases used to accompany this process are air, oxygen, argon and nitrogen. ZAKMET uses nitrogen \u2013 it is also one of the most popular gases used for cutting stainless steels, aluminium alloys and a nikel to a thickness of 3,0 mm.<\/p>\n<p>The main advantages of laser cutting is a <strong>very high speed<\/strong> of the process, limited only by the Power of the laser beam, and also the process keeps<strong> high accurancy and quality of the cutting edges.<\/strong> But too low speed damage the cutting edges, reducing by this quality, while excessive speed leads to a lack of intersection in the entire thickness.<\/p>\n<p>Laser cutting process can be carried out manualny, but primarily used automatic and robotic systems with numerical control. The laser is increasingly used in industry for cutting various materials, both metallic and nonmetallic with thickness up to 32 mm. Companies use Nd:YAG laser with a power of 20 kW and gas CO2 by up to 40 kW. For the CO2 laser beam transmission from source to the cutting head shall be expensive and troublesome to maintain systems, and beam Nd:YAG fiber laser can be sent \u2013 the technology is new to the market, called the Fiber. Its main advantages are high efficiency, better performance, reliability, energy efficiency and durability.[\/vc_column_text][\/vc_column][\/mk_page_section]\n","protected":false},"excerpt":{"rendered":"<p>[mk_page_section min_height=&#8221;0&#8243; padding_top=&#8221;45&#8243; padding_bottom=&#8221;25&#8243; sidebar=&#8221;sidebar-1&#8243;][vc_column][vc_column_text animation=&#8221;bottom-to-top&#8221;]Laser cutting is a process in which the energy of the laser beam results in local melting or melting and evaporation of cutting material. In addition, the inert or reactive gas flow is used for blows out of the cut area a material pair and molten metal. Laser cutting mechanism [&hellip;]<\/p>\n","protected":false},"author":1,"featured_media":0,"parent":620,"menu_order":63,"comment_status":"closed","ping_status":"closed","template":"","meta":{"footnotes":""},"class_list":["post-646","page","type-page","status-publish","hentry"],"yoast_head":"<!-- This site is optimized with the Yoast SEO plugin v27.5 - https:\/\/yoast.com\/product\/yoast-seo-wordpress\/ -->\n<title>Laser cutting &#8226; ZAKMET<\/title>\n<meta name=\"description\" content=\"Ci\u0119cie laserem to proces, w kt\u00f3rym energia wi\u0105zki lasera stapia rozdzielany materia\u0142.\" \/>\n<meta name=\"robots\" content=\"index, follow, max-snippet:-1, max-image-preview:large, max-video-preview:-1\" \/>\n<link rel=\"canonical\" href=\"https:\/\/zakmet.pl\/en\/knowledge-base\/laser-cutting\/\" \/>\n<meta property=\"og:locale\" content=\"en_US\" \/>\n<meta property=\"og:type\" content=\"article\" \/>\n<meta property=\"og:title\" content=\"Laser cutting &#8226; ZAKMET\" \/>\n<meta property=\"og:description\" content=\"Ci\u0119cie laserem to proces, w kt\u00f3rym energia wi\u0105zki lasera stapia rozdzielany materia\u0142.\" \/>\n<meta property=\"og:url\" content=\"https:\/\/zakmet.pl\/en\/knowledge-base\/laser-cutting\/\" \/>\n<meta property=\"og:site_name\" content=\"ZAKMET\" \/>\n<meta property=\"article:publisher\" content=\"https:\/\/www.facebook.com\/zakmet.cncmachines\/\" \/>\n<meta property=\"article:modified_time\" content=\"2016-05-05T13:15:44+00:00\" \/>\n<meta property=\"og:image\" content=\"https:\/\/zakmet.pl\/wp-content\/uploads\/thumb.png\" \/>\n\t<meta property=\"og:image:width\" content=\"1200\" \/>\n\t<meta property=\"og:image:height\" content=\"628\" \/>\n\t<meta property=\"og:image:type\" content=\"image\/png\" \/>\n<meta name=\"twitter:card\" content=\"summary_large_image\" \/>\n<meta name=\"twitter:label1\" content=\"Est. reading time\" \/>\n\t<meta name=\"twitter:data1\" content=\"2 minutes\" \/>\n<script type=\"application\/ld+json\" class=\"yoast-schema-graph\">{\"@context\":\"https:\\\/\\\/schema.org\",\"@graph\":[{\"@type\":\"WebPage\",\"@id\":\"https:\\\/\\\/zakmet.pl\\\/en\\\/knowledge-base\\\/laser-cutting\\\/\",\"url\":\"https:\\\/\\\/zakmet.pl\\\/en\\\/knowledge-base\\\/laser-cutting\\\/\",\"name\":\"Laser cutting &#8226; ZAKMET\",\"isPartOf\":{\"@id\":\"https:\\\/\\\/zakmet.pl\\\/#website\"},\"datePublished\":\"2016-03-30T14:36:11+00:00\",\"dateModified\":\"2016-05-05T13:15:44+00:00\",\"description\":\"Ci\u0119cie laserem to proces, w kt\u00f3rym energia wi\u0105zki lasera stapia rozdzielany materia\u0142.\",\"breadcrumb\":{\"@id\":\"https:\\\/\\\/zakmet.pl\\\/en\\\/knowledge-base\\\/laser-cutting\\\/#breadcrumb\"},\"inLanguage\":\"en-US\",\"potentialAction\":[{\"@type\":\"ReadAction\",\"target\":[\"https:\\\/\\\/zakmet.pl\\\/en\\\/knowledge-base\\\/laser-cutting\\\/\"]}]},{\"@type\":\"BreadcrumbList\",\"@id\":\"https:\\\/\\\/zakmet.pl\\\/en\\\/knowledge-base\\\/laser-cutting\\\/#breadcrumb\",\"itemListElement\":[{\"@type\":\"ListItem\",\"position\":1,\"name\":\"Strona g\u0142\u00f3wna\",\"item\":\"https:\\\/\\\/zakmet.pl\\\/en\\\/\"},{\"@type\":\"ListItem\",\"position\":2,\"name\":\"Knowledge base\",\"item\":\"https:\\\/\\\/zakmet.pl\\\/en\\\/knowledge-base\\\/\"},{\"@type\":\"ListItem\",\"position\":3,\"name\":\"Laser cutting\"}]},{\"@type\":\"WebSite\",\"@id\":\"https:\\\/\\\/zakmet.pl\\\/#website\",\"url\":\"https:\\\/\\\/zakmet.pl\\\/\",\"name\":\"ZAKMET\",\"description\":\"\",\"potentialAction\":[{\"@type\":\"SearchAction\",\"target\":{\"@type\":\"EntryPoint\",\"urlTemplate\":\"https:\\\/\\\/zakmet.pl\\\/?s={search_term_string}\"},\"query-input\":{\"@type\":\"PropertyValueSpecification\",\"valueRequired\":true,\"valueName\":\"search_term_string\"}}],\"inLanguage\":\"en-US\"}]}<\/script>\n<!-- \/ Yoast SEO plugin. -->","yoast_head_json":{"title":"Laser cutting &#8226; ZAKMET","description":"Ci\u0119cie laserem to proces, w kt\u00f3rym energia wi\u0105zki lasera stapia rozdzielany materia\u0142.","robots":{"index":"index","follow":"follow","max-snippet":"max-snippet:-1","max-image-preview":"max-image-preview:large","max-video-preview":"max-video-preview:-1"},"canonical":"https:\/\/zakmet.pl\/en\/knowledge-base\/laser-cutting\/","og_locale":"en_US","og_type":"article","og_title":"Laser cutting &#8226; ZAKMET","og_description":"Ci\u0119cie laserem to proces, w kt\u00f3rym energia wi\u0105zki lasera stapia rozdzielany materia\u0142.","og_url":"https:\/\/zakmet.pl\/en\/knowledge-base\/laser-cutting\/","og_site_name":"ZAKMET","article_publisher":"https:\/\/www.facebook.com\/zakmet.cncmachines\/","article_modified_time":"2016-05-05T13:15:44+00:00","og_image":[{"width":1200,"height":628,"url":"https:\/\/zakmet.pl\/wp-content\/uploads\/thumb.png","type":"image\/png"}],"twitter_card":"summary_large_image","twitter_misc":{"Est. reading time":"2 minutes"},"schema":{"@context":"https:\/\/schema.org","@graph":[{"@type":"WebPage","@id":"https:\/\/zakmet.pl\/en\/knowledge-base\/laser-cutting\/","url":"https:\/\/zakmet.pl\/en\/knowledge-base\/laser-cutting\/","name":"Laser cutting &#8226; ZAKMET","isPartOf":{"@id":"https:\/\/zakmet.pl\/#website"},"datePublished":"2016-03-30T14:36:11+00:00","dateModified":"2016-05-05T13:15:44+00:00","description":"Ci\u0119cie laserem to proces, w kt\u00f3rym energia wi\u0105zki lasera stapia rozdzielany materia\u0142.","breadcrumb":{"@id":"https:\/\/zakmet.pl\/en\/knowledge-base\/laser-cutting\/#breadcrumb"},"inLanguage":"en-US","potentialAction":[{"@type":"ReadAction","target":["https:\/\/zakmet.pl\/en\/knowledge-base\/laser-cutting\/"]}]},{"@type":"BreadcrumbList","@id":"https:\/\/zakmet.pl\/en\/knowledge-base\/laser-cutting\/#breadcrumb","itemListElement":[{"@type":"ListItem","position":1,"name":"Strona g\u0142\u00f3wna","item":"https:\/\/zakmet.pl\/en\/"},{"@type":"ListItem","position":2,"name":"Knowledge base","item":"https:\/\/zakmet.pl\/en\/knowledge-base\/"},{"@type":"ListItem","position":3,"name":"Laser cutting"}]},{"@type":"WebSite","@id":"https:\/\/zakmet.pl\/#website","url":"https:\/\/zakmet.pl\/","name":"ZAKMET","description":"","potentialAction":[{"@type":"SearchAction","target":{"@type":"EntryPoint","urlTemplate":"https:\/\/zakmet.pl\/?s={search_term_string}"},"query-input":{"@type":"PropertyValueSpecification","valueRequired":true,"valueName":"search_term_string"}}],"inLanguage":"en-US"}]}},"_links":{"self":[{"href":"https:\/\/zakmet.pl\/en\/wp-json\/wp\/v2\/pages\/646","targetHints":{"allow":["GET"]}}],"collection":[{"href":"https:\/\/zakmet.pl\/en\/wp-json\/wp\/v2\/pages"}],"about":[{"href":"https:\/\/zakmet.pl\/en\/wp-json\/wp\/v2\/types\/page"}],"author":[{"embeddable":true,"href":"https:\/\/zakmet.pl\/en\/wp-json\/wp\/v2\/users\/1"}],"replies":[{"embeddable":true,"href":"https:\/\/zakmet.pl\/en\/wp-json\/wp\/v2\/comments?post=646"}],"version-history":[{"count":2,"href":"https:\/\/zakmet.pl\/en\/wp-json\/wp\/v2\/pages\/646\/revisions"}],"predecessor-version":[{"id":648,"href":"https:\/\/zakmet.pl\/en\/wp-json\/wp\/v2\/pages\/646\/revisions\/648"}],"up":[{"embeddable":true,"href":"https:\/\/zakmet.pl\/en\/wp-json\/wp\/v2\/pages\/620"}],"wp:attachment":[{"href":"https:\/\/zakmet.pl\/en\/wp-json\/wp\/v2\/media?parent=646"}],"curies":[{"name":"wp","href":"https:\/\/api.w.org\/{rel}","templated":true}]}}