{"id":790,"date":"2016-03-30T16:39:47","date_gmt":"2016-03-30T14:39:47","guid":{"rendered":"http:\/\/zakmet.pl\/de\/datenbank\/ciecie-woda\/"},"modified":"2016-05-05T15:16:24","modified_gmt":"2016-05-05T13:16:24","slug":"wasserstrahlschneiden","status":"publish","type":"page","link":"https:\/\/zakmet.pl\/de\/datenbank\/wasserstrahlschneiden\/","title":{"rendered":"Wasserstrahlschneiden"},"content":{"rendered":"[mk_page_section min_height=&#8220;0&#8243; padding_top=&#8220;45&#8243; padding_bottom=&#8220;25&#8243; sidebar=&#8220;sidebar-1&#8243;][vc_column][vc_column_text animation=&#8220;bottom-to-top&#8220;]<strong>Wasserstrahlschneiden<\/strong> ist ein Kaltschneidverfahren, das zu den Brennschneidverfahren in gewisser Konkurrenz steht. Im Hinblick auf hohe Schnittqualit\u00e4t und keine thermische Ver\u00e4nderung des Materials (die Temperatur liegt unter 100\u00b0C) ist dieser Prozess eine ernstzunehmende Alternative. Das Trennen wird durch den Einsatz von einem Wasserstrahl mit ca. 4000 Bar Druck durchgef\u00fchrt, der durch eine D\u00fcse mit kleinem Durchmesser str\u00f6mt. Dabei wird ein koh\u00e4renter Wasserstrahl erzeugt der mit dreifacher Schallgeschwindigkeit aus der D\u00fcse flie\u00dft.<\/p>\n<p>Diese Schneidmethode, durchgef\u00fchrt mit Hilfe von numerisch gesteuerten Maschinen wie &#8222;Waterjet&#8220; bringt viele Vorteile mit sich. Die Struktur des Werkst\u00fccks <strong>wird nicht beeinflusst, es werden keine Gase oder Partikel freigesetzt, die Qualit\u00e4t der Schnittkanten ist sehr gut<\/strong>. Mit Wasserstrahlschneiden werden vor allem Werkstoffe wie Keramik, Kunststoffe, Glas und Verbundwerkstoffe bearbeitet.[\/vc_column_text][\/vc_column][\/mk_page_section]\n","protected":false},"excerpt":{"rendered":"<p>[mk_page_section min_height=&#8220;0&#8243; padding_top=&#8220;45&#8243; padding_bottom=&#8220;25&#8243; sidebar=&#8220;sidebar-1&#8243;][vc_column][vc_column_text animation=&#8220;bottom-to-top&#8220;]Wasserstrahlschneiden ist ein Kaltschneidverfahren, das zu den Brennschneidverfahren in gewisser Konkurrenz steht. Im Hinblick auf hohe Schnittqualit\u00e4t und keine thermische Ver\u00e4nderung des Materials (die Temperatur liegt unter 100\u00b0C) ist dieser Prozess eine ernstzunehmende Alternative. Das Trennen wird durch den Einsatz von einem Wasserstrahl mit ca. 4000 Bar Druck durchgef\u00fchrt, der [&hellip;]<\/p>\n","protected":false},"author":1,"featured_media":481,"parent":778,"menu_order":64,"comment_status":"closed","ping_status":"closed","template":"","meta":{"footnotes":""},"class_list":["post-790","page","type-page","status-publish","has-post-thumbnail","hentry"],"yoast_head":"<!-- This site is optimized with the Yoast SEO plugin v27.4 - https:\/\/yoast.com\/product\/yoast-seo-wordpress\/ -->\n<title>Wasserstrahlschneiden \u2022 Datenbank \u2022 ZAKMET<\/title>\n<meta name=\"description\" content=\"Wasserstrahlschneiden ist ein Kaltschneidverfahren, das zu den Brennschneidverfahren in gewisser Konkurrenz steht.\" \/>\n<meta name=\"robots\" content=\"index, follow, max-snippet:-1, max-image-preview:large, max-video-preview:-1\" \/>\n<link rel=\"canonical\" href=\"https:\/\/zakmet.pl\/de\/datenbank\/wasserstrahlschneiden\/\" \/>\n<meta property=\"og:locale\" content=\"de_DE\" \/>\n<meta property=\"og:type\" content=\"article\" \/>\n<meta property=\"og:title\" content=\"Wasserstrahlschneiden \u2022 Datenbank \u2022 ZAKMET\" \/>\n<meta property=\"og:description\" content=\"Wasserstrahlschneiden ist ein Kaltschneidverfahren, das zu den Brennschneidverfahren in gewisser Konkurrenz steht.\" \/>\n<meta property=\"og:url\" content=\"https:\/\/zakmet.pl\/de\/datenbank\/wasserstrahlschneiden\/\" \/>\n<meta property=\"og:site_name\" content=\"ZAKMET\" \/>\n<meta property=\"article:publisher\" content=\"https:\/\/www.facebook.com\/zakmet.cncmachines\/\" \/>\n<meta property=\"article:modified_time\" content=\"2016-05-05T13:16:24+00:00\" \/>\n<meta property=\"og:image\" content=\"https:\/\/zakmet.pl\/wp-content\/uploads\/ciecie-woda.jpg\" \/>\n\t<meta property=\"og:image:width\" content=\"1920\" \/>\n\t<meta property=\"og:image:height\" content=\"1200\" \/>\n\t<meta property=\"og:image:type\" content=\"image\/jpeg\" \/>\n<meta name=\"twitter:card\" content=\"summary_large_image\" \/>\n<meta name=\"twitter:label1\" content=\"Gesch\u00e4tzte Lesezeit\" \/>\n\t<meta name=\"twitter:data1\" content=\"1\u00a0Minute\" \/>\n<script type=\"application\/ld+json\" class=\"yoast-schema-graph\">{\"@context\":\"https:\\\/\\\/schema.org\",\"@graph\":[{\"@type\":\"WebPage\",\"@id\":\"https:\\\/\\\/zakmet.pl\\\/de\\\/datenbank\\\/wasserstrahlschneiden\\\/\",\"url\":\"https:\\\/\\\/zakmet.pl\\\/de\\\/datenbank\\\/wasserstrahlschneiden\\\/\",\"name\":\"Wasserstrahlschneiden \u2022 Datenbank \u2022 ZAKMET\",\"isPartOf\":{\"@id\":\"https:\\\/\\\/zakmet.pl\\\/#website\"},\"primaryImageOfPage\":{\"@id\":\"https:\\\/\\\/zakmet.pl\\\/de\\\/datenbank\\\/wasserstrahlschneiden\\\/#primaryimage\"},\"image\":{\"@id\":\"https:\\\/\\\/zakmet.pl\\\/de\\\/datenbank\\\/wasserstrahlschneiden\\\/#primaryimage\"},\"thumbnailUrl\":\"https:\\\/\\\/zakmet.pl\\\/wp-content\\\/uploads\\\/ciecie-woda.jpg\",\"datePublished\":\"2016-03-30T14:39:47+00:00\",\"dateModified\":\"2016-05-05T13:16:24+00:00\",\"description\":\"Wasserstrahlschneiden ist ein Kaltschneidverfahren, das zu den Brennschneidverfahren in gewisser Konkurrenz steht.\",\"breadcrumb\":{\"@id\":\"https:\\\/\\\/zakmet.pl\\\/de\\\/datenbank\\\/wasserstrahlschneiden\\\/#breadcrumb\"},\"inLanguage\":\"de\",\"potentialAction\":[{\"@type\":\"ReadAction\",\"target\":[\"https:\\\/\\\/zakmet.pl\\\/de\\\/datenbank\\\/wasserstrahlschneiden\\\/\"]}]},{\"@type\":\"ImageObject\",\"inLanguage\":\"de\",\"@id\":\"https:\\\/\\\/zakmet.pl\\\/de\\\/datenbank\\\/wasserstrahlschneiden\\\/#primaryimage\",\"url\":\"https:\\\/\\\/zakmet.pl\\\/wp-content\\\/uploads\\\/ciecie-woda.jpg\",\"contentUrl\":\"https:\\\/\\\/zakmet.pl\\\/wp-content\\\/uploads\\\/ciecie-woda.jpg\",\"width\":1920,\"height\":1200,\"caption\":\"ci\u0119cie wod\u0105\"},{\"@type\":\"BreadcrumbList\",\"@id\":\"https:\\\/\\\/zakmet.pl\\\/de\\\/datenbank\\\/wasserstrahlschneiden\\\/#breadcrumb\",\"itemListElement\":[{\"@type\":\"ListItem\",\"position\":1,\"name\":\"Strona g\u0142\u00f3wna\",\"item\":\"https:\\\/\\\/zakmet.pl\\\/de\\\/\"},{\"@type\":\"ListItem\",\"position\":2,\"name\":\"Datenbank\",\"item\":\"https:\\\/\\\/zakmet.pl\\\/de\\\/datenbank\\\/\"},{\"@type\":\"ListItem\",\"position\":3,\"name\":\"Wasserstrahlschneiden\"}]},{\"@type\":\"WebSite\",\"@id\":\"https:\\\/\\\/zakmet.pl\\\/#website\",\"url\":\"https:\\\/\\\/zakmet.pl\\\/\",\"name\":\"ZAKMET\",\"description\":\"\",\"potentialAction\":[{\"@type\":\"SearchAction\",\"target\":{\"@type\":\"EntryPoint\",\"urlTemplate\":\"https:\\\/\\\/zakmet.pl\\\/?s={search_term_string}\"},\"query-input\":{\"@type\":\"PropertyValueSpecification\",\"valueRequired\":true,\"valueName\":\"search_term_string\"}}],\"inLanguage\":\"de\"}]}<\/script>\n<!-- \/ Yoast SEO plugin. -->","yoast_head_json":{"title":"Wasserstrahlschneiden \u2022 Datenbank \u2022 ZAKMET","description":"Wasserstrahlschneiden ist ein Kaltschneidverfahren, das zu den Brennschneidverfahren in gewisser Konkurrenz steht.","robots":{"index":"index","follow":"follow","max-snippet":"max-snippet:-1","max-image-preview":"max-image-preview:large","max-video-preview":"max-video-preview:-1"},"canonical":"https:\/\/zakmet.pl\/de\/datenbank\/wasserstrahlschneiden\/","og_locale":"de_DE","og_type":"article","og_title":"Wasserstrahlschneiden \u2022 Datenbank \u2022 ZAKMET","og_description":"Wasserstrahlschneiden ist ein Kaltschneidverfahren, das zu den Brennschneidverfahren in gewisser Konkurrenz steht.","og_url":"https:\/\/zakmet.pl\/de\/datenbank\/wasserstrahlschneiden\/","og_site_name":"ZAKMET","article_publisher":"https:\/\/www.facebook.com\/zakmet.cncmachines\/","article_modified_time":"2016-05-05T13:16:24+00:00","og_image":[{"width":1920,"height":1200,"url":"https:\/\/zakmet.pl\/wp-content\/uploads\/ciecie-woda.jpg","type":"image\/jpeg"}],"twitter_card":"summary_large_image","twitter_misc":{"Gesch\u00e4tzte Lesezeit":"1\u00a0Minute"},"schema":{"@context":"https:\/\/schema.org","@graph":[{"@type":"WebPage","@id":"https:\/\/zakmet.pl\/de\/datenbank\/wasserstrahlschneiden\/","url":"https:\/\/zakmet.pl\/de\/datenbank\/wasserstrahlschneiden\/","name":"Wasserstrahlschneiden \u2022 Datenbank \u2022 ZAKMET","isPartOf":{"@id":"https:\/\/zakmet.pl\/#website"},"primaryImageOfPage":{"@id":"https:\/\/zakmet.pl\/de\/datenbank\/wasserstrahlschneiden\/#primaryimage"},"image":{"@id":"https:\/\/zakmet.pl\/de\/datenbank\/wasserstrahlschneiden\/#primaryimage"},"thumbnailUrl":"https:\/\/zakmet.pl\/wp-content\/uploads\/ciecie-woda.jpg","datePublished":"2016-03-30T14:39:47+00:00","dateModified":"2016-05-05T13:16:24+00:00","description":"Wasserstrahlschneiden ist ein Kaltschneidverfahren, das zu den Brennschneidverfahren in gewisser Konkurrenz steht.","breadcrumb":{"@id":"https:\/\/zakmet.pl\/de\/datenbank\/wasserstrahlschneiden\/#breadcrumb"},"inLanguage":"de","potentialAction":[{"@type":"ReadAction","target":["https:\/\/zakmet.pl\/de\/datenbank\/wasserstrahlschneiden\/"]}]},{"@type":"ImageObject","inLanguage":"de","@id":"https:\/\/zakmet.pl\/de\/datenbank\/wasserstrahlschneiden\/#primaryimage","url":"https:\/\/zakmet.pl\/wp-content\/uploads\/ciecie-woda.jpg","contentUrl":"https:\/\/zakmet.pl\/wp-content\/uploads\/ciecie-woda.jpg","width":1920,"height":1200,"caption":"ci\u0119cie wod\u0105"},{"@type":"BreadcrumbList","@id":"https:\/\/zakmet.pl\/de\/datenbank\/wasserstrahlschneiden\/#breadcrumb","itemListElement":[{"@type":"ListItem","position":1,"name":"Strona g\u0142\u00f3wna","item":"https:\/\/zakmet.pl\/de\/"},{"@type":"ListItem","position":2,"name":"Datenbank","item":"https:\/\/zakmet.pl\/de\/datenbank\/"},{"@type":"ListItem","position":3,"name":"Wasserstrahlschneiden"}]},{"@type":"WebSite","@id":"https:\/\/zakmet.pl\/#website","url":"https:\/\/zakmet.pl\/","name":"ZAKMET","description":"","potentialAction":[{"@type":"SearchAction","target":{"@type":"EntryPoint","urlTemplate":"https:\/\/zakmet.pl\/?s={search_term_string}"},"query-input":{"@type":"PropertyValueSpecification","valueRequired":true,"valueName":"search_term_string"}}],"inLanguage":"de"}]}},"_links":{"self":[{"href":"https:\/\/zakmet.pl\/de\/wp-json\/wp\/v2\/pages\/790","targetHints":{"allow":["GET"]}}],"collection":[{"href":"https:\/\/zakmet.pl\/de\/wp-json\/wp\/v2\/pages"}],"about":[{"href":"https:\/\/zakmet.pl\/de\/wp-json\/wp\/v2\/types\/page"}],"author":[{"embeddable":true,"href":"https:\/\/zakmet.pl\/de\/wp-json\/wp\/v2\/users\/1"}],"replies":[{"embeddable":true,"href":"https:\/\/zakmet.pl\/de\/wp-json\/wp\/v2\/comments?post=790"}],"version-history":[{"count":2,"href":"https:\/\/zakmet.pl\/de\/wp-json\/wp\/v2\/pages\/790\/revisions"}],"predecessor-version":[{"id":791,"href":"https:\/\/zakmet.pl\/de\/wp-json\/wp\/v2\/pages\/790\/revisions\/791"}],"up":[{"embeddable":true,"href":"https:\/\/zakmet.pl\/de\/wp-json\/wp\/v2\/pages\/778"}],"wp:featuredmedia":[{"embeddable":true,"href":"https:\/\/zakmet.pl\/de\/wp-json\/wp\/v2\/media\/481"}],"wp:attachment":[{"href":"https:\/\/zakmet.pl\/de\/wp-json\/wp\/v2\/media?parent=790"}],"curies":[{"name":"wp","href":"https:\/\/api.w.org\/{rel}","templated":true}]}}