{"id":787,"date":"2016-03-30T16:36:11","date_gmt":"2016-03-30T14:36:11","guid":{"rendered":"http:\/\/zakmet.pl\/de\/datenbank\/ciecie-laserem\/"},"modified":"2016-05-05T15:16:20","modified_gmt":"2016-05-05T13:16:20","slug":"laserstrahlschneiden","status":"publish","type":"page","link":"https:\/\/zakmet.pl\/de\/datenbank\/laserstrahlschneiden\/","title":{"rendered":"Laserstrahlschneiden"},"content":{"rendered":"[mk_page_section min_height=&#8220;0&#8243; padding_top=&#8220;45&#8243; padding_bottom=&#8220;25&#8243; sidebar=&#8220;sidebar-1&#8243;][vc_column][vc_column_text animation=&#8220;bottom-to-top&#8220;]<strong>Laserstrahlschneiden<\/strong> ist ein Verfahren in dem die Energie des Laserstrahls beim Kontakt mit dem Werkst\u00fcck zur Aufschmelzung und teilweise auch Verdampfung des Materials f\u00fchrt. Zus\u00e4tzlich wird unter Einfluss von einem inerten oder reaktionstr\u00e4gen Gasstrahl das Austreiben von geschmolzenem Metall und entstehenden D\u00e4mpfen verursacht.<\/p>\n<p>Zu den grundlegenden Vorteilen vom Laserstrahlschneiden z\u00e4hlt vor allem sehr hohe Schneidgeschwindigkeit, die nur durch die Laserleistung eingeschr\u00e4nkt wird. Das Verfahren selbst garantiert sehr hohe Genauigkeit und Schnittqualit\u00e4t. Eine zu niedrige Schneidgeschwindigkeit f\u00fchrt zu der Besch\u00e4digung der Schnittkanten, wenn aber die Geschwindigkeit zu hoch ist, kann das Werkst\u00fcck nicht vollst\u00e4ndig geschnitten werden.[\/vc_column_text][\/vc_column][\/mk_page_section]\n","protected":false},"excerpt":{"rendered":"<p>[mk_page_section min_height=&#8220;0&#8243; padding_top=&#8220;45&#8243; padding_bottom=&#8220;25&#8243; sidebar=&#8220;sidebar-1&#8243;][vc_column][vc_column_text animation=&#8220;bottom-to-top&#8220;]Laserstrahlschneiden ist ein Verfahren in dem die Energie des Laserstrahls beim Kontakt mit dem Werkst\u00fcck zur Aufschmelzung und teilweise auch Verdampfung des Materials f\u00fchrt. Zus\u00e4tzlich wird unter Einfluss von einem inerten oder reaktionstr\u00e4gen Gasstrahl das Austreiben von geschmolzenem Metall und entstehenden D\u00e4mpfen verursacht. Zu den grundlegenden Vorteilen vom Laserstrahlschneiden z\u00e4hlt [&hellip;]<\/p>\n","protected":false},"author":1,"featured_media":524,"parent":778,"menu_order":63,"comment_status":"closed","ping_status":"closed","template":"","meta":{"footnotes":""},"class_list":["post-787","page","type-page","status-publish","has-post-thumbnail","hentry"],"yoast_head":"<!-- This site is optimized with the Yoast SEO plugin v27.5 - https:\/\/yoast.com\/product\/yoast-seo-wordpress\/ -->\n<title>Laserstrahlschneiden \u2022 Datenbank \u2022 ZAKMET<\/title>\n<meta name=\"description\" content=\"Laserstrahlschneiden ist ein Verfahren in dem die Energie des Laserstrahls beim Kontakt mit dem Werkst\u00fcck zur Aufschmelzung.\" \/>\n<meta name=\"robots\" content=\"index, follow, max-snippet:-1, max-image-preview:large, max-video-preview:-1\" \/>\n<link rel=\"canonical\" href=\"https:\/\/zakmet.pl\/de\/datenbank\/laserstrahlschneiden\/\" \/>\n<meta property=\"og:locale\" content=\"de_DE\" \/>\n<meta property=\"og:type\" content=\"article\" \/>\n<meta property=\"og:title\" content=\"Laserstrahlschneiden \u2022 Datenbank \u2022 ZAKMET\" \/>\n<meta property=\"og:description\" content=\"Laserstrahlschneiden ist ein Verfahren in dem die Energie des Laserstrahls beim Kontakt mit dem Werkst\u00fcck zur Aufschmelzung.\" \/>\n<meta property=\"og:url\" content=\"https:\/\/zakmet.pl\/de\/datenbank\/laserstrahlschneiden\/\" \/>\n<meta property=\"og:site_name\" content=\"ZAKMET\" \/>\n<meta property=\"article:publisher\" content=\"https:\/\/www.facebook.com\/zakmet.cncmachines\/\" \/>\n<meta property=\"article:modified_time\" content=\"2016-05-05T13:16:20+00:00\" \/>\n<meta property=\"og:image\" content=\"https:\/\/zakmet.pl\/wp-content\/uploads\/thumb.png\" \/>\n\t<meta property=\"og:image:width\" content=\"1200\" \/>\n\t<meta property=\"og:image:height\" content=\"628\" \/>\n\t<meta property=\"og:image:type\" content=\"image\/png\" \/>\n<meta name=\"twitter:card\" content=\"summary_large_image\" \/>\n<meta name=\"twitter:label1\" content=\"Gesch\u00e4tzte Lesezeit\" \/>\n\t<meta name=\"twitter:data1\" content=\"1\u00a0Minute\" \/>\n<script type=\"application\/ld+json\" class=\"yoast-schema-graph\">{\"@context\":\"https:\\\/\\\/schema.org\",\"@graph\":[{\"@type\":\"WebPage\",\"@id\":\"https:\\\/\\\/zakmet.pl\\\/de\\\/datenbank\\\/laserstrahlschneiden\\\/\",\"url\":\"https:\\\/\\\/zakmet.pl\\\/de\\\/datenbank\\\/laserstrahlschneiden\\\/\",\"name\":\"Laserstrahlschneiden \u2022 Datenbank \u2022 ZAKMET\",\"isPartOf\":{\"@id\":\"https:\\\/\\\/zakmet.pl\\\/#website\"},\"primaryImageOfPage\":{\"@id\":\"https:\\\/\\\/zakmet.pl\\\/de\\\/datenbank\\\/laserstrahlschneiden\\\/#primaryimage\"},\"image\":{\"@id\":\"https:\\\/\\\/zakmet.pl\\\/de\\\/datenbank\\\/laserstrahlschneiden\\\/#primaryimage\"},\"thumbnailUrl\":\"https:\\\/\\\/zakmet.pl\\\/wp-content\\\/uploads\\\/thumb.png\",\"datePublished\":\"2016-03-30T14:36:11+00:00\",\"dateModified\":\"2016-05-05T13:16:20+00:00\",\"description\":\"Laserstrahlschneiden ist ein Verfahren in dem die Energie des Laserstrahls beim Kontakt mit dem Werkst\u00fcck zur Aufschmelzung.\",\"breadcrumb\":{\"@id\":\"https:\\\/\\\/zakmet.pl\\\/de\\\/datenbank\\\/laserstrahlschneiden\\\/#breadcrumb\"},\"inLanguage\":\"de\",\"potentialAction\":[{\"@type\":\"ReadAction\",\"target\":[\"https:\\\/\\\/zakmet.pl\\\/de\\\/datenbank\\\/laserstrahlschneiden\\\/\"]}]},{\"@type\":\"ImageObject\",\"inLanguage\":\"de\",\"@id\":\"https:\\\/\\\/zakmet.pl\\\/de\\\/datenbank\\\/laserstrahlschneiden\\\/#primaryimage\",\"url\":\"https:\\\/\\\/zakmet.pl\\\/wp-content\\\/uploads\\\/thumb.png\",\"contentUrl\":\"https:\\\/\\\/zakmet.pl\\\/wp-content\\\/uploads\\\/thumb.png\",\"width\":1200,\"height\":628},{\"@type\":\"BreadcrumbList\",\"@id\":\"https:\\\/\\\/zakmet.pl\\\/de\\\/datenbank\\\/laserstrahlschneiden\\\/#breadcrumb\",\"itemListElement\":[{\"@type\":\"ListItem\",\"position\":1,\"name\":\"Strona g\u0142\u00f3wna\",\"item\":\"https:\\\/\\\/zakmet.pl\\\/de\\\/\"},{\"@type\":\"ListItem\",\"position\":2,\"name\":\"Datenbank\",\"item\":\"https:\\\/\\\/zakmet.pl\\\/de\\\/datenbank\\\/\"},{\"@type\":\"ListItem\",\"position\":3,\"name\":\"Laserstrahlschneiden\"}]},{\"@type\":\"WebSite\",\"@id\":\"https:\\\/\\\/zakmet.pl\\\/#website\",\"url\":\"https:\\\/\\\/zakmet.pl\\\/\",\"name\":\"ZAKMET\",\"description\":\"\",\"potentialAction\":[{\"@type\":\"SearchAction\",\"target\":{\"@type\":\"EntryPoint\",\"urlTemplate\":\"https:\\\/\\\/zakmet.pl\\\/?s={search_term_string}\"},\"query-input\":{\"@type\":\"PropertyValueSpecification\",\"valueRequired\":true,\"valueName\":\"search_term_string\"}}],\"inLanguage\":\"de\"}]}<\/script>\n<!-- \/ Yoast SEO plugin. -->","yoast_head_json":{"title":"Laserstrahlschneiden \u2022 Datenbank \u2022 ZAKMET","description":"Laserstrahlschneiden ist ein Verfahren in dem die Energie des Laserstrahls beim Kontakt mit dem Werkst\u00fcck zur Aufschmelzung.","robots":{"index":"index","follow":"follow","max-snippet":"max-snippet:-1","max-image-preview":"max-image-preview:large","max-video-preview":"max-video-preview:-1"},"canonical":"https:\/\/zakmet.pl\/de\/datenbank\/laserstrahlschneiden\/","og_locale":"de_DE","og_type":"article","og_title":"Laserstrahlschneiden \u2022 Datenbank \u2022 ZAKMET","og_description":"Laserstrahlschneiden ist ein Verfahren in dem die Energie des Laserstrahls beim Kontakt mit dem Werkst\u00fcck zur Aufschmelzung.","og_url":"https:\/\/zakmet.pl\/de\/datenbank\/laserstrahlschneiden\/","og_site_name":"ZAKMET","article_publisher":"https:\/\/www.facebook.com\/zakmet.cncmachines\/","article_modified_time":"2016-05-05T13:16:20+00:00","og_image":[{"width":1200,"height":628,"url":"https:\/\/zakmet.pl\/wp-content\/uploads\/thumb.png","type":"image\/png"}],"twitter_card":"summary_large_image","twitter_misc":{"Gesch\u00e4tzte Lesezeit":"1\u00a0Minute"},"schema":{"@context":"https:\/\/schema.org","@graph":[{"@type":"WebPage","@id":"https:\/\/zakmet.pl\/de\/datenbank\/laserstrahlschneiden\/","url":"https:\/\/zakmet.pl\/de\/datenbank\/laserstrahlschneiden\/","name":"Laserstrahlschneiden \u2022 Datenbank \u2022 ZAKMET","isPartOf":{"@id":"https:\/\/zakmet.pl\/#website"},"primaryImageOfPage":{"@id":"https:\/\/zakmet.pl\/de\/datenbank\/laserstrahlschneiden\/#primaryimage"},"image":{"@id":"https:\/\/zakmet.pl\/de\/datenbank\/laserstrahlschneiden\/#primaryimage"},"thumbnailUrl":"https:\/\/zakmet.pl\/wp-content\/uploads\/thumb.png","datePublished":"2016-03-30T14:36:11+00:00","dateModified":"2016-05-05T13:16:20+00:00","description":"Laserstrahlschneiden ist ein Verfahren in dem die Energie des Laserstrahls beim Kontakt mit dem Werkst\u00fcck zur Aufschmelzung.","breadcrumb":{"@id":"https:\/\/zakmet.pl\/de\/datenbank\/laserstrahlschneiden\/#breadcrumb"},"inLanguage":"de","potentialAction":[{"@type":"ReadAction","target":["https:\/\/zakmet.pl\/de\/datenbank\/laserstrahlschneiden\/"]}]},{"@type":"ImageObject","inLanguage":"de","@id":"https:\/\/zakmet.pl\/de\/datenbank\/laserstrahlschneiden\/#primaryimage","url":"https:\/\/zakmet.pl\/wp-content\/uploads\/thumb.png","contentUrl":"https:\/\/zakmet.pl\/wp-content\/uploads\/thumb.png","width":1200,"height":628},{"@type":"BreadcrumbList","@id":"https:\/\/zakmet.pl\/de\/datenbank\/laserstrahlschneiden\/#breadcrumb","itemListElement":[{"@type":"ListItem","position":1,"name":"Strona g\u0142\u00f3wna","item":"https:\/\/zakmet.pl\/de\/"},{"@type":"ListItem","position":2,"name":"Datenbank","item":"https:\/\/zakmet.pl\/de\/datenbank\/"},{"@type":"ListItem","position":3,"name":"Laserstrahlschneiden"}]},{"@type":"WebSite","@id":"https:\/\/zakmet.pl\/#website","url":"https:\/\/zakmet.pl\/","name":"ZAKMET","description":"","potentialAction":[{"@type":"SearchAction","target":{"@type":"EntryPoint","urlTemplate":"https:\/\/zakmet.pl\/?s={search_term_string}"},"query-input":{"@type":"PropertyValueSpecification","valueRequired":true,"valueName":"search_term_string"}}],"inLanguage":"de"}]}},"_links":{"self":[{"href":"https:\/\/zakmet.pl\/de\/wp-json\/wp\/v2\/pages\/787","targetHints":{"allow":["GET"]}}],"collection":[{"href":"https:\/\/zakmet.pl\/de\/wp-json\/wp\/v2\/pages"}],"about":[{"href":"https:\/\/zakmet.pl\/de\/wp-json\/wp\/v2\/types\/page"}],"author":[{"embeddable":true,"href":"https:\/\/zakmet.pl\/de\/wp-json\/wp\/v2\/users\/1"}],"replies":[{"embeddable":true,"href":"https:\/\/zakmet.pl\/de\/wp-json\/wp\/v2\/comments?post=787"}],"version-history":[{"count":1,"href":"https:\/\/zakmet.pl\/de\/wp-json\/wp\/v2\/pages\/787\/revisions"}],"predecessor-version":[{"id":789,"href":"https:\/\/zakmet.pl\/de\/wp-json\/wp\/v2\/pages\/787\/revisions\/789"}],"up":[{"embeddable":true,"href":"https:\/\/zakmet.pl\/de\/wp-json\/wp\/v2\/pages\/778"}],"wp:featuredmedia":[{"embeddable":true,"href":"https:\/\/zakmet.pl\/de\/wp-json\/wp\/v2\/media\/524"}],"wp:attachment":[{"href":"https:\/\/zakmet.pl\/de\/wp-json\/wp\/v2\/media?parent=787"}],"curies":[{"name":"wp","href":"https:\/\/api.w.org\/{rel}","templated":true}]}}