{"id":781,"date":"2016-03-30T16:07:48","date_gmt":"2016-03-30T14:07:48","guid":{"rendered":"http:\/\/zakmet.pl\/de\/datenbank\/ciecie-gazowe\/"},"modified":"2016-05-05T15:16:11","modified_gmt":"2016-05-05T13:16:11","slug":"autogenes-brennschneiden","status":"publish","type":"page","link":"https:\/\/zakmet.pl\/de\/datenbank\/autogenes-brennschneiden\/","title":{"rendered":"Autogenes Brennschneiden"},"content":{"rendered":"[mk_page_section min_height=&#8220;0&#8243; padding_top=&#8220;45&#8243; padding_bottom=&#8220;25&#8243; sidebar=&#8220;sidebar-1&#8243;][vc_column][vc_column_text animation=&#8220;bottom-to-top&#8220;]<strong>Autogenes Brennschneiden<\/strong> z\u00e4hlt zu den meist verbreiteten Metallschneidverfahren, insbesondere beim Schneiden von Stahl. Der Definition nach, ist das autogene Brennschneiden ein thermisches Schneidverfahren, das mit der Brenngas-Sauerstoff-Flamme und Schneidsauerstoff ausgef\u00fchrt wird. Der eingesetzte Sauerstoffstrahl f\u00fchrt zu Erw\u00e4rmung und Oxidation des Werkstoffes bis zur Unterseite des Materials durch. Dabei wird die entstehende Schneidschlacke (Oxide und Metallschmelze) aus der Trennfuge ausgetrieben. Der Werkstoff wird von der Heizflamme auf Entz\u00fcndungstemperatur erw\u00e4rmt durch die Verbrennung vom Brenngas wie z. B. Propan.<\/p>\n<p>Autogenes Brennschneiden wird bei Materialst\u00e4rken von 3,0 bis ca. 2000 mm eingesetzt und kann sowohl manuell als auch maschinell durchgef\u00fchrt werden. In der Firma ZAKMET werden hierzu CNC (Computerized Numerical Control) &#8211; gesteuerte Maschinen <strong>von h\u00f6chster Qualit\u00e4t eingesetzt<\/strong>, was im Vergleich mit manuellen Brennschneiden beste Schnittqualit\u00e4t gew\u00e4hrleistet.[\/vc_column_text][\/vc_column][\/mk_page_section]\n","protected":false},"excerpt":{"rendered":"<p>[mk_page_section min_height=&#8220;0&#8243; padding_top=&#8220;45&#8243; padding_bottom=&#8220;25&#8243; sidebar=&#8220;sidebar-1&#8243;][vc_column][vc_column_text animation=&#8220;bottom-to-top&#8220;]Autogenes Brennschneiden z\u00e4hlt zu den meist verbreiteten Metallschneidverfahren, insbesondere beim Schneiden von Stahl. Der Definition nach, ist das autogene Brennschneiden ein thermisches Schneidverfahren, das mit der Brenngas-Sauerstoff-Flamme und Schneidsauerstoff ausgef\u00fchrt wird. Der eingesetzte Sauerstoffstrahl f\u00fchrt zu Erw\u00e4rmung und Oxidation des Werkstoffes bis zur Unterseite des Materials durch. Dabei wird die [&hellip;]<\/p>\n","protected":false},"author":1,"featured_media":479,"parent":778,"menu_order":61,"comment_status":"closed","ping_status":"closed","template":"","meta":{"footnotes":""},"class_list":["post-781","page","type-page","status-publish","has-post-thumbnail","hentry"],"yoast_head":"<!-- This site is optimized with the Yoast SEO plugin v27.4 - https:\/\/yoast.com\/product\/yoast-seo-wordpress\/ -->\n<title>Autogenes Brennschneiden \u2022 Datenbank \u2022 ZAKMET<\/title>\n<meta name=\"description\" content=\"Autogenes Brennschneiden z\u00e4hlt zu den meist verbreiteten Metallschneidverfahren, insbesondere beim Schneiden von Stahl.\" \/>\n<meta name=\"robots\" content=\"index, follow, max-snippet:-1, max-image-preview:large, max-video-preview:-1\" \/>\n<link rel=\"canonical\" href=\"https:\/\/zakmet.pl\/de\/datenbank\/autogenes-brennschneiden\/\" \/>\n<meta property=\"og:locale\" content=\"de_DE\" \/>\n<meta property=\"og:type\" content=\"article\" \/>\n<meta property=\"og:title\" content=\"Autogenes Brennschneiden \u2022 Datenbank \u2022 ZAKMET\" \/>\n<meta property=\"og:description\" content=\"Autogenes Brennschneiden z\u00e4hlt zu den meist verbreiteten Metallschneidverfahren, insbesondere beim Schneiden von Stahl.\" \/>\n<meta property=\"og:url\" content=\"https:\/\/zakmet.pl\/de\/datenbank\/autogenes-brennschneiden\/\" \/>\n<meta property=\"og:site_name\" content=\"ZAKMET\" \/>\n<meta property=\"article:publisher\" content=\"https:\/\/www.facebook.com\/zakmet.cncmachines\/\" \/>\n<meta property=\"article:modified_time\" content=\"2016-05-05T13:16:11+00:00\" \/>\n<meta property=\"og:image\" content=\"https:\/\/zakmet.pl\/wp-content\/uploads\/ciecie-gazem.jpg\" \/>\n\t<meta property=\"og:image:width\" content=\"1920\" \/>\n\t<meta property=\"og:image:height\" content=\"1200\" \/>\n\t<meta property=\"og:image:type\" content=\"image\/jpeg\" \/>\n<meta name=\"twitter:card\" content=\"summary_large_image\" \/>\n<meta name=\"twitter:label1\" content=\"Gesch\u00e4tzte Lesezeit\" \/>\n\t<meta name=\"twitter:data1\" content=\"1\u00a0Minute\" \/>\n<script type=\"application\/ld+json\" class=\"yoast-schema-graph\">{\"@context\":\"https:\\\/\\\/schema.org\",\"@graph\":[{\"@type\":\"WebPage\",\"@id\":\"https:\\\/\\\/zakmet.pl\\\/de\\\/datenbank\\\/autogenes-brennschneiden\\\/\",\"url\":\"https:\\\/\\\/zakmet.pl\\\/de\\\/datenbank\\\/autogenes-brennschneiden\\\/\",\"name\":\"Autogenes Brennschneiden \u2022 Datenbank \u2022 ZAKMET\",\"isPartOf\":{\"@id\":\"https:\\\/\\\/zakmet.pl\\\/#website\"},\"primaryImageOfPage\":{\"@id\":\"https:\\\/\\\/zakmet.pl\\\/de\\\/datenbank\\\/autogenes-brennschneiden\\\/#primaryimage\"},\"image\":{\"@id\":\"https:\\\/\\\/zakmet.pl\\\/de\\\/datenbank\\\/autogenes-brennschneiden\\\/#primaryimage\"},\"thumbnailUrl\":\"https:\\\/\\\/zakmet.pl\\\/wp-content\\\/uploads\\\/ciecie-gazem.jpg\",\"datePublished\":\"2016-03-30T14:07:48+00:00\",\"dateModified\":\"2016-05-05T13:16:11+00:00\",\"description\":\"Autogenes Brennschneiden z\u00e4hlt zu den meist verbreiteten Metallschneidverfahren, insbesondere beim Schneiden von Stahl.\",\"breadcrumb\":{\"@id\":\"https:\\\/\\\/zakmet.pl\\\/de\\\/datenbank\\\/autogenes-brennschneiden\\\/#breadcrumb\"},\"inLanguage\":\"de\",\"potentialAction\":[{\"@type\":\"ReadAction\",\"target\":[\"https:\\\/\\\/zakmet.pl\\\/de\\\/datenbank\\\/autogenes-brennschneiden\\\/\"]}]},{\"@type\":\"ImageObject\",\"inLanguage\":\"de\",\"@id\":\"https:\\\/\\\/zakmet.pl\\\/de\\\/datenbank\\\/autogenes-brennschneiden\\\/#primaryimage\",\"url\":\"https:\\\/\\\/zakmet.pl\\\/wp-content\\\/uploads\\\/ciecie-gazem.jpg\",\"contentUrl\":\"https:\\\/\\\/zakmet.pl\\\/wp-content\\\/uploads\\\/ciecie-gazem.jpg\",\"width\":1920,\"height\":1200,\"caption\":\"ci\u0119cie gazowe\"},{\"@type\":\"BreadcrumbList\",\"@id\":\"https:\\\/\\\/zakmet.pl\\\/de\\\/datenbank\\\/autogenes-brennschneiden\\\/#breadcrumb\",\"itemListElement\":[{\"@type\":\"ListItem\",\"position\":1,\"name\":\"Strona g\u0142\u00f3wna\",\"item\":\"https:\\\/\\\/zakmet.pl\\\/de\\\/\"},{\"@type\":\"ListItem\",\"position\":2,\"name\":\"Datenbank\",\"item\":\"https:\\\/\\\/zakmet.pl\\\/de\\\/datenbank\\\/\"},{\"@type\":\"ListItem\",\"position\":3,\"name\":\"Autogenes Brennschneiden\"}]},{\"@type\":\"WebSite\",\"@id\":\"https:\\\/\\\/zakmet.pl\\\/#website\",\"url\":\"https:\\\/\\\/zakmet.pl\\\/\",\"name\":\"ZAKMET\",\"description\":\"\",\"potentialAction\":[{\"@type\":\"SearchAction\",\"target\":{\"@type\":\"EntryPoint\",\"urlTemplate\":\"https:\\\/\\\/zakmet.pl\\\/?s={search_term_string}\"},\"query-input\":{\"@type\":\"PropertyValueSpecification\",\"valueRequired\":true,\"valueName\":\"search_term_string\"}}],\"inLanguage\":\"de\"}]}<\/script>\n<!-- \/ Yoast SEO plugin. -->","yoast_head_json":{"title":"Autogenes Brennschneiden \u2022 Datenbank \u2022 ZAKMET","description":"Autogenes Brennschneiden z\u00e4hlt zu den meist verbreiteten Metallschneidverfahren, insbesondere beim Schneiden von Stahl.","robots":{"index":"index","follow":"follow","max-snippet":"max-snippet:-1","max-image-preview":"max-image-preview:large","max-video-preview":"max-video-preview:-1"},"canonical":"https:\/\/zakmet.pl\/de\/datenbank\/autogenes-brennschneiden\/","og_locale":"de_DE","og_type":"article","og_title":"Autogenes Brennschneiden \u2022 Datenbank \u2022 ZAKMET","og_description":"Autogenes Brennschneiden z\u00e4hlt zu den meist verbreiteten Metallschneidverfahren, insbesondere beim Schneiden von Stahl.","og_url":"https:\/\/zakmet.pl\/de\/datenbank\/autogenes-brennschneiden\/","og_site_name":"ZAKMET","article_publisher":"https:\/\/www.facebook.com\/zakmet.cncmachines\/","article_modified_time":"2016-05-05T13:16:11+00:00","og_image":[{"width":1920,"height":1200,"url":"https:\/\/zakmet.pl\/wp-content\/uploads\/ciecie-gazem.jpg","type":"image\/jpeg"}],"twitter_card":"summary_large_image","twitter_misc":{"Gesch\u00e4tzte Lesezeit":"1\u00a0Minute"},"schema":{"@context":"https:\/\/schema.org","@graph":[{"@type":"WebPage","@id":"https:\/\/zakmet.pl\/de\/datenbank\/autogenes-brennschneiden\/","url":"https:\/\/zakmet.pl\/de\/datenbank\/autogenes-brennschneiden\/","name":"Autogenes Brennschneiden \u2022 Datenbank \u2022 ZAKMET","isPartOf":{"@id":"https:\/\/zakmet.pl\/#website"},"primaryImageOfPage":{"@id":"https:\/\/zakmet.pl\/de\/datenbank\/autogenes-brennschneiden\/#primaryimage"},"image":{"@id":"https:\/\/zakmet.pl\/de\/datenbank\/autogenes-brennschneiden\/#primaryimage"},"thumbnailUrl":"https:\/\/zakmet.pl\/wp-content\/uploads\/ciecie-gazem.jpg","datePublished":"2016-03-30T14:07:48+00:00","dateModified":"2016-05-05T13:16:11+00:00","description":"Autogenes Brennschneiden z\u00e4hlt zu den meist verbreiteten Metallschneidverfahren, insbesondere beim Schneiden von Stahl.","breadcrumb":{"@id":"https:\/\/zakmet.pl\/de\/datenbank\/autogenes-brennschneiden\/#breadcrumb"},"inLanguage":"de","potentialAction":[{"@type":"ReadAction","target":["https:\/\/zakmet.pl\/de\/datenbank\/autogenes-brennschneiden\/"]}]},{"@type":"ImageObject","inLanguage":"de","@id":"https:\/\/zakmet.pl\/de\/datenbank\/autogenes-brennschneiden\/#primaryimage","url":"https:\/\/zakmet.pl\/wp-content\/uploads\/ciecie-gazem.jpg","contentUrl":"https:\/\/zakmet.pl\/wp-content\/uploads\/ciecie-gazem.jpg","width":1920,"height":1200,"caption":"ci\u0119cie gazowe"},{"@type":"BreadcrumbList","@id":"https:\/\/zakmet.pl\/de\/datenbank\/autogenes-brennschneiden\/#breadcrumb","itemListElement":[{"@type":"ListItem","position":1,"name":"Strona g\u0142\u00f3wna","item":"https:\/\/zakmet.pl\/de\/"},{"@type":"ListItem","position":2,"name":"Datenbank","item":"https:\/\/zakmet.pl\/de\/datenbank\/"},{"@type":"ListItem","position":3,"name":"Autogenes Brennschneiden"}]},{"@type":"WebSite","@id":"https:\/\/zakmet.pl\/#website","url":"https:\/\/zakmet.pl\/","name":"ZAKMET","description":"","potentialAction":[{"@type":"SearchAction","target":{"@type":"EntryPoint","urlTemplate":"https:\/\/zakmet.pl\/?s={search_term_string}"},"query-input":{"@type":"PropertyValueSpecification","valueRequired":true,"valueName":"search_term_string"}}],"inLanguage":"de"}]}},"_links":{"self":[{"href":"https:\/\/zakmet.pl\/de\/wp-json\/wp\/v2\/pages\/781","targetHints":{"allow":["GET"]}}],"collection":[{"href":"https:\/\/zakmet.pl\/de\/wp-json\/wp\/v2\/pages"}],"about":[{"href":"https:\/\/zakmet.pl\/de\/wp-json\/wp\/v2\/types\/page"}],"author":[{"embeddable":true,"href":"https:\/\/zakmet.pl\/de\/wp-json\/wp\/v2\/users\/1"}],"replies":[{"embeddable":true,"href":"https:\/\/zakmet.pl\/de\/wp-json\/wp\/v2\/comments?post=781"}],"version-history":[{"count":2,"href":"https:\/\/zakmet.pl\/de\/wp-json\/wp\/v2\/pages\/781\/revisions"}],"predecessor-version":[{"id":783,"href":"https:\/\/zakmet.pl\/de\/wp-json\/wp\/v2\/pages\/781\/revisions\/783"}],"up":[{"embeddable":true,"href":"https:\/\/zakmet.pl\/de\/wp-json\/wp\/v2\/pages\/778"}],"wp:featuredmedia":[{"embeddable":true,"href":"https:\/\/zakmet.pl\/de\/wp-json\/wp\/v2\/media\/479"}],"wp:attachment":[{"href":"https:\/\/zakmet.pl\/de\/wp-json\/wp\/v2\/media?parent=781"}],"curies":[{"name":"wp","href":"https:\/\/api.w.org\/{rel}","templated":true}]}}