{"id":776,"date":"2016-04-27T11:29:23","date_gmt":"2016-04-27T09:29:23","guid":{"rendered":"http:\/\/zakmet.pl\/de\/dienstleistungen\/lakierowanie-proszkowe\/"},"modified":"2016-05-13T12:40:18","modified_gmt":"2016-05-13T10:40:18","slug":"pulverbeschichtung","status":"publish","type":"page","link":"https:\/\/zakmet.pl\/de\/dienstleistungen\/pulverbeschichtung\/","title":{"rendered":"Pulverbeschichtung"},"content":{"rendered":"[mk_page_section min_height=&#8220;0&#8243; padding_top=&#8220;45&#8243; padding_bottom=&#8220;25&#8243; sidebar=&#8220;sidebar-1&#8243;][vc_column width=&#8220;1\/2&#8243;][vc_column_text]Das Pulverbeschichten gewinnt im Maschinenbau, in der Automobilindustrie und im Bauwesen an immer gr\u00f6\u00dferer Bedeutung. Das wachsende Interesse an diesem Verfahren h\u00e4ngt mit dem Bedarf an Schutz- und dekorativen Schichten auf Keramik-, Stahl- und Aluoberfl\u00e4chen sowie Kupferlegierungen zusammen. Mit der Zeit unterliegen Verfahren \u00c4nderungen, es entstehen auch neue Materialien, die Folge umgesetzter, heute so wichtiger Umweltma\u00dfnahmen sind. Bei der Beschichtung von Oberfl\u00e4chen mit l\u00f6sungsmittelhaltigen Lacken werden L\u00f6sungsmittel freigesetzt, deren Reste sich nicht auf lackierten Teilen abgesetzt haben und umweltverschmutzende Abf\u00e4lle bilden. Bei der Pulverbeschichtung entstehen keine Abf\u00e4lle, weil das Pulver, das sich beim Lackieren nicht auf der Oberfl\u00e4che abgesetzt hat, in der Lackierkabine filtriert und beim n\u00e4chsten Lackiervorgang genutzt wird.<\/p>\n<p>Wir lackieren nicht nur Kleinteile, z.B.: Schrauben, Schaftschrauben, Klammern, sondern auch gr\u00f6\u00dfere Elemente wie Aluprofile, Gartenm\u00f6bel, Z\u00e4une, Tore, Bearbeitungsblech, Maschinenteile und &#8211; Geh\u00e4use, Fahrzeugteile.<\/p>\n<p>Ma\u03b2e des Lackierofens: 5 000 \u00d7 1 700 \u00d7 1 000 mm.[\/vc_column_text][\/vc_column][vc_column width=&#8220;1\/2&#8243;][mk_image src=&#8220;http:\/\/zakmet.pl\/wp-content\/uploads\/lakierowanie.jpg&#8220; image_size=&#8220;full&#8220;][\/vc_column][\/mk_page_section]\n","protected":false},"excerpt":{"rendered":"<p>[mk_page_section min_height=&#8220;0&#8243; padding_top=&#8220;45&#8243; padding_bottom=&#8220;25&#8243; sidebar=&#8220;sidebar-1&#8243;][vc_column width=&#8220;1\/2&#8243;][vc_column_text]Das Pulverbeschichten gewinnt im Maschinenbau, in der Automobilindustrie und im Bauwesen an immer gr\u00f6\u00dferer Bedeutung. Das wachsende Interesse an diesem Verfahren h\u00e4ngt mit dem Bedarf an Schutz- und dekorativen Schichten auf Keramik-, Stahl- und Aluoberfl\u00e4chen sowie Kupferlegierungen zusammen. Mit der Zeit unterliegen Verfahren \u00c4nderungen, es entstehen auch neue Materialien, die [&hellip;]<\/p>\n","protected":false},"author":1,"featured_media":0,"parent":756,"menu_order":57,"comment_status":"closed","ping_status":"closed","template":"","meta":{"footnotes":""},"class_list":["post-776","page","type-page","status-publish","hentry"],"yoast_head":"<!-- This site is optimized with the Yoast SEO plugin v27.4 - https:\/\/yoast.com\/product\/yoast-seo-wordpress\/ -->\n<title>Pulverbeschichtung \u2022 Dienstleistungen \u2022 ZAKMET<\/title>\n<meta name=\"description\" content=\"Das Pulverbeschichten gewinnt im Maschinenbau, in der Automobilindustrie und im Bauwesen an immer gr\u00f6\u00dferer Bedeutung.\" \/>\n<meta name=\"robots\" content=\"index, follow, max-snippet:-1, max-image-preview:large, max-video-preview:-1\" \/>\n<link rel=\"canonical\" href=\"https:\/\/zakmet.pl\/de\/dienstleistungen\/pulverbeschichtung\/\" \/>\n<meta property=\"og:locale\" content=\"de_DE\" \/>\n<meta property=\"og:type\" content=\"article\" \/>\n<meta property=\"og:title\" content=\"Pulverbeschichtung \u2022 Dienstleistungen \u2022 ZAKMET\" \/>\n<meta property=\"og:description\" content=\"Das Pulverbeschichten gewinnt im Maschinenbau, in der Automobilindustrie und im Bauwesen an immer gr\u00f6\u00dferer Bedeutung.\" \/>\n<meta property=\"og:url\" content=\"https:\/\/zakmet.pl\/de\/dienstleistungen\/pulverbeschichtung\/\" \/>\n<meta property=\"og:site_name\" content=\"ZAKMET\" \/>\n<meta property=\"article:publisher\" content=\"https:\/\/www.facebook.com\/zakmet.cncmachines\/\" \/>\n<meta property=\"article:modified_time\" content=\"2016-05-13T10:40:18+00:00\" \/>\n<meta property=\"og:image\" content=\"https:\/\/zakmet.pl\/wp-content\/uploads\/thumb.png\" \/>\n\t<meta property=\"og:image:width\" content=\"1200\" \/>\n\t<meta property=\"og:image:height\" content=\"628\" \/>\n\t<meta property=\"og:image:type\" content=\"image\/png\" \/>\n<meta name=\"twitter:card\" content=\"summary_large_image\" \/>\n<meta name=\"twitter:label1\" content=\"Gesch\u00e4tzte Lesezeit\" \/>\n\t<meta name=\"twitter:data1\" content=\"1\u00a0Minute\" \/>\n<script type=\"application\/ld+json\" class=\"yoast-schema-graph\">{\"@context\":\"https:\\\/\\\/schema.org\",\"@graph\":[{\"@type\":\"WebPage\",\"@id\":\"https:\\\/\\\/zakmet.pl\\\/de\\\/dienstleistungen\\\/pulverbeschichtung\\\/\",\"url\":\"https:\\\/\\\/zakmet.pl\\\/de\\\/dienstleistungen\\\/pulverbeschichtung\\\/\",\"name\":\"Pulverbeschichtung \u2022 Dienstleistungen \u2022 ZAKMET\",\"isPartOf\":{\"@id\":\"https:\\\/\\\/zakmet.pl\\\/#website\"},\"datePublished\":\"2016-04-27T09:29:23+00:00\",\"dateModified\":\"2016-05-13T10:40:18+00:00\",\"description\":\"Das Pulverbeschichten gewinnt im Maschinenbau, in der Automobilindustrie und im Bauwesen an immer gr\u00f6\u00dferer Bedeutung.\",\"breadcrumb\":{\"@id\":\"https:\\\/\\\/zakmet.pl\\\/de\\\/dienstleistungen\\\/pulverbeschichtung\\\/#breadcrumb\"},\"inLanguage\":\"de\",\"potentialAction\":[{\"@type\":\"ReadAction\",\"target\":[\"https:\\\/\\\/zakmet.pl\\\/de\\\/dienstleistungen\\\/pulverbeschichtung\\\/\"]}]},{\"@type\":\"BreadcrumbList\",\"@id\":\"https:\\\/\\\/zakmet.pl\\\/de\\\/dienstleistungen\\\/pulverbeschichtung\\\/#breadcrumb\",\"itemListElement\":[{\"@type\":\"ListItem\",\"position\":1,\"name\":\"Strona g\u0142\u00f3wna\",\"item\":\"https:\\\/\\\/zakmet.pl\\\/de\\\/\"},{\"@type\":\"ListItem\",\"position\":2,\"name\":\"Dienstleistungen\",\"item\":\"https:\\\/\\\/zakmet.pl\\\/de\\\/dienstleistungen\\\/\"},{\"@type\":\"ListItem\",\"position\":3,\"name\":\"Pulverbeschichtung\"}]},{\"@type\":\"WebSite\",\"@id\":\"https:\\\/\\\/zakmet.pl\\\/#website\",\"url\":\"https:\\\/\\\/zakmet.pl\\\/\",\"name\":\"ZAKMET\",\"description\":\"\",\"potentialAction\":[{\"@type\":\"SearchAction\",\"target\":{\"@type\":\"EntryPoint\",\"urlTemplate\":\"https:\\\/\\\/zakmet.pl\\\/?s={search_term_string}\"},\"query-input\":{\"@type\":\"PropertyValueSpecification\",\"valueRequired\":true,\"valueName\":\"search_term_string\"}}],\"inLanguage\":\"de\"}]}<\/script>\n<!-- \/ Yoast SEO plugin. -->","yoast_head_json":{"title":"Pulverbeschichtung \u2022 Dienstleistungen \u2022 ZAKMET","description":"Das Pulverbeschichten gewinnt im Maschinenbau, in der Automobilindustrie und im Bauwesen an immer gr\u00f6\u00dferer Bedeutung.","robots":{"index":"index","follow":"follow","max-snippet":"max-snippet:-1","max-image-preview":"max-image-preview:large","max-video-preview":"max-video-preview:-1"},"canonical":"https:\/\/zakmet.pl\/de\/dienstleistungen\/pulverbeschichtung\/","og_locale":"de_DE","og_type":"article","og_title":"Pulverbeschichtung \u2022 Dienstleistungen \u2022 ZAKMET","og_description":"Das Pulverbeschichten gewinnt im Maschinenbau, in der Automobilindustrie und im Bauwesen an immer gr\u00f6\u00dferer Bedeutung.","og_url":"https:\/\/zakmet.pl\/de\/dienstleistungen\/pulverbeschichtung\/","og_site_name":"ZAKMET","article_publisher":"https:\/\/www.facebook.com\/zakmet.cncmachines\/","article_modified_time":"2016-05-13T10:40:18+00:00","og_image":[{"width":1200,"height":628,"url":"https:\/\/zakmet.pl\/wp-content\/uploads\/thumb.png","type":"image\/png"}],"twitter_card":"summary_large_image","twitter_misc":{"Gesch\u00e4tzte Lesezeit":"1\u00a0Minute"},"schema":{"@context":"https:\/\/schema.org","@graph":[{"@type":"WebPage","@id":"https:\/\/zakmet.pl\/de\/dienstleistungen\/pulverbeschichtung\/","url":"https:\/\/zakmet.pl\/de\/dienstleistungen\/pulverbeschichtung\/","name":"Pulverbeschichtung \u2022 Dienstleistungen \u2022 ZAKMET","isPartOf":{"@id":"https:\/\/zakmet.pl\/#website"},"datePublished":"2016-04-27T09:29:23+00:00","dateModified":"2016-05-13T10:40:18+00:00","description":"Das Pulverbeschichten gewinnt im Maschinenbau, in der Automobilindustrie und im Bauwesen an immer gr\u00f6\u00dferer Bedeutung.","breadcrumb":{"@id":"https:\/\/zakmet.pl\/de\/dienstleistungen\/pulverbeschichtung\/#breadcrumb"},"inLanguage":"de","potentialAction":[{"@type":"ReadAction","target":["https:\/\/zakmet.pl\/de\/dienstleistungen\/pulverbeschichtung\/"]}]},{"@type":"BreadcrumbList","@id":"https:\/\/zakmet.pl\/de\/dienstleistungen\/pulverbeschichtung\/#breadcrumb","itemListElement":[{"@type":"ListItem","position":1,"name":"Strona g\u0142\u00f3wna","item":"https:\/\/zakmet.pl\/de\/"},{"@type":"ListItem","position":2,"name":"Dienstleistungen","item":"https:\/\/zakmet.pl\/de\/dienstleistungen\/"},{"@type":"ListItem","position":3,"name":"Pulverbeschichtung"}]},{"@type":"WebSite","@id":"https:\/\/zakmet.pl\/#website","url":"https:\/\/zakmet.pl\/","name":"ZAKMET","description":"","potentialAction":[{"@type":"SearchAction","target":{"@type":"EntryPoint","urlTemplate":"https:\/\/zakmet.pl\/?s={search_term_string}"},"query-input":{"@type":"PropertyValueSpecification","valueRequired":true,"valueName":"search_term_string"}}],"inLanguage":"de"}]}},"_links":{"self":[{"href":"https:\/\/zakmet.pl\/de\/wp-json\/wp\/v2\/pages\/776","targetHints":{"allow":["GET"]}}],"collection":[{"href":"https:\/\/zakmet.pl\/de\/wp-json\/wp\/v2\/pages"}],"about":[{"href":"https:\/\/zakmet.pl\/de\/wp-json\/wp\/v2\/types\/page"}],"author":[{"embeddable":true,"href":"https:\/\/zakmet.pl\/de\/wp-json\/wp\/v2\/users\/1"}],"replies":[{"embeddable":true,"href":"https:\/\/zakmet.pl\/de\/wp-json\/wp\/v2\/comments?post=776"}],"version-history":[{"count":4,"href":"https:\/\/zakmet.pl\/de\/wp-json\/wp\/v2\/pages\/776\/revisions"}],"predecessor-version":[{"id":1197,"href":"https:\/\/zakmet.pl\/de\/wp-json\/wp\/v2\/pages\/776\/revisions\/1197"}],"up":[{"embeddable":true,"href":"https:\/\/zakmet.pl\/de\/wp-json\/wp\/v2\/pages\/756"}],"wp:attachment":[{"href":"https:\/\/zakmet.pl\/de\/wp-json\/wp\/v2\/media?parent=776"}],"curies":[{"name":"wp","href":"https:\/\/api.w.org\/{rel}","templated":true}]}}