{"id":770,"date":"2016-04-27T10:37:26","date_gmt":"2016-04-27T08:37:26","guid":{"rendered":"http:\/\/zakmet.pl\/de\/dienstleistungen\/spawanie\/"},"modified":"2016-05-12T13:53:08","modified_gmt":"2016-05-12T11:53:08","slug":"schweissen","status":"publish","type":"page","link":"https:\/\/zakmet.pl\/de\/dienstleistungen\/schweissen\/","title":{"rendered":"Schwei\u00dfen"},"content":{"rendered":"[mk_page_section min_height=&#8220;0&#8243; padding_top=&#8220;45&#8243; padding_bottom=&#8220;25&#8243; sidebar=&#8220;sidebar-1&#8243;][vc_column width=&#8220;1\/2&#8243;][vc_column_text]Wir bieten pr\u00e4zises Schleifen von Werkst\u00fccken mit kleinen sowie gro\u00dfen Ma\u03b2en an. Bei unserer Arbeit nutzen wir auch Schwei\u00dfroboter, die im Stande sind, die kompliziertesten Teile zu schwei\u00dfen. Wir wenden folgende Schwei\u00dfverfahren an:<\/p>\n<ul>\n<li>MIG\/MAG \u2013 Lichtbogenschwei\u00dfen von Metallteilen mit einer Dicke von \u00fcber 1 mm, bei dem ein schmelzbarer Metalldraht unter inerter\/aktiver Schutzgasabdeckung geschmolzen wird. Dieses Verfahren dient zum Verschwei\u00dfen von unlegiertem, legiertem und hochlegiertem Baustahl sowie Aluminium und Aluminiumlegierungen.<\/li>\n<li>TIG \u2013 Schwei\u00dfen von Materialien mit einer Dicke unter 1 mm, bei dem der Schwei\u00dflichtbogen zwischen einer unverbrauchbaren Elektrode unter inerter Schutzgasabdeckung erzeugt wird. Dieses Schwei\u00dfverfahren dient meistens zum Verschwei\u00dfen von warmfesten hoch- und niedriglegierten St\u00e4hlen sowie Nickel, Aluminium, Magnesium, Kupfer und Legierungen dieser Stoffe.<\/li>\n<\/ul>\n[\/vc_column_text][\/vc_column][vc_column width=&#8220;1\/2&#8243;][mk_image src=&#8220;http:\/\/zakmet.pl\/wp-content\/uploads\/spawanie.jpg&#8220; image_size=&#8220;full&#8220;][\/vc_column][\/mk_page_section]\n","protected":false},"excerpt":{"rendered":"<p>[mk_page_section min_height=&#8220;0&#8243; padding_top=&#8220;45&#8243; padding_bottom=&#8220;25&#8243; sidebar=&#8220;sidebar-1&#8243;][vc_column width=&#8220;1\/2&#8243;][vc_column_text]Wir bieten pr\u00e4zises Schleifen von Werkst\u00fccken mit kleinen sowie gro\u00dfen Ma\u03b2en an. Bei unserer Arbeit nutzen wir auch Schwei\u00dfroboter, die im Stande sind, die kompliziertesten Teile zu schwei\u00dfen. Wir wenden folgende Schwei\u00dfverfahren an: MIG\/MAG \u2013 Lichtbogenschwei\u00dfen von Metallteilen mit einer Dicke von \u00fcber 1 mm, bei dem ein schmelzbarer Metalldraht [&hellip;]<\/p>\n","protected":false},"author":1,"featured_media":485,"parent":756,"menu_order":55,"comment_status":"closed","ping_status":"closed","template":"","meta":{"footnotes":""},"class_list":["post-770","page","type-page","status-publish","has-post-thumbnail","hentry"],"yoast_head":"<!-- This site is optimized with the Yoast SEO plugin v27.4 - https:\/\/yoast.com\/product\/yoast-seo-wordpress\/ -->\n<title>Schwei\u00dfen \u2022 Dienstleistungen \u2022 ZAKMET<\/title>\n<meta name=\"description\" content=\"Wir bieten pr\u00e4zises Schleifen von Werkst\u00fccken mit kleinen sowie gro\u00dfen Ma\u03b2en an.\" \/>\n<meta name=\"robots\" content=\"index, follow, max-snippet:-1, max-image-preview:large, max-video-preview:-1\" \/>\n<link rel=\"canonical\" href=\"https:\/\/zakmet.pl\/de\/dienstleistungen\/schweissen\/\" \/>\n<meta property=\"og:locale\" content=\"de_DE\" \/>\n<meta property=\"og:type\" content=\"article\" \/>\n<meta property=\"og:title\" content=\"Schwei\u00dfen \u2022 Dienstleistungen \u2022 ZAKMET\" \/>\n<meta property=\"og:description\" content=\"Wir bieten pr\u00e4zises Schleifen von Werkst\u00fccken mit kleinen sowie gro\u00dfen Ma\u03b2en an.\" \/>\n<meta property=\"og:url\" content=\"https:\/\/zakmet.pl\/de\/dienstleistungen\/schweissen\/\" \/>\n<meta property=\"og:site_name\" content=\"ZAKMET\" \/>\n<meta property=\"article:publisher\" content=\"https:\/\/www.facebook.com\/zakmet.cncmachines\/\" \/>\n<meta property=\"article:modified_time\" content=\"2016-05-12T11:53:08+00:00\" \/>\n<meta property=\"og:image\" content=\"https:\/\/zakmet.pl\/wp-content\/uploads\/spawanie.jpg\" \/>\n\t<meta property=\"og:image:width\" content=\"1920\" \/>\n\t<meta property=\"og:image:height\" content=\"1200\" \/>\n\t<meta property=\"og:image:type\" content=\"image\/jpeg\" \/>\n<meta name=\"twitter:card\" content=\"summary_large_image\" \/>\n<meta name=\"twitter:label1\" content=\"Gesch\u00e4tzte Lesezeit\" \/>\n\t<meta name=\"twitter:data1\" content=\"1\u00a0Minute\" \/>\n<script type=\"application\/ld+json\" class=\"yoast-schema-graph\">{\"@context\":\"https:\\\/\\\/schema.org\",\"@graph\":[{\"@type\":\"WebPage\",\"@id\":\"https:\\\/\\\/zakmet.pl\\\/de\\\/dienstleistungen\\\/schweissen\\\/\",\"url\":\"https:\\\/\\\/zakmet.pl\\\/de\\\/dienstleistungen\\\/schweissen\\\/\",\"name\":\"Schwei\u00dfen \u2022 Dienstleistungen \u2022 ZAKMET\",\"isPartOf\":{\"@id\":\"https:\\\/\\\/zakmet.pl\\\/#website\"},\"primaryImageOfPage\":{\"@id\":\"https:\\\/\\\/zakmet.pl\\\/de\\\/dienstleistungen\\\/schweissen\\\/#primaryimage\"},\"image\":{\"@id\":\"https:\\\/\\\/zakmet.pl\\\/de\\\/dienstleistungen\\\/schweissen\\\/#primaryimage\"},\"thumbnailUrl\":\"https:\\\/\\\/zakmet.pl\\\/wp-content\\\/uploads\\\/spawanie.jpg\",\"datePublished\":\"2016-04-27T08:37:26+00:00\",\"dateModified\":\"2016-05-12T11:53:08+00:00\",\"description\":\"Wir bieten pr\u00e4zises Schleifen von Werkst\u00fccken mit kleinen sowie gro\u00dfen Ma\u03b2en an.\",\"breadcrumb\":{\"@id\":\"https:\\\/\\\/zakmet.pl\\\/de\\\/dienstleistungen\\\/schweissen\\\/#breadcrumb\"},\"inLanguage\":\"de\",\"potentialAction\":[{\"@type\":\"ReadAction\",\"target\":[\"https:\\\/\\\/zakmet.pl\\\/de\\\/dienstleistungen\\\/schweissen\\\/\"]}]},{\"@type\":\"ImageObject\",\"inLanguage\":\"de\",\"@id\":\"https:\\\/\\\/zakmet.pl\\\/de\\\/dienstleistungen\\\/schweissen\\\/#primaryimage\",\"url\":\"https:\\\/\\\/zakmet.pl\\\/wp-content\\\/uploads\\\/spawanie.jpg\",\"contentUrl\":\"https:\\\/\\\/zakmet.pl\\\/wp-content\\\/uploads\\\/spawanie.jpg\",\"width\":1920,\"height\":1200},{\"@type\":\"BreadcrumbList\",\"@id\":\"https:\\\/\\\/zakmet.pl\\\/de\\\/dienstleistungen\\\/schweissen\\\/#breadcrumb\",\"itemListElement\":[{\"@type\":\"ListItem\",\"position\":1,\"name\":\"Strona g\u0142\u00f3wna\",\"item\":\"https:\\\/\\\/zakmet.pl\\\/de\\\/\"},{\"@type\":\"ListItem\",\"position\":2,\"name\":\"Dienstleistungen\",\"item\":\"https:\\\/\\\/zakmet.pl\\\/de\\\/dienstleistungen\\\/\"},{\"@type\":\"ListItem\",\"position\":3,\"name\":\"Schwei\u00dfen\"}]},{\"@type\":\"WebSite\",\"@id\":\"https:\\\/\\\/zakmet.pl\\\/#website\",\"url\":\"https:\\\/\\\/zakmet.pl\\\/\",\"name\":\"ZAKMET\",\"description\":\"\",\"potentialAction\":[{\"@type\":\"SearchAction\",\"target\":{\"@type\":\"EntryPoint\",\"urlTemplate\":\"https:\\\/\\\/zakmet.pl\\\/?s={search_term_string}\"},\"query-input\":{\"@type\":\"PropertyValueSpecification\",\"valueRequired\":true,\"valueName\":\"search_term_string\"}}],\"inLanguage\":\"de\"}]}<\/script>\n<!-- \/ Yoast SEO plugin. -->","yoast_head_json":{"title":"Schwei\u00dfen \u2022 Dienstleistungen \u2022 ZAKMET","description":"Wir bieten pr\u00e4zises Schleifen von Werkst\u00fccken mit kleinen sowie gro\u00dfen Ma\u03b2en an.","robots":{"index":"index","follow":"follow","max-snippet":"max-snippet:-1","max-image-preview":"max-image-preview:large","max-video-preview":"max-video-preview:-1"},"canonical":"https:\/\/zakmet.pl\/de\/dienstleistungen\/schweissen\/","og_locale":"de_DE","og_type":"article","og_title":"Schwei\u00dfen \u2022 Dienstleistungen \u2022 ZAKMET","og_description":"Wir bieten pr\u00e4zises Schleifen von Werkst\u00fccken mit kleinen sowie gro\u00dfen Ma\u03b2en an.","og_url":"https:\/\/zakmet.pl\/de\/dienstleistungen\/schweissen\/","og_site_name":"ZAKMET","article_publisher":"https:\/\/www.facebook.com\/zakmet.cncmachines\/","article_modified_time":"2016-05-12T11:53:08+00:00","og_image":[{"width":1920,"height":1200,"url":"https:\/\/zakmet.pl\/wp-content\/uploads\/spawanie.jpg","type":"image\/jpeg"}],"twitter_card":"summary_large_image","twitter_misc":{"Gesch\u00e4tzte Lesezeit":"1\u00a0Minute"},"schema":{"@context":"https:\/\/schema.org","@graph":[{"@type":"WebPage","@id":"https:\/\/zakmet.pl\/de\/dienstleistungen\/schweissen\/","url":"https:\/\/zakmet.pl\/de\/dienstleistungen\/schweissen\/","name":"Schwei\u00dfen \u2022 Dienstleistungen \u2022 ZAKMET","isPartOf":{"@id":"https:\/\/zakmet.pl\/#website"},"primaryImageOfPage":{"@id":"https:\/\/zakmet.pl\/de\/dienstleistungen\/schweissen\/#primaryimage"},"image":{"@id":"https:\/\/zakmet.pl\/de\/dienstleistungen\/schweissen\/#primaryimage"},"thumbnailUrl":"https:\/\/zakmet.pl\/wp-content\/uploads\/spawanie.jpg","datePublished":"2016-04-27T08:37:26+00:00","dateModified":"2016-05-12T11:53:08+00:00","description":"Wir bieten pr\u00e4zises Schleifen von Werkst\u00fccken mit kleinen sowie gro\u00dfen Ma\u03b2en an.","breadcrumb":{"@id":"https:\/\/zakmet.pl\/de\/dienstleistungen\/schweissen\/#breadcrumb"},"inLanguage":"de","potentialAction":[{"@type":"ReadAction","target":["https:\/\/zakmet.pl\/de\/dienstleistungen\/schweissen\/"]}]},{"@type":"ImageObject","inLanguage":"de","@id":"https:\/\/zakmet.pl\/de\/dienstleistungen\/schweissen\/#primaryimage","url":"https:\/\/zakmet.pl\/wp-content\/uploads\/spawanie.jpg","contentUrl":"https:\/\/zakmet.pl\/wp-content\/uploads\/spawanie.jpg","width":1920,"height":1200},{"@type":"BreadcrumbList","@id":"https:\/\/zakmet.pl\/de\/dienstleistungen\/schweissen\/#breadcrumb","itemListElement":[{"@type":"ListItem","position":1,"name":"Strona g\u0142\u00f3wna","item":"https:\/\/zakmet.pl\/de\/"},{"@type":"ListItem","position":2,"name":"Dienstleistungen","item":"https:\/\/zakmet.pl\/de\/dienstleistungen\/"},{"@type":"ListItem","position":3,"name":"Schwei\u00dfen"}]},{"@type":"WebSite","@id":"https:\/\/zakmet.pl\/#website","url":"https:\/\/zakmet.pl\/","name":"ZAKMET","description":"","potentialAction":[{"@type":"SearchAction","target":{"@type":"EntryPoint","urlTemplate":"https:\/\/zakmet.pl\/?s={search_term_string}"},"query-input":{"@type":"PropertyValueSpecification","valueRequired":true,"valueName":"search_term_string"}}],"inLanguage":"de"}]}},"_links":{"self":[{"href":"https:\/\/zakmet.pl\/de\/wp-json\/wp\/v2\/pages\/770","targetHints":{"allow":["GET"]}}],"collection":[{"href":"https:\/\/zakmet.pl\/de\/wp-json\/wp\/v2\/pages"}],"about":[{"href":"https:\/\/zakmet.pl\/de\/wp-json\/wp\/v2\/types\/page"}],"author":[{"embeddable":true,"href":"https:\/\/zakmet.pl\/de\/wp-json\/wp\/v2\/users\/1"}],"replies":[{"embeddable":true,"href":"https:\/\/zakmet.pl\/de\/wp-json\/wp\/v2\/comments?post=770"}],"version-history":[{"count":3,"href":"https:\/\/zakmet.pl\/de\/wp-json\/wp\/v2\/pages\/770\/revisions"}],"predecessor-version":[{"id":1103,"href":"https:\/\/zakmet.pl\/de\/wp-json\/wp\/v2\/pages\/770\/revisions\/1103"}],"up":[{"embeddable":true,"href":"https:\/\/zakmet.pl\/de\/wp-json\/wp\/v2\/pages\/756"}],"wp:featuredmedia":[{"embeddable":true,"href":"https:\/\/zakmet.pl\/de\/wp-json\/wp\/v2\/media\/485"}],"wp:attachment":[{"href":"https:\/\/zakmet.pl\/de\/wp-json\/wp\/v2\/media?parent=770"}],"curies":[{"name":"wp","href":"https:\/\/api.w.org\/{rel}","templated":true}]}}