{"id":764,"date":"2016-04-27T10:23:15","date_gmt":"2016-04-27T08:23:15","guid":{"rendered":"http:\/\/zakmet.pl\/de\/dienstleistungen\/ciecie-woda\/"},"modified":"2016-05-12T13:49:39","modified_gmt":"2016-05-12T11:49:39","slug":"wasserstrahlschneiden","status":"publish","type":"page","link":"https:\/\/zakmet.pl\/de\/dienstleistungen\/wasserstrahlschneiden\/","title":{"rendered":"Wasserstrahlschneiden"},"content":{"rendered":"[mk_page_section min_height=&#8220;0&#8243; padding_top=&#8220;45&#8243; padding_bottom=&#8220;25&#8243; sidebar=&#8220;sidebar-1&#8243;][vc_column width=&#8220;1\/2&#8243;][vc_column_text]Beim Waterjet-Verfahren wird ein Hochdruckwasserstrahl (\u00fcber 4000 bar) zum pr\u00e4zisen Trennen verschiedener Materialsorten genutzt. Dieses Verfahren zeichnet sich durch seine Umweltfreundlichkeit und dadurch aus, da\u03b2 keine thermischen, mechanischen und chemischen Belastungen auftreten. Es eignet sich ausgezeichnet zum Trennen von schwierig zu bearbeitenden Werkst\u00fccken (Keramik, Gummi, Stein, Glas, Kunststoff usw.).<\/p>\n<p>Bei der Herstellung von Details erm\u00f6glicht dieses Verfahren pr\u00e4zise Schnitte in beliebiger Form mit Schnittkanten von H\u00f6chstqualit\u00e4t.<\/p>\n<p>Die maximale Dicke h\u00e4ngt von vielen Faktoren ab, z.B. betr\u00e4gt die maximale Dicke von zu trennendem Edelstahl 200 mm und die Schnittgenauigkeit ca. 0,2 mm. Die Breite der Schnittspalte betr\u00e4gt ca. 1 mm.<\/p>\n<p>In unserer Betriebsst\u00e4tte wird das Wasserstrahlschneiden bei folgenden Materialien bevorzugt eingesetzt: Stein (Marmor, Granit), Kunststoff, Keramik.[\/vc_column_text][mk_button dimension=&#8220;savvy&#8220; url=&#8220;\/baza-wiedzy\/ciecie-woda\/&#8220; outline_skin=&#8220;custom&#8220; outline_active_text_color=&#8220;#3d464d&#8220; outline_hover_bg_color=&#8220;#147bb8&#8243; outline_hover_color=&#8220;#ffffff&#8220;]Wi\u0119cej[\/mk_button][\/vc_column][vc_column width=&#8220;1\/2&#8243;][mk_image src=&#8220;\/wp-content\/uploads\/ciecie-woda.jpg&#8220; image_size=&#8220;full&#8220;][\/vc_column][\/mk_page_section]\n","protected":false},"excerpt":{"rendered":"<p>[mk_page_section min_height=&#8220;0&#8243; padding_top=&#8220;45&#8243; padding_bottom=&#8220;25&#8243; sidebar=&#8220;sidebar-1&#8243;][vc_column width=&#8220;1\/2&#8243;][vc_column_text]Beim Waterjet-Verfahren wird ein Hochdruckwasserstrahl (\u00fcber 4000 bar) zum pr\u00e4zisen Trennen verschiedener Materialsorten genutzt. Dieses Verfahren zeichnet sich durch seine Umweltfreundlichkeit und dadurch aus, da\u03b2 keine thermischen, mechanischen und chemischen Belastungen auftreten. Es eignet sich ausgezeichnet zum Trennen von schwierig zu bearbeitenden Werkst\u00fccken (Keramik, Gummi, Stein, Glas, Kunststoff usw.). Bei [&hellip;]<\/p>\n","protected":false},"author":1,"featured_media":481,"parent":756,"menu_order":53,"comment_status":"closed","ping_status":"closed","template":"","meta":{"footnotes":""},"class_list":["post-764","page","type-page","status-publish","has-post-thumbnail","hentry"],"yoast_head":"<!-- This site is optimized with the Yoast SEO plugin v27.4 - https:\/\/yoast.com\/product\/yoast-seo-wordpress\/ -->\n<title>Wasserstrahlschneiden \u2022 Dienstleistungen \u2022 ZAKMET<\/title>\n<meta name=\"description\" content=\"Mit Wasserstrahlen k\u00f6nnen pr\u00e4zise Schnitte von beliebiger Form durchgef\u00fchrt werden, ohne dass die Qualit\u00e4t der Schneider\u00e4nder darunter leidet.\" \/>\n<meta name=\"robots\" content=\"index, follow, max-snippet:-1, max-image-preview:large, max-video-preview:-1\" \/>\n<link rel=\"canonical\" href=\"https:\/\/zakmet.pl\/de\/dienstleistungen\/wasserstrahlschneiden\/\" \/>\n<meta property=\"og:locale\" content=\"de_DE\" \/>\n<meta property=\"og:type\" content=\"article\" \/>\n<meta property=\"og:title\" content=\"Wasserstrahlschneiden \u2022 Dienstleistungen \u2022 ZAKMET\" \/>\n<meta property=\"og:description\" content=\"Mit Wasserstrahlen k\u00f6nnen pr\u00e4zise Schnitte von beliebiger Form durchgef\u00fchrt werden, ohne dass die Qualit\u00e4t der Schneider\u00e4nder darunter leidet.\" \/>\n<meta property=\"og:url\" content=\"https:\/\/zakmet.pl\/de\/dienstleistungen\/wasserstrahlschneiden\/\" \/>\n<meta property=\"og:site_name\" content=\"ZAKMET\" \/>\n<meta property=\"article:publisher\" content=\"https:\/\/www.facebook.com\/zakmet.cncmachines\/\" \/>\n<meta property=\"article:modified_time\" content=\"2016-05-12T11:49:39+00:00\" \/>\n<meta property=\"og:image\" content=\"https:\/\/zakmet.pl\/wp-content\/uploads\/ciecie-woda.jpg\" \/>\n\t<meta property=\"og:image:width\" content=\"1920\" \/>\n\t<meta property=\"og:image:height\" content=\"1200\" \/>\n\t<meta property=\"og:image:type\" content=\"image\/jpeg\" \/>\n<meta name=\"twitter:card\" content=\"summary_large_image\" \/>\n<meta name=\"twitter:label1\" content=\"Gesch\u00e4tzte Lesezeit\" \/>\n\t<meta name=\"twitter:data1\" content=\"1\u00a0Minute\" \/>\n<script type=\"application\/ld+json\" class=\"yoast-schema-graph\">{\"@context\":\"https:\\\/\\\/schema.org\",\"@graph\":[{\"@type\":\"WebPage\",\"@id\":\"https:\\\/\\\/zakmet.pl\\\/de\\\/dienstleistungen\\\/wasserstrahlschneiden\\\/\",\"url\":\"https:\\\/\\\/zakmet.pl\\\/de\\\/dienstleistungen\\\/wasserstrahlschneiden\\\/\",\"name\":\"Wasserstrahlschneiden \u2022 Dienstleistungen \u2022 ZAKMET\",\"isPartOf\":{\"@id\":\"https:\\\/\\\/zakmet.pl\\\/#website\"},\"primaryImageOfPage\":{\"@id\":\"https:\\\/\\\/zakmet.pl\\\/de\\\/dienstleistungen\\\/wasserstrahlschneiden\\\/#primaryimage\"},\"image\":{\"@id\":\"https:\\\/\\\/zakmet.pl\\\/de\\\/dienstleistungen\\\/wasserstrahlschneiden\\\/#primaryimage\"},\"thumbnailUrl\":\"https:\\\/\\\/zakmet.pl\\\/wp-content\\\/uploads\\\/ciecie-woda.jpg\",\"datePublished\":\"2016-04-27T08:23:15+00:00\",\"dateModified\":\"2016-05-12T11:49:39+00:00\",\"description\":\"Mit Wasserstrahlen k\u00f6nnen pr\u00e4zise Schnitte von beliebiger Form durchgef\u00fchrt werden, ohne dass die Qualit\u00e4t der Schneider\u00e4nder darunter leidet.\",\"breadcrumb\":{\"@id\":\"https:\\\/\\\/zakmet.pl\\\/de\\\/dienstleistungen\\\/wasserstrahlschneiden\\\/#breadcrumb\"},\"inLanguage\":\"de\",\"potentialAction\":[{\"@type\":\"ReadAction\",\"target\":[\"https:\\\/\\\/zakmet.pl\\\/de\\\/dienstleistungen\\\/wasserstrahlschneiden\\\/\"]}]},{\"@type\":\"ImageObject\",\"inLanguage\":\"de\",\"@id\":\"https:\\\/\\\/zakmet.pl\\\/de\\\/dienstleistungen\\\/wasserstrahlschneiden\\\/#primaryimage\",\"url\":\"https:\\\/\\\/zakmet.pl\\\/wp-content\\\/uploads\\\/ciecie-woda.jpg\",\"contentUrl\":\"https:\\\/\\\/zakmet.pl\\\/wp-content\\\/uploads\\\/ciecie-woda.jpg\",\"width\":1920,\"height\":1200,\"caption\":\"ci\u0119cie wod\u0105\"},{\"@type\":\"BreadcrumbList\",\"@id\":\"https:\\\/\\\/zakmet.pl\\\/de\\\/dienstleistungen\\\/wasserstrahlschneiden\\\/#breadcrumb\",\"itemListElement\":[{\"@type\":\"ListItem\",\"position\":1,\"name\":\"Strona g\u0142\u00f3wna\",\"item\":\"https:\\\/\\\/zakmet.pl\\\/de\\\/\"},{\"@type\":\"ListItem\",\"position\":2,\"name\":\"Dienstleistungen\",\"item\":\"https:\\\/\\\/zakmet.pl\\\/de\\\/dienstleistungen\\\/\"},{\"@type\":\"ListItem\",\"position\":3,\"name\":\"Wasserstrahlschneiden\"}]},{\"@type\":\"WebSite\",\"@id\":\"https:\\\/\\\/zakmet.pl\\\/#website\",\"url\":\"https:\\\/\\\/zakmet.pl\\\/\",\"name\":\"ZAKMET\",\"description\":\"\",\"potentialAction\":[{\"@type\":\"SearchAction\",\"target\":{\"@type\":\"EntryPoint\",\"urlTemplate\":\"https:\\\/\\\/zakmet.pl\\\/?s={search_term_string}\"},\"query-input\":{\"@type\":\"PropertyValueSpecification\",\"valueRequired\":true,\"valueName\":\"search_term_string\"}}],\"inLanguage\":\"de\"}]}<\/script>\n<!-- \/ Yoast SEO plugin. -->","yoast_head_json":{"title":"Wasserstrahlschneiden \u2022 Dienstleistungen \u2022 ZAKMET","description":"Mit Wasserstrahlen k\u00f6nnen pr\u00e4zise Schnitte von beliebiger Form durchgef\u00fchrt werden, ohne dass die Qualit\u00e4t der Schneider\u00e4nder darunter leidet.","robots":{"index":"index","follow":"follow","max-snippet":"max-snippet:-1","max-image-preview":"max-image-preview:large","max-video-preview":"max-video-preview:-1"},"canonical":"https:\/\/zakmet.pl\/de\/dienstleistungen\/wasserstrahlschneiden\/","og_locale":"de_DE","og_type":"article","og_title":"Wasserstrahlschneiden \u2022 Dienstleistungen \u2022 ZAKMET","og_description":"Mit Wasserstrahlen k\u00f6nnen pr\u00e4zise Schnitte von beliebiger Form durchgef\u00fchrt werden, ohne dass die Qualit\u00e4t der Schneider\u00e4nder darunter leidet.","og_url":"https:\/\/zakmet.pl\/de\/dienstleistungen\/wasserstrahlschneiden\/","og_site_name":"ZAKMET","article_publisher":"https:\/\/www.facebook.com\/zakmet.cncmachines\/","article_modified_time":"2016-05-12T11:49:39+00:00","og_image":[{"width":1920,"height":1200,"url":"https:\/\/zakmet.pl\/wp-content\/uploads\/ciecie-woda.jpg","type":"image\/jpeg"}],"twitter_card":"summary_large_image","twitter_misc":{"Gesch\u00e4tzte Lesezeit":"1\u00a0Minute"},"schema":{"@context":"https:\/\/schema.org","@graph":[{"@type":"WebPage","@id":"https:\/\/zakmet.pl\/de\/dienstleistungen\/wasserstrahlschneiden\/","url":"https:\/\/zakmet.pl\/de\/dienstleistungen\/wasserstrahlschneiden\/","name":"Wasserstrahlschneiden \u2022 Dienstleistungen \u2022 ZAKMET","isPartOf":{"@id":"https:\/\/zakmet.pl\/#website"},"primaryImageOfPage":{"@id":"https:\/\/zakmet.pl\/de\/dienstleistungen\/wasserstrahlschneiden\/#primaryimage"},"image":{"@id":"https:\/\/zakmet.pl\/de\/dienstleistungen\/wasserstrahlschneiden\/#primaryimage"},"thumbnailUrl":"https:\/\/zakmet.pl\/wp-content\/uploads\/ciecie-woda.jpg","datePublished":"2016-04-27T08:23:15+00:00","dateModified":"2016-05-12T11:49:39+00:00","description":"Mit Wasserstrahlen k\u00f6nnen pr\u00e4zise Schnitte von beliebiger Form durchgef\u00fchrt werden, ohne dass die Qualit\u00e4t der Schneider\u00e4nder darunter leidet.","breadcrumb":{"@id":"https:\/\/zakmet.pl\/de\/dienstleistungen\/wasserstrahlschneiden\/#breadcrumb"},"inLanguage":"de","potentialAction":[{"@type":"ReadAction","target":["https:\/\/zakmet.pl\/de\/dienstleistungen\/wasserstrahlschneiden\/"]}]},{"@type":"ImageObject","inLanguage":"de","@id":"https:\/\/zakmet.pl\/de\/dienstleistungen\/wasserstrahlschneiden\/#primaryimage","url":"https:\/\/zakmet.pl\/wp-content\/uploads\/ciecie-woda.jpg","contentUrl":"https:\/\/zakmet.pl\/wp-content\/uploads\/ciecie-woda.jpg","width":1920,"height":1200,"caption":"ci\u0119cie wod\u0105"},{"@type":"BreadcrumbList","@id":"https:\/\/zakmet.pl\/de\/dienstleistungen\/wasserstrahlschneiden\/#breadcrumb","itemListElement":[{"@type":"ListItem","position":1,"name":"Strona g\u0142\u00f3wna","item":"https:\/\/zakmet.pl\/de\/"},{"@type":"ListItem","position":2,"name":"Dienstleistungen","item":"https:\/\/zakmet.pl\/de\/dienstleistungen\/"},{"@type":"ListItem","position":3,"name":"Wasserstrahlschneiden"}]},{"@type":"WebSite","@id":"https:\/\/zakmet.pl\/#website","url":"https:\/\/zakmet.pl\/","name":"ZAKMET","description":"","potentialAction":[{"@type":"SearchAction","target":{"@type":"EntryPoint","urlTemplate":"https:\/\/zakmet.pl\/?s={search_term_string}"},"query-input":{"@type":"PropertyValueSpecification","valueRequired":true,"valueName":"search_term_string"}}],"inLanguage":"de"}]}},"_links":{"self":[{"href":"https:\/\/zakmet.pl\/de\/wp-json\/wp\/v2\/pages\/764","targetHints":{"allow":["GET"]}}],"collection":[{"href":"https:\/\/zakmet.pl\/de\/wp-json\/wp\/v2\/pages"}],"about":[{"href":"https:\/\/zakmet.pl\/de\/wp-json\/wp\/v2\/types\/page"}],"author":[{"embeddable":true,"href":"https:\/\/zakmet.pl\/de\/wp-json\/wp\/v2\/users\/1"}],"replies":[{"embeddable":true,"href":"https:\/\/zakmet.pl\/de\/wp-json\/wp\/v2\/comments?post=764"}],"version-history":[{"count":3,"href":"https:\/\/zakmet.pl\/de\/wp-json\/wp\/v2\/pages\/764\/revisions"}],"predecessor-version":[{"id":1101,"href":"https:\/\/zakmet.pl\/de\/wp-json\/wp\/v2\/pages\/764\/revisions\/1101"}],"up":[{"embeddable":true,"href":"https:\/\/zakmet.pl\/de\/wp-json\/wp\/v2\/pages\/756"}],"wp:featuredmedia":[{"embeddable":true,"href":"https:\/\/zakmet.pl\/de\/wp-json\/wp\/v2\/media\/481"}],"wp:attachment":[{"href":"https:\/\/zakmet.pl\/de\/wp-json\/wp\/v2\/media?parent=764"}],"curies":[{"name":"wp","href":"https:\/\/api.w.org\/{rel}","templated":true}]}}