{"id":761,"date":"2016-04-27T10:14:37","date_gmt":"2016-04-27T08:14:37","guid":{"rendered":"http:\/\/zakmet.pl\/de\/dienstleistungen\/ciecie-gazowe\/"},"modified":"2016-05-12T13:48:42","modified_gmt":"2016-05-12T11:48:42","slug":"autogenschneiden","status":"publish","type":"page","link":"https:\/\/zakmet.pl\/de\/dienstleistungen\/autogenschneiden\/","title":{"rendered":"Autogenschneiden"},"content":{"rendered":"[mk_page_section min_height=&#8220;0&#8243; padding_top=&#8220;45&#8243; padding_bottom=&#8220;25&#8243; sidebar=&#8220;sidebar-1&#8243;][vc_column width=&#8220;1\/2&#8243;][vc_column_text]Das autogene Brennschneiden ist eines der beliebtesten Trennverfahren, das beim Schneiden von Blech angewandt wird. Dieses Verfahren erm\u00f6glicht das Schneiden von Blech mit einer Dicke von mehreren Millimetern bis zu \u00fcber 20 Zentimetern. Mit Hilfe dieses Verfahrens kann Schwarzblech mit einer Dicke von bis zu 200 mm geschnitten werden.<\/p>\n<p>Maximale Blechgr\u00f6\u00dfe: 3 000 \u00d7 2 000 mm.[\/vc_column_text][mk_button dimension=&#8220;savvy&#8220; url=&#8220;\/baza-wiedzy\/ciecie-gazowe\/&#8220; outline_skin=&#8220;custom&#8220; outline_active_text_color=&#8220;#3d464d&#8220; outline_hover_bg_color=&#8220;#147bb8&#8243; outline_hover_color=&#8220;#ffffff&#8220;]Wi\u0119cej[\/mk_button][\/vc_column][vc_column width=&#8220;1\/2&#8243;][mk_image src=&#8220;\/wp-content\/uploads\/ciecie-gazem.jpg&#8220; image_size=&#8220;full&#8220;][\/vc_column][\/mk_page_section]\n","protected":false},"excerpt":{"rendered":"<p>[mk_page_section min_height=&#8220;0&#8243; padding_top=&#8220;45&#8243; padding_bottom=&#8220;25&#8243; sidebar=&#8220;sidebar-1&#8243;][vc_column width=&#8220;1\/2&#8243;][vc_column_text]Das autogene Brennschneiden ist eines der beliebtesten Trennverfahren, das beim Schneiden von Blech angewandt wird. Dieses Verfahren erm\u00f6glicht das Schneiden von Blech mit einer Dicke von mehreren Millimetern bis zu \u00fcber 20 Zentimetern. Mit Hilfe dieses Verfahrens kann Schwarzblech mit einer Dicke von bis zu 200 mm geschnitten werden. Maximale [&hellip;]<\/p>\n","protected":false},"author":1,"featured_media":479,"parent":756,"menu_order":52,"comment_status":"closed","ping_status":"closed","template":"","meta":{"footnotes":""},"class_list":["post-761","page","type-page","status-publish","has-post-thumbnail","hentry"],"yoast_head":"<!-- This site is optimized with the Yoast SEO plugin v27.4 - https:\/\/yoast.com\/product\/yoast-seo-wordpress\/ -->\n<title>Autogenschneiden \u2022 Dienstleistungen \u2022 ZAKMET<\/title>\n<meta name=\"description\" content=\"Das Autogenschneiden ist eines der beliebtesten Stahlschneidmethoden, vor allem wenn es um Blech geht.\" \/>\n<meta name=\"robots\" content=\"index, follow, max-snippet:-1, max-image-preview:large, max-video-preview:-1\" \/>\n<link rel=\"canonical\" href=\"https:\/\/zakmet.pl\/de\/dienstleistungen\/autogenschneiden\/\" \/>\n<meta property=\"og:locale\" content=\"de_DE\" \/>\n<meta property=\"og:type\" content=\"article\" \/>\n<meta property=\"og:title\" content=\"Autogenschneiden \u2022 Dienstleistungen \u2022 ZAKMET\" \/>\n<meta property=\"og:description\" content=\"Das Autogenschneiden ist eines der beliebtesten Stahlschneidmethoden, vor allem wenn es um Blech geht.\" \/>\n<meta property=\"og:url\" content=\"https:\/\/zakmet.pl\/de\/dienstleistungen\/autogenschneiden\/\" \/>\n<meta property=\"og:site_name\" content=\"ZAKMET\" \/>\n<meta property=\"article:publisher\" content=\"https:\/\/www.facebook.com\/zakmet.cncmachines\/\" \/>\n<meta property=\"article:modified_time\" content=\"2016-05-12T11:48:42+00:00\" \/>\n<meta property=\"og:image\" content=\"https:\/\/zakmet.pl\/wp-content\/uploads\/ciecie-gazem.jpg\" \/>\n\t<meta property=\"og:image:width\" content=\"1920\" \/>\n\t<meta property=\"og:image:height\" content=\"1200\" \/>\n\t<meta property=\"og:image:type\" content=\"image\/jpeg\" \/>\n<meta name=\"twitter:card\" content=\"summary_large_image\" \/>\n<meta name=\"twitter:label1\" content=\"Gesch\u00e4tzte Lesezeit\" \/>\n\t<meta name=\"twitter:data1\" content=\"1\u00a0Minute\" \/>\n<script type=\"application\/ld+json\" class=\"yoast-schema-graph\">{\"@context\":\"https:\\\/\\\/schema.org\",\"@graph\":[{\"@type\":\"WebPage\",\"@id\":\"https:\\\/\\\/zakmet.pl\\\/de\\\/dienstleistungen\\\/autogenschneiden\\\/\",\"url\":\"https:\\\/\\\/zakmet.pl\\\/de\\\/dienstleistungen\\\/autogenschneiden\\\/\",\"name\":\"Autogenschneiden \u2022 Dienstleistungen \u2022 ZAKMET\",\"isPartOf\":{\"@id\":\"https:\\\/\\\/zakmet.pl\\\/#website\"},\"primaryImageOfPage\":{\"@id\":\"https:\\\/\\\/zakmet.pl\\\/de\\\/dienstleistungen\\\/autogenschneiden\\\/#primaryimage\"},\"image\":{\"@id\":\"https:\\\/\\\/zakmet.pl\\\/de\\\/dienstleistungen\\\/autogenschneiden\\\/#primaryimage\"},\"thumbnailUrl\":\"https:\\\/\\\/zakmet.pl\\\/wp-content\\\/uploads\\\/ciecie-gazem.jpg\",\"datePublished\":\"2016-04-27T08:14:37+00:00\",\"dateModified\":\"2016-05-12T11:48:42+00:00\",\"description\":\"Das Autogenschneiden ist eines der beliebtesten Stahlschneidmethoden, vor allem wenn es um Blech geht.\",\"breadcrumb\":{\"@id\":\"https:\\\/\\\/zakmet.pl\\\/de\\\/dienstleistungen\\\/autogenschneiden\\\/#breadcrumb\"},\"inLanguage\":\"de\",\"potentialAction\":[{\"@type\":\"ReadAction\",\"target\":[\"https:\\\/\\\/zakmet.pl\\\/de\\\/dienstleistungen\\\/autogenschneiden\\\/\"]}]},{\"@type\":\"ImageObject\",\"inLanguage\":\"de\",\"@id\":\"https:\\\/\\\/zakmet.pl\\\/de\\\/dienstleistungen\\\/autogenschneiden\\\/#primaryimage\",\"url\":\"https:\\\/\\\/zakmet.pl\\\/wp-content\\\/uploads\\\/ciecie-gazem.jpg\",\"contentUrl\":\"https:\\\/\\\/zakmet.pl\\\/wp-content\\\/uploads\\\/ciecie-gazem.jpg\",\"width\":1920,\"height\":1200,\"caption\":\"ci\u0119cie gazowe\"},{\"@type\":\"BreadcrumbList\",\"@id\":\"https:\\\/\\\/zakmet.pl\\\/de\\\/dienstleistungen\\\/autogenschneiden\\\/#breadcrumb\",\"itemListElement\":[{\"@type\":\"ListItem\",\"position\":1,\"name\":\"Strona g\u0142\u00f3wna\",\"item\":\"https:\\\/\\\/zakmet.pl\\\/de\\\/\"},{\"@type\":\"ListItem\",\"position\":2,\"name\":\"Dienstleistungen\",\"item\":\"https:\\\/\\\/zakmet.pl\\\/de\\\/dienstleistungen\\\/\"},{\"@type\":\"ListItem\",\"position\":3,\"name\":\"Autogenschneiden\"}]},{\"@type\":\"WebSite\",\"@id\":\"https:\\\/\\\/zakmet.pl\\\/#website\",\"url\":\"https:\\\/\\\/zakmet.pl\\\/\",\"name\":\"ZAKMET\",\"description\":\"\",\"potentialAction\":[{\"@type\":\"SearchAction\",\"target\":{\"@type\":\"EntryPoint\",\"urlTemplate\":\"https:\\\/\\\/zakmet.pl\\\/?s={search_term_string}\"},\"query-input\":{\"@type\":\"PropertyValueSpecification\",\"valueRequired\":true,\"valueName\":\"search_term_string\"}}],\"inLanguage\":\"de\"}]}<\/script>\n<!-- \/ Yoast SEO plugin. -->","yoast_head_json":{"title":"Autogenschneiden \u2022 Dienstleistungen \u2022 ZAKMET","description":"Das Autogenschneiden ist eines der beliebtesten Stahlschneidmethoden, vor allem wenn es um Blech geht.","robots":{"index":"index","follow":"follow","max-snippet":"max-snippet:-1","max-image-preview":"max-image-preview:large","max-video-preview":"max-video-preview:-1"},"canonical":"https:\/\/zakmet.pl\/de\/dienstleistungen\/autogenschneiden\/","og_locale":"de_DE","og_type":"article","og_title":"Autogenschneiden \u2022 Dienstleistungen \u2022 ZAKMET","og_description":"Das Autogenschneiden ist eines der beliebtesten Stahlschneidmethoden, vor allem wenn es um Blech geht.","og_url":"https:\/\/zakmet.pl\/de\/dienstleistungen\/autogenschneiden\/","og_site_name":"ZAKMET","article_publisher":"https:\/\/www.facebook.com\/zakmet.cncmachines\/","article_modified_time":"2016-05-12T11:48:42+00:00","og_image":[{"width":1920,"height":1200,"url":"https:\/\/zakmet.pl\/wp-content\/uploads\/ciecie-gazem.jpg","type":"image\/jpeg"}],"twitter_card":"summary_large_image","twitter_misc":{"Gesch\u00e4tzte Lesezeit":"1\u00a0Minute"},"schema":{"@context":"https:\/\/schema.org","@graph":[{"@type":"WebPage","@id":"https:\/\/zakmet.pl\/de\/dienstleistungen\/autogenschneiden\/","url":"https:\/\/zakmet.pl\/de\/dienstleistungen\/autogenschneiden\/","name":"Autogenschneiden \u2022 Dienstleistungen \u2022 ZAKMET","isPartOf":{"@id":"https:\/\/zakmet.pl\/#website"},"primaryImageOfPage":{"@id":"https:\/\/zakmet.pl\/de\/dienstleistungen\/autogenschneiden\/#primaryimage"},"image":{"@id":"https:\/\/zakmet.pl\/de\/dienstleistungen\/autogenschneiden\/#primaryimage"},"thumbnailUrl":"https:\/\/zakmet.pl\/wp-content\/uploads\/ciecie-gazem.jpg","datePublished":"2016-04-27T08:14:37+00:00","dateModified":"2016-05-12T11:48:42+00:00","description":"Das Autogenschneiden ist eines der beliebtesten Stahlschneidmethoden, vor allem wenn es um Blech geht.","breadcrumb":{"@id":"https:\/\/zakmet.pl\/de\/dienstleistungen\/autogenschneiden\/#breadcrumb"},"inLanguage":"de","potentialAction":[{"@type":"ReadAction","target":["https:\/\/zakmet.pl\/de\/dienstleistungen\/autogenschneiden\/"]}]},{"@type":"ImageObject","inLanguage":"de","@id":"https:\/\/zakmet.pl\/de\/dienstleistungen\/autogenschneiden\/#primaryimage","url":"https:\/\/zakmet.pl\/wp-content\/uploads\/ciecie-gazem.jpg","contentUrl":"https:\/\/zakmet.pl\/wp-content\/uploads\/ciecie-gazem.jpg","width":1920,"height":1200,"caption":"ci\u0119cie gazowe"},{"@type":"BreadcrumbList","@id":"https:\/\/zakmet.pl\/de\/dienstleistungen\/autogenschneiden\/#breadcrumb","itemListElement":[{"@type":"ListItem","position":1,"name":"Strona g\u0142\u00f3wna","item":"https:\/\/zakmet.pl\/de\/"},{"@type":"ListItem","position":2,"name":"Dienstleistungen","item":"https:\/\/zakmet.pl\/de\/dienstleistungen\/"},{"@type":"ListItem","position":3,"name":"Autogenschneiden"}]},{"@type":"WebSite","@id":"https:\/\/zakmet.pl\/#website","url":"https:\/\/zakmet.pl\/","name":"ZAKMET","description":"","potentialAction":[{"@type":"SearchAction","target":{"@type":"EntryPoint","urlTemplate":"https:\/\/zakmet.pl\/?s={search_term_string}"},"query-input":{"@type":"PropertyValueSpecification","valueRequired":true,"valueName":"search_term_string"}}],"inLanguage":"de"}]}},"_links":{"self":[{"href":"https:\/\/zakmet.pl\/de\/wp-json\/wp\/v2\/pages\/761","targetHints":{"allow":["GET"]}}],"collection":[{"href":"https:\/\/zakmet.pl\/de\/wp-json\/wp\/v2\/pages"}],"about":[{"href":"https:\/\/zakmet.pl\/de\/wp-json\/wp\/v2\/types\/page"}],"author":[{"embeddable":true,"href":"https:\/\/zakmet.pl\/de\/wp-json\/wp\/v2\/users\/1"}],"replies":[{"embeddable":true,"href":"https:\/\/zakmet.pl\/de\/wp-json\/wp\/v2\/comments?post=761"}],"version-history":[{"count":3,"href":"https:\/\/zakmet.pl\/de\/wp-json\/wp\/v2\/pages\/761\/revisions"}],"predecessor-version":[{"id":1100,"href":"https:\/\/zakmet.pl\/de\/wp-json\/wp\/v2\/pages\/761\/revisions\/1100"}],"up":[{"embeddable":true,"href":"https:\/\/zakmet.pl\/de\/wp-json\/wp\/v2\/pages\/756"}],"wp:featuredmedia":[{"embeddable":true,"href":"https:\/\/zakmet.pl\/de\/wp-json\/wp\/v2\/media\/479"}],"wp:attachment":[{"href":"https:\/\/zakmet.pl\/de\/wp-json\/wp\/v2\/media?parent=761"}],"curies":[{"name":"wp","href":"https:\/\/api.w.org\/{rel}","templated":true}]}}