{"id":755,"date":"2016-04-27T10:02:45","date_gmt":"2016-04-27T08:02:45","guid":{"rendered":"http:\/\/zakmet.pl\/de\/ciecie-plazmowe\/"},"modified":"2016-09-29T10:56:32","modified_gmt":"2016-09-29T08:56:32","slug":"plasmaschneiden","status":"publish","type":"page","link":"https:\/\/zakmet.pl\/de\/dienstleistungen\/plasmaschneiden\/","title":{"rendered":"Plasmaschneiden"},"content":{"rendered":"[mk_page_section min_height=&#8220;0&#8243; padding_top=&#8220;45&#8243; padding_bottom=&#8220;25&#8243; sidebar=&#8220;sidebar-1&#8243;][vc_column width=&#8220;1\/2&#8243;][vc_column_text]Die mit einem Aggregat mit Feinstrahlplasma HyDefinition XD ausgestattete CNC-Schneidanlage erm\u00f6glicht uns das Plasmaschneiden von Schwarzblech mit einer Dicke von 0,5 mm bis 64 mm sowie Alu- und Edelstahlblech mit einer Dicke von 0,5 mm bis 50 mm.<\/p>\n<p>Zu den Vorteilen des Plasmaschneidens geh\u00f6ren eine geringe W\u00e4rmeabgabe an das Werkst\u00fcck, ausgezeichnete Winkelkennlinien, Schneidgenauigkeit bis zu 0,4 mm und eine auf ein Minimum beschr\u00e4nkte Zahl von Zundern. M\u00f6glich sind auch folgende Leistungen: Gravur und automatische Detailkennzeichnung.<\/p>\n<p>Maximale Blechgr\u00f6\u00dfe: 6\u00a0000 \u00d7 2 000 mm.[\/vc_column_text][mk_button dimension=&#8220;savvy&#8220; url=&#8220;\/baza-wiedzy\/ciecie-plazmowe\/&#8220; outline_skin=&#8220;custom&#8220; outline_active_text_color=&#8220;#3d464d&#8220; outline_hover_bg_color=&#8220;#147bb8&#8243; outline_hover_color=&#8220;#ffffff&#8220;]Wi\u0119cej[\/mk_button][\/vc_column][vc_column width=&#8220;1\/2&#8243;][mk_image src=&#8220;http:\/\/zakmet.pl\/wp-content\/uploads\/ciecie-plazmowe.jpg&#8220; image_size=&#8220;full&#8220;][\/vc_column][\/mk_page_section]\n","protected":false},"excerpt":{"rendered":"<p>[mk_page_section min_height=&#8220;0&#8243; padding_top=&#8220;45&#8243; padding_bottom=&#8220;25&#8243; sidebar=&#8220;sidebar-1&#8243;][vc_column width=&#8220;1\/2&#8243;][vc_column_text]Die mit einem Aggregat mit Feinstrahlplasma HyDefinition XD ausgestattete CNC-Schneidanlage erm\u00f6glicht uns das Plasmaschneiden von Schwarzblech mit einer Dicke von 0,5 mm bis 64 mm sowie Alu- und Edelstahlblech mit einer Dicke von 0,5 mm bis 50 mm. Zu den Vorteilen des Plasmaschneidens geh\u00f6ren eine geringe W\u00e4rmeabgabe an das Werkst\u00fcck, [&hellip;]<\/p>\n","protected":false},"author":1,"featured_media":480,"parent":756,"menu_order":51,"comment_status":"closed","ping_status":"closed","template":"","meta":{"footnotes":""},"class_list":["post-755","page","type-page","status-publish","has-post-thumbnail","hentry"],"yoast_head":"<!-- This site is optimized with the Yoast SEO plugin v27.4 - https:\/\/yoast.com\/product\/yoast-seo-wordpress\/ -->\n<title>Plasmaschneiden \u2022 Dienstleistungen \u2022 ZAKMET<\/title>\n<meta name=\"description\" content=\"Das Plasmaschneiden Vorteilen geh\u00f6ren eine geringe W\u00e4rmezufuhr in das bearbeitete Detail, Schneidepr\u00e4zision und minimaler Zunder.\" \/>\n<meta name=\"robots\" content=\"index, follow, max-snippet:-1, max-image-preview:large, max-video-preview:-1\" \/>\n<link rel=\"canonical\" href=\"https:\/\/zakmet.pl\/de\/dienstleistungen\/plasmaschneiden\/\" \/>\n<meta property=\"og:locale\" content=\"de_DE\" \/>\n<meta property=\"og:type\" content=\"article\" \/>\n<meta property=\"og:title\" content=\"Plasmaschneiden \u2022 Dienstleistungen \u2022 ZAKMET\" \/>\n<meta property=\"og:description\" content=\"Das Plasmaschneiden Vorteilen geh\u00f6ren eine geringe W\u00e4rmezufuhr in das bearbeitete Detail, Schneidepr\u00e4zision und minimaler Zunder.\" \/>\n<meta property=\"og:url\" content=\"https:\/\/zakmet.pl\/de\/dienstleistungen\/plasmaschneiden\/\" \/>\n<meta property=\"og:site_name\" content=\"ZAKMET\" \/>\n<meta property=\"article:publisher\" content=\"https:\/\/www.facebook.com\/zakmet.cncmachines\/\" \/>\n<meta property=\"article:modified_time\" content=\"2016-09-29T08:56:32+00:00\" \/>\n<meta property=\"og:image\" content=\"https:\/\/zakmet.pl\/wp-content\/uploads\/ciecie-plazmowe.jpg\" \/>\n\t<meta property=\"og:image:width\" content=\"1920\" \/>\n\t<meta property=\"og:image:height\" content=\"1200\" \/>\n\t<meta property=\"og:image:type\" content=\"image\/jpeg\" \/>\n<meta name=\"twitter:card\" content=\"summary_large_image\" \/>\n<meta name=\"twitter:label1\" content=\"Gesch\u00e4tzte Lesezeit\" \/>\n\t<meta name=\"twitter:data1\" content=\"1\u00a0Minute\" \/>\n<script type=\"application\/ld+json\" class=\"yoast-schema-graph\">{\"@context\":\"https:\\\/\\\/schema.org\",\"@graph\":[{\"@type\":\"WebPage\",\"@id\":\"https:\\\/\\\/zakmet.pl\\\/de\\\/dienstleistungen\\\/plasmaschneiden\\\/\",\"url\":\"https:\\\/\\\/zakmet.pl\\\/de\\\/dienstleistungen\\\/plasmaschneiden\\\/\",\"name\":\"Plasmaschneiden \u2022 Dienstleistungen \u2022 ZAKMET\",\"isPartOf\":{\"@id\":\"https:\\\/\\\/zakmet.pl\\\/#website\"},\"primaryImageOfPage\":{\"@id\":\"https:\\\/\\\/zakmet.pl\\\/de\\\/dienstleistungen\\\/plasmaschneiden\\\/#primaryimage\"},\"image\":{\"@id\":\"https:\\\/\\\/zakmet.pl\\\/de\\\/dienstleistungen\\\/plasmaschneiden\\\/#primaryimage\"},\"thumbnailUrl\":\"https:\\\/\\\/zakmet.pl\\\/wp-content\\\/uploads\\\/ciecie-plazmowe.jpg\",\"datePublished\":\"2016-04-27T08:02:45+00:00\",\"dateModified\":\"2016-09-29T08:56:32+00:00\",\"description\":\"Das Plasmaschneiden Vorteilen geh\u00f6ren eine geringe W\u00e4rmezufuhr in das bearbeitete Detail, Schneidepr\u00e4zision und minimaler Zunder.\",\"breadcrumb\":{\"@id\":\"https:\\\/\\\/zakmet.pl\\\/de\\\/dienstleistungen\\\/plasmaschneiden\\\/#breadcrumb\"},\"inLanguage\":\"de\",\"potentialAction\":[{\"@type\":\"ReadAction\",\"target\":[\"https:\\\/\\\/zakmet.pl\\\/de\\\/dienstleistungen\\\/plasmaschneiden\\\/\"]}]},{\"@type\":\"ImageObject\",\"inLanguage\":\"de\",\"@id\":\"https:\\\/\\\/zakmet.pl\\\/de\\\/dienstleistungen\\\/plasmaschneiden\\\/#primaryimage\",\"url\":\"https:\\\/\\\/zakmet.pl\\\/wp-content\\\/uploads\\\/ciecie-plazmowe.jpg\",\"contentUrl\":\"https:\\\/\\\/zakmet.pl\\\/wp-content\\\/uploads\\\/ciecie-plazmowe.jpg\",\"width\":1920,\"height\":1200,\"caption\":\"plasma cutting\"},{\"@type\":\"BreadcrumbList\",\"@id\":\"https:\\\/\\\/zakmet.pl\\\/de\\\/dienstleistungen\\\/plasmaschneiden\\\/#breadcrumb\",\"itemListElement\":[{\"@type\":\"ListItem\",\"position\":1,\"name\":\"Strona g\u0142\u00f3wna\",\"item\":\"https:\\\/\\\/zakmet.pl\\\/de\\\/\"},{\"@type\":\"ListItem\",\"position\":2,\"name\":\"Dienstleistungen\",\"item\":\"https:\\\/\\\/zakmet.pl\\\/de\\\/dienstleistungen\\\/\"},{\"@type\":\"ListItem\",\"position\":3,\"name\":\"Plasmaschneiden\"}]},{\"@type\":\"WebSite\",\"@id\":\"https:\\\/\\\/zakmet.pl\\\/#website\",\"url\":\"https:\\\/\\\/zakmet.pl\\\/\",\"name\":\"ZAKMET\",\"description\":\"\",\"potentialAction\":[{\"@type\":\"SearchAction\",\"target\":{\"@type\":\"EntryPoint\",\"urlTemplate\":\"https:\\\/\\\/zakmet.pl\\\/?s={search_term_string}\"},\"query-input\":{\"@type\":\"PropertyValueSpecification\",\"valueRequired\":true,\"valueName\":\"search_term_string\"}}],\"inLanguage\":\"de\"}]}<\/script>\n<!-- \/ Yoast SEO plugin. -->","yoast_head_json":{"title":"Plasmaschneiden \u2022 Dienstleistungen \u2022 ZAKMET","description":"Das Plasmaschneiden Vorteilen geh\u00f6ren eine geringe W\u00e4rmezufuhr in das bearbeitete Detail, Schneidepr\u00e4zision und minimaler Zunder.","robots":{"index":"index","follow":"follow","max-snippet":"max-snippet:-1","max-image-preview":"max-image-preview:large","max-video-preview":"max-video-preview:-1"},"canonical":"https:\/\/zakmet.pl\/de\/dienstleistungen\/plasmaschneiden\/","og_locale":"de_DE","og_type":"article","og_title":"Plasmaschneiden \u2022 Dienstleistungen \u2022 ZAKMET","og_description":"Das Plasmaschneiden Vorteilen geh\u00f6ren eine geringe W\u00e4rmezufuhr in das bearbeitete Detail, Schneidepr\u00e4zision und minimaler Zunder.","og_url":"https:\/\/zakmet.pl\/de\/dienstleistungen\/plasmaschneiden\/","og_site_name":"ZAKMET","article_publisher":"https:\/\/www.facebook.com\/zakmet.cncmachines\/","article_modified_time":"2016-09-29T08:56:32+00:00","og_image":[{"width":1920,"height":1200,"url":"https:\/\/zakmet.pl\/wp-content\/uploads\/ciecie-plazmowe.jpg","type":"image\/jpeg"}],"twitter_card":"summary_large_image","twitter_misc":{"Gesch\u00e4tzte Lesezeit":"1\u00a0Minute"},"schema":{"@context":"https:\/\/schema.org","@graph":[{"@type":"WebPage","@id":"https:\/\/zakmet.pl\/de\/dienstleistungen\/plasmaschneiden\/","url":"https:\/\/zakmet.pl\/de\/dienstleistungen\/plasmaschneiden\/","name":"Plasmaschneiden \u2022 Dienstleistungen \u2022 ZAKMET","isPartOf":{"@id":"https:\/\/zakmet.pl\/#website"},"primaryImageOfPage":{"@id":"https:\/\/zakmet.pl\/de\/dienstleistungen\/plasmaschneiden\/#primaryimage"},"image":{"@id":"https:\/\/zakmet.pl\/de\/dienstleistungen\/plasmaschneiden\/#primaryimage"},"thumbnailUrl":"https:\/\/zakmet.pl\/wp-content\/uploads\/ciecie-plazmowe.jpg","datePublished":"2016-04-27T08:02:45+00:00","dateModified":"2016-09-29T08:56:32+00:00","description":"Das Plasmaschneiden Vorteilen geh\u00f6ren eine geringe W\u00e4rmezufuhr in das bearbeitete Detail, Schneidepr\u00e4zision und minimaler Zunder.","breadcrumb":{"@id":"https:\/\/zakmet.pl\/de\/dienstleistungen\/plasmaschneiden\/#breadcrumb"},"inLanguage":"de","potentialAction":[{"@type":"ReadAction","target":["https:\/\/zakmet.pl\/de\/dienstleistungen\/plasmaschneiden\/"]}]},{"@type":"ImageObject","inLanguage":"de","@id":"https:\/\/zakmet.pl\/de\/dienstleistungen\/plasmaschneiden\/#primaryimage","url":"https:\/\/zakmet.pl\/wp-content\/uploads\/ciecie-plazmowe.jpg","contentUrl":"https:\/\/zakmet.pl\/wp-content\/uploads\/ciecie-plazmowe.jpg","width":1920,"height":1200,"caption":"plasma cutting"},{"@type":"BreadcrumbList","@id":"https:\/\/zakmet.pl\/de\/dienstleistungen\/plasmaschneiden\/#breadcrumb","itemListElement":[{"@type":"ListItem","position":1,"name":"Strona g\u0142\u00f3wna","item":"https:\/\/zakmet.pl\/de\/"},{"@type":"ListItem","position":2,"name":"Dienstleistungen","item":"https:\/\/zakmet.pl\/de\/dienstleistungen\/"},{"@type":"ListItem","position":3,"name":"Plasmaschneiden"}]},{"@type":"WebSite","@id":"https:\/\/zakmet.pl\/#website","url":"https:\/\/zakmet.pl\/","name":"ZAKMET","description":"","potentialAction":[{"@type":"SearchAction","target":{"@type":"EntryPoint","urlTemplate":"https:\/\/zakmet.pl\/?s={search_term_string}"},"query-input":{"@type":"PropertyValueSpecification","valueRequired":true,"valueName":"search_term_string"}}],"inLanguage":"de"}]}},"_links":{"self":[{"href":"https:\/\/zakmet.pl\/de\/wp-json\/wp\/v2\/pages\/755","targetHints":{"allow":["GET"]}}],"collection":[{"href":"https:\/\/zakmet.pl\/de\/wp-json\/wp\/v2\/pages"}],"about":[{"href":"https:\/\/zakmet.pl\/de\/wp-json\/wp\/v2\/types\/page"}],"author":[{"embeddable":true,"href":"https:\/\/zakmet.pl\/de\/wp-json\/wp\/v2\/users\/1"}],"replies":[{"embeddable":true,"href":"https:\/\/zakmet.pl\/de\/wp-json\/wp\/v2\/comments?post=755"}],"version-history":[{"count":4,"href":"https:\/\/zakmet.pl\/de\/wp-json\/wp\/v2\/pages\/755\/revisions"}],"predecessor-version":[{"id":1265,"href":"https:\/\/zakmet.pl\/de\/wp-json\/wp\/v2\/pages\/755\/revisions\/1265"}],"up":[{"embeddable":true,"href":"https:\/\/zakmet.pl\/de\/wp-json\/wp\/v2\/pages\/756"}],"wp:featuredmedia":[{"embeddable":true,"href":"https:\/\/zakmet.pl\/de\/wp-json\/wp\/v2\/media\/480"}],"wp:attachment":[{"href":"https:\/\/zakmet.pl\/de\/wp-json\/wp\/v2\/media?parent=755"}],"curies":[{"name":"wp","href":"https:\/\/api.w.org\/{rel}","templated":true}]}}