{"id":752,"date":"2016-04-08T14:02:53","date_gmt":"2016-04-08T12:02:53","guid":{"rendered":"http:\/\/zakmet.pl\/de\/produkte\/wyposazenie-dodatkowe\/"},"modified":"2016-05-04T10:25:35","modified_gmt":"2016-05-04T08:25:35","slug":"zusaetzliche-ausstattung","status":"publish","type":"page","link":"https:\/\/zakmet.pl\/de\/produkte\/zusaetzliche-ausstattung\/","title":{"rendered":"Zus\u00e4tzliche Ausstattung"},"content":{"rendered":"<div class=\"wpb-content-wrapper\">[mk_page_section min_height=&#8220;0&#8243; padding_top=&#8220;45&#8243; padding_bottom=&#8220;45&#8243; sidebar=&#8220;sidebar-1&#8243;][vc_column][vc_row_inner el_id=&#8220;1&#8243;][vc_column_inner width=&#8220;1\/2&#8243;][mk_icon_box2 icon_type=&#8220;image&#8220; icon_size=&#8220;48&#8243; icon_image=&#8220;\/wp-content\/uploads\/Urz\u0105dzenie-filtrowentylacyjne.svg&#8220; title=&#8220;Filteranlage&#8220; title_size=&#8220;22&#8243; title_weight=&#8220;bold&#8220; title_color=&#8220;#147bb8&#8243; title_bottom_padding=&#8220;5&#8243; align=&#8220;left&#8220;]\n<ul>\n<li>Filtriert und saugt die beim Schneidvorgang entstehenden St\u00e4ube und Rauch ab<\/li>\n<li>Erm\u00f6glicht eine automatische Reinigung von Filtereinlagen<\/li>\n<li>Die gesamte Einheit garantiert sichere Betriebsbedingungen am Arbeitsplatz<\/li>\n<\/ul>\n[\/mk_icon_box2][\/vc_column_inner][vc_column_inner width=&#8220;1\/2&#8243;][mk_icon_box2 icon_type=&#8220;image&#8220; icon_size=&#8220;48&#8243; icon_image=&#8220;\/wp-content\/uploads\/Wysi\u0119gnik-portalu-do-ci\u0119cia-rur-profili.svg&#8220; title=&#8220;Portal-Auslegerarm zum Rohr- und Profilschneiden&#8220; title_size=&#8220;22&#8243; title_weight=&#8220;bold&#8220; title_color=&#8220;#147bb8&#8243; title_bottom_padding=&#8220;5&#8243; align=&#8220;left&#8220;]\n<ul>\n<li>Erm\u00f6glicht das Schneiden von Elementen, die \u00fcber den Arbeitstisch hinausragen<\/li>\n<li>Erm\u00f6glicht das Schneiden von gro\u00dfen Profilen, Balken und untypischem Material, das man nicht auf dem Arbeitstisch spannen kann<\/li>\n<\/ul>\n[\/mk_icon_box2][\/vc_column_inner][\/vc_row_inner][vc_row_inner el_id=&#8220;2&#8243;][vc_column_inner width=&#8220;1\/2&#8243;][mk_icon_box2 icon_type=&#8220;image&#8220; icon_size=&#8220;48&#8243; icon_image=&#8220;\/wp-content\/uploads\/Obrotnik-do-ci\u0119cia-rur-i-profili.svg&#8220; title=&#8220;Drehvorrichtung zum Rohr- und Profilschneiden&#8220; title_size=&#8220;22&#8243; title_weight=&#8220;bold&#8220; title_color=&#8220;#147bb8&#8243; title_bottom_padding=&#8220;5&#8243; align=&#8220;left&#8220;]\n<ul>\n<li>Schneiden von beliebigen Formen in Rohren und Profilen mit Hilfe eines Gas- oder Plasmabrenners<\/li>\n<li>Kompatibel mit dem i3D-Schneidkopf (m\u00f6gliche Funktion: Anfasen) (nur bei FIRECUT GOLD)<\/li>\n<li>Standardm\u00e4\u00dfig f\u00fcr das Schneiden von Rohren mit einem Durchmesser von 50-600 mm ausgelegt<\/li>\n<li>Ausgestattet mit einem St\u00fctzschlitten f\u00fcr lange Rohre bzw. Profile<\/li>\n<li>Spannvorrichtung f\u00fcr rechteckige Profile<\/li>\n<\/ul>\n[\/mk_icon_box2][\/vc_column_inner][vc_column_inner width=&#8220;1\/2&#8243;][mk_icon_box2 icon_type=&#8220;image&#8220; icon_size=&#8220;48&#8243; icon_image=&#8220;\/wp-content\/uploads\/G\u0142owica-i3D-Bevel.svg&#8220; title=&#8220;I3D-Kopf Bevel&#8220; title_size=&#8220;22&#8243; title_weight=&#8220;bold&#8220; title_color=&#8220;#147bb8&#8243; title_bottom_padding=&#8220;5&#8243; align=&#8220;left&#8220;]\n<ul>\n<li>Dank einem technologisch weit fortgeschrittenen Aufbau erm\u00f6glicht der i3D-Schneidkopf das An- und Abfasen von Blechen und Profilen<\/li>\n<li>Erm\u00f6glicht V-, A-, Y-, K- und X-Fasen f\u00fcr die Schwei\u00dfnahtvorbereitung<\/li>\n<li>Ausgestattet mit einem Brennerh\u00f6hensensor, Laserpointer, Kollisionsschutz und True Hole\u00ae- und True Bevel\u00ae-Technologie<\/li>\n<\/ul>\n[\/mk_icon_box2][\/vc_column_inner][\/vc_row_inner][vc_row_inner el_id=&#8220;3&#8243;][vc_column_inner width=&#8220;1\/2&#8243;][mk_icon_box2 icon_type=&#8220;image&#8220; icon_size=&#8220;48&#8243; icon_image=&#8220;\/wp-content\/uploads\/Bariera-bezpiecze\u0144stwa.svg&#8220; title=&#8220;Sicherheitseinrichtung&#8220; title_size=&#8220;22&#8243; title_weight=&#8220;bold&#8220; title_color=&#8220;#147bb8&#8243; title_bottom_padding=&#8220;5&#8243; align=&#8220;left&#8220;]\n<ul>\n<li>Optischer Sensor oder Sicherheitsseil, automatisches Ausschalten der Maschine bei Erfassung eines Hindernisses beim Schneidvorgang<\/li>\n<\/ul>\n[\/mk_icon_box2][\/vc_column_inner][vc_column_inner width=&#8220;1\/2&#8243;][mk_icon_box2 icon_type=&#8220;image&#8220; icon_size=&#8220;48&#8243; icon_image=&#8220;\/wp-content\/uploads\/Suport-wierc\u0105cy.svg&#8220; title=&#8220;Bohrsupport&#8220; title_size=&#8220;22&#8243; title_weight=&#8220;bold&#8220; title_color=&#8220;#147bb8&#8243; title_bottom_padding=&#8220;5&#8243; align=&#8220;left&#8220;]\n<ul>\n<li>Mechanisches Bohren von \u00d6ffnungen<\/li>\n<\/ul>\n[\/mk_icon_box2][\/vc_column_inner][\/vc_row_inner][vc_row_inner el_id=&#8220;4&#8243;][vc_column_inner width=&#8220;1\/2&#8243;][mk_icon_box2 icon_type=&#8220;image&#8220; icon_size=&#8220;48&#8243; icon_image=&#8220;\/wp-content\/uploads\/Suport-znakowania-i-trasowania.svg&#8220; title=&#8220;Support zum mechanischen Kerben und Markieren&#8220; title_size=&#8220;22&#8243; title_weight=&#8220;bold&#8220; title_color=&#8220;#147bb8&#8243; title_bottom_padding=&#8220;5&#8243; align=&#8220;left&#8220;]\n<ul>\n<li>Anrei\u00dfen von Punkten, Zeichen und Linien mit Hilfe eines geh\u00e4rteten Anrei\u00dfdorns<\/li>\n<\/ul>\n[\/mk_icon_box2][\/vc_column_inner][vc_column_inner width=&#8220;1\/2&#8243;][\/vc_column_inner][\/vc_row_inner][\/vc_column][\/mk_page_section]\n<\/div>","protected":false},"excerpt":{"rendered":"<p>[mk_page_section min_height=&#8220;0&#8243; padding_top=&#8220;45&#8243; padding_bottom=&#8220;45&#8243; sidebar=&#8220;sidebar-1&#8243;][vc_column][vc_row_inner el_id=&#8220;1&#8243;][vc_column_inner width=&#8220;1\/2&#8243;][mk_icon_box2 icon_type=&#8220;image&#8220; icon_size=&#8220;48&#8243; icon_image=&#8220;\/wp-content\/uploads\/Urz\u0105dzenie-filtrowentylacyjne.svg&#8220; title=&#8220;Filteranlage&#8220; title_size=&#8220;22&#8243; title_weight=&#8220;bold&#8220; title_color=&#8220;#147bb8&#8243; title_bottom_padding=&#8220;5&#8243; align=&#8220;left&#8220;] Filtriert und saugt die beim Schneidvorgang entstehenden St\u00e4ube und Rauch ab Erm\u00f6glicht eine automatische Reinigung von Filtereinlagen Die gesamte Einheit garantiert sichere Betriebsbedingungen am Arbeitsplatz [\/mk_icon_box2][\/vc_column_inner][vc_column_inner width=&#8220;1\/2&#8243;][mk_icon_box2 icon_type=&#8220;image&#8220; icon_size=&#8220;48&#8243; icon_image=&#8220;\/wp-content\/uploads\/Wysi\u0119gnik-portalu-do-ci\u0119cia-rur-profili.svg&#8220; title=&#8220;Portal-Auslegerarm zum Rohr- und Profilschneiden&#8220; title_size=&#8220;22&#8243; title_weight=&#8220;bold&#8220; title_color=&#8220;#147bb8&#8243; title_bottom_padding=&#8220;5&#8243; [&hellip;]<\/p>\n","protected":false},"author":1,"featured_media":0,"parent":736,"menu_order":42,"comment_status":"closed","ping_status":"closed","template":"","meta":{"footnotes":""},"class_list":["post-752","page","type-page","status-publish","hentry"],"yoast_head":"<!-- This site is optimized with the Yoast SEO plugin v27.4 - https:\/\/yoast.com\/product\/yoast-seo-wordpress\/ -->\n<title>Zus\u00e4tzliche Ausstattung &#8226; ZAKMET<\/title>\n<meta name=\"description\" content=\"Zus\u00e4tzliche Ausstattung aus CNC-Anlagen.\" \/>\n<meta name=\"robots\" content=\"index, follow, max-snippet:-1, max-image-preview:large, max-video-preview:-1\" \/>\n<link rel=\"canonical\" href=\"https:\/\/zakmet.pl\/de\/produkte\/zusaetzliche-ausstattung\/\" \/>\n<meta property=\"og:locale\" content=\"de_DE\" \/>\n<meta property=\"og:type\" content=\"article\" \/>\n<meta property=\"og:title\" content=\"Zus\u00e4tzliche Ausstattung &#8226; ZAKMET\" \/>\n<meta property=\"og:description\" content=\"Zus\u00e4tzliche Ausstattung aus CNC-Anlagen.\" \/>\n<meta property=\"og:url\" content=\"https:\/\/zakmet.pl\/de\/produkte\/zusaetzliche-ausstattung\/\" \/>\n<meta property=\"og:site_name\" content=\"ZAKMET\" \/>\n<meta property=\"article:publisher\" content=\"https:\/\/www.facebook.com\/zakmet.cncmachines\/\" \/>\n<meta property=\"article:modified_time\" content=\"2016-05-04T08:25:35+00:00\" \/>\n<meta property=\"og:image\" content=\"https:\/\/zakmet.pl\/wp-content\/uploads\/thumb.png\" \/>\n\t<meta property=\"og:image:width\" content=\"1200\" \/>\n\t<meta property=\"og:image:height\" content=\"628\" \/>\n\t<meta property=\"og:image:type\" content=\"image\/png\" \/>\n<meta name=\"twitter:card\" content=\"summary_large_image\" \/>\n<meta name=\"twitter:label1\" content=\"Gesch\u00e4tzte Lesezeit\" \/>\n\t<meta name=\"twitter:data1\" content=\"3\u00a0Minuten\" \/>\n<script type=\"application\/ld+json\" class=\"yoast-schema-graph\">{\"@context\":\"https:\\\/\\\/schema.org\",\"@graph\":[{\"@type\":\"WebPage\",\"@id\":\"https:\\\/\\\/zakmet.pl\\\/de\\\/produkte\\\/zusaetzliche-ausstattung\\\/\",\"url\":\"https:\\\/\\\/zakmet.pl\\\/de\\\/produkte\\\/zusaetzliche-ausstattung\\\/\",\"name\":\"Zus\u00e4tzliche Ausstattung &#8226; ZAKMET\",\"isPartOf\":{\"@id\":\"https:\\\/\\\/zakmet.pl\\\/#website\"},\"datePublished\":\"2016-04-08T12:02:53+00:00\",\"dateModified\":\"2016-05-04T08:25:35+00:00\",\"description\":\"Zus\u00e4tzliche Ausstattung aus CNC-Anlagen.\",\"breadcrumb\":{\"@id\":\"https:\\\/\\\/zakmet.pl\\\/de\\\/produkte\\\/zusaetzliche-ausstattung\\\/#breadcrumb\"},\"inLanguage\":\"de\",\"potentialAction\":[{\"@type\":\"ReadAction\",\"target\":[\"https:\\\/\\\/zakmet.pl\\\/de\\\/produkte\\\/zusaetzliche-ausstattung\\\/\"]}]},{\"@type\":\"BreadcrumbList\",\"@id\":\"https:\\\/\\\/zakmet.pl\\\/de\\\/produkte\\\/zusaetzliche-ausstattung\\\/#breadcrumb\",\"itemListElement\":[{\"@type\":\"ListItem\",\"position\":1,\"name\":\"Strona g\u0142\u00f3wna\",\"item\":\"https:\\\/\\\/zakmet.pl\\\/de\\\/\"},{\"@type\":\"ListItem\",\"position\":2,\"name\":\"Produkte\",\"item\":\"https:\\\/\\\/zakmet.pl\\\/de\\\/produkte\\\/\"},{\"@type\":\"ListItem\",\"position\":3,\"name\":\"Zus\u00e4tzliche Ausstattung\"}]},{\"@type\":\"WebSite\",\"@id\":\"https:\\\/\\\/zakmet.pl\\\/#website\",\"url\":\"https:\\\/\\\/zakmet.pl\\\/\",\"name\":\"ZAKMET\",\"description\":\"\",\"potentialAction\":[{\"@type\":\"SearchAction\",\"target\":{\"@type\":\"EntryPoint\",\"urlTemplate\":\"https:\\\/\\\/zakmet.pl\\\/?s={search_term_string}\"},\"query-input\":{\"@type\":\"PropertyValueSpecification\",\"valueRequired\":true,\"valueName\":\"search_term_string\"}}],\"inLanguage\":\"de\"}]}<\/script>\n<!-- \/ Yoast SEO plugin. -->","yoast_head_json":{"title":"Zus\u00e4tzliche Ausstattung &#8226; ZAKMET","description":"Zus\u00e4tzliche Ausstattung aus CNC-Anlagen.","robots":{"index":"index","follow":"follow","max-snippet":"max-snippet:-1","max-image-preview":"max-image-preview:large","max-video-preview":"max-video-preview:-1"},"canonical":"https:\/\/zakmet.pl\/de\/produkte\/zusaetzliche-ausstattung\/","og_locale":"de_DE","og_type":"article","og_title":"Zus\u00e4tzliche Ausstattung &#8226; ZAKMET","og_description":"Zus\u00e4tzliche Ausstattung aus CNC-Anlagen.","og_url":"https:\/\/zakmet.pl\/de\/produkte\/zusaetzliche-ausstattung\/","og_site_name":"ZAKMET","article_publisher":"https:\/\/www.facebook.com\/zakmet.cncmachines\/","article_modified_time":"2016-05-04T08:25:35+00:00","og_image":[{"width":1200,"height":628,"url":"https:\/\/zakmet.pl\/wp-content\/uploads\/thumb.png","type":"image\/png"}],"twitter_card":"summary_large_image","twitter_misc":{"Gesch\u00e4tzte Lesezeit":"3\u00a0Minuten"},"schema":{"@context":"https:\/\/schema.org","@graph":[{"@type":"WebPage","@id":"https:\/\/zakmet.pl\/de\/produkte\/zusaetzliche-ausstattung\/","url":"https:\/\/zakmet.pl\/de\/produkte\/zusaetzliche-ausstattung\/","name":"Zus\u00e4tzliche Ausstattung &#8226; ZAKMET","isPartOf":{"@id":"https:\/\/zakmet.pl\/#website"},"datePublished":"2016-04-08T12:02:53+00:00","dateModified":"2016-05-04T08:25:35+00:00","description":"Zus\u00e4tzliche Ausstattung aus CNC-Anlagen.","breadcrumb":{"@id":"https:\/\/zakmet.pl\/de\/produkte\/zusaetzliche-ausstattung\/#breadcrumb"},"inLanguage":"de","potentialAction":[{"@type":"ReadAction","target":["https:\/\/zakmet.pl\/de\/produkte\/zusaetzliche-ausstattung\/"]}]},{"@type":"BreadcrumbList","@id":"https:\/\/zakmet.pl\/de\/produkte\/zusaetzliche-ausstattung\/#breadcrumb","itemListElement":[{"@type":"ListItem","position":1,"name":"Strona g\u0142\u00f3wna","item":"https:\/\/zakmet.pl\/de\/"},{"@type":"ListItem","position":2,"name":"Produkte","item":"https:\/\/zakmet.pl\/de\/produkte\/"},{"@type":"ListItem","position":3,"name":"Zus\u00e4tzliche Ausstattung"}]},{"@type":"WebSite","@id":"https:\/\/zakmet.pl\/#website","url":"https:\/\/zakmet.pl\/","name":"ZAKMET","description":"","potentialAction":[{"@type":"SearchAction","target":{"@type":"EntryPoint","urlTemplate":"https:\/\/zakmet.pl\/?s={search_term_string}"},"query-input":{"@type":"PropertyValueSpecification","valueRequired":true,"valueName":"search_term_string"}}],"inLanguage":"de"}]}},"_links":{"self":[{"href":"https:\/\/zakmet.pl\/de\/wp-json\/wp\/v2\/pages\/752","targetHints":{"allow":["GET"]}}],"collection":[{"href":"https:\/\/zakmet.pl\/de\/wp-json\/wp\/v2\/pages"}],"about":[{"href":"https:\/\/zakmet.pl\/de\/wp-json\/wp\/v2\/types\/page"}],"author":[{"embeddable":true,"href":"https:\/\/zakmet.pl\/de\/wp-json\/wp\/v2\/users\/1"}],"replies":[{"embeddable":true,"href":"https:\/\/zakmet.pl\/de\/wp-json\/wp\/v2\/comments?post=752"}],"version-history":[{"count":2,"href":"https:\/\/zakmet.pl\/de\/wp-json\/wp\/v2\/pages\/752\/revisions"}],"predecessor-version":[{"id":754,"href":"https:\/\/zakmet.pl\/de\/wp-json\/wp\/v2\/pages\/752\/revisions\/754"}],"up":[{"embeddable":true,"href":"https:\/\/zakmet.pl\/de\/wp-json\/wp\/v2\/pages\/736"}],"wp:attachment":[{"href":"https:\/\/zakmet.pl\/de\/wp-json\/wp\/v2\/media?parent=752"}],"curies":[{"name":"wp","href":"https:\/\/api.w.org\/{rel}","templated":true}]}}