{"id":749,"date":"2016-04-21T12:39:39","date_gmt":"2016-04-21T10:39:39","guid":{"rendered":"http:\/\/zakmet.pl\/de\/produkte\/wyposazenie-podstawowe\/"},"modified":"2016-05-04T10:25:13","modified_gmt":"2016-05-04T08:25:13","slug":"grundausstattung","status":"publish","type":"page","link":"https:\/\/zakmet.pl\/de\/produkte\/grundausstattung\/","title":{"rendered":"Grundausstattung"},"content":{"rendered":"<div class=\"wpb-content-wrapper\">[mk_page_section min_height=&#8220;0&#8243; padding_top=&#8220;45&#8243; padding_bottom=&#8220;45&#8243; sidebar=&#8220;sidebar-1&#8243;][vc_column][vc_row_inner el_id=&#8220;1&#8243;][vc_column_inner width=&#8220;1\/2&#8243;][mk_icon_box2 icon_type=&#8220;image&#8220; icon_size=&#8220;48&#8243; icon_image=&#8220;\/wp-content\/uploads\/stol-sekcyjny.svg&#8220; title=&#8220;Intelligenter Absaugtisch mit Segmentunterteilung&#8220; title_size=&#8220;22&#8243; title_weight=&#8220;bold&#8220; title_color=&#8220;#147bb8&#8243; title_bottom_padding=&#8220;5&#8243; align=&#8220;left&#8220;]\n<ul>\n<li>Pflegeleichte Schlackewannen<\/li>\n<li>Hohe Widerstandsfestigkeit, m\u00f6gliche Anpassung an zentrale Filteranlagen<\/li>\n<li>Dank der Modulbauweise k\u00f6nnen Absaugtische mit diversen Arbeitsbreiten geliefert werden<\/li>\n<li>Intelligente Segmente, die sich automatisch nur im Arbeitsbereich des<\/li>\n<li>Brenners \u00f6ffnen<\/li>\n<li>Sicherer und effizienter Maschinenbetrieb<\/li>\n<\/ul>\n[\/mk_icon_box2][\/vc_column_inner][vc_column_inner width=&#8220;1\/2&#8243;][mk_icon_box2 icon_type=&#8220;image&#8220; icon_size=&#8220;48&#8243; icon_image=&#8220;\/wp-content\/uploads\/support-ciecia-tlenowego.svg&#8220; title=&#8220;Support f\u00fcr Sauerstoffbrenner&#8220; title_size=&#8220;22&#8243; title_weight=&#8220;bold&#8220; title_color=&#8220;#147bb8&#8243; title_bottom_padding=&#8220;5&#8243; align=&#8220;left&#8220;]\n<ul>\n<li>Automatische H\u00f6hensteuerung OHC<\/li>\n<li>Flie\u00dfendes Einstechen (bis zu 110 mm)<\/li>\n<li>Automatische bzw. manuelle Gaskonsole<\/li>\n<li>Automatische bzw. manuelle Flammenz\u00fcndung<\/li>\n<\/ul>\n[\/mk_icon_box2][\/vc_column_inner][\/vc_row_inner][vc_row_inner el_id=&#8220;2&#8243;][vc_column_inner width=&#8220;1\/2&#8243;][mk_icon_box2 icon_type=&#8220;image&#8220; icon_size=&#8220;48&#8243; icon_image=&#8220;\/wp-content\/uploads\/support-ciecia-plazmowego.svg&#8220; title=&#8220;Support f\u00fcr Plasmabrenner&#8220; title_size=&#8220;22&#8243; title_weight=&#8220;bold&#8220; title_color=&#8220;#147bb8&#8243; title_bottom_padding=&#8220;5&#8243; align=&#8220;left&#8220;]\n<ul>\n<li>Automatische H\u00f6hensteuerung THC<\/li>\n<li>Kontakt-Sensor zur Erfassung der Anfangsposition IHS<\/li>\n<li>Laserpointer<\/li>\n<li>Magnetischer Brennergriff sch\u00fctzt vor Besch\u00e4digungen<\/li>\n<\/ul>\n[\/mk_icon_box2][\/vc_column_inner][vc_column_inner width=&#8220;1\/2&#8243;][mk_icon_box2 icon_type=&#8220;image&#8220; icon_size=&#8220;48&#8243; icon_image=&#8220;\/wp-content\/uploads\/trasowanie-i-markowanie-plazmowe.svg&#8220; title=&#8220;Kerben und Markieren mit Plasma&#8220; title_size=&#8220;22&#8243; title_weight=&#8220;bold&#8220; title_color=&#8220;#147bb8&#8243; title_bottom_padding=&#8220;5&#8243; align=&#8220;left&#8220;]\n<ul>\n<li>Standardausstattung von Plasmaaggregaten HD<\/li>\n<\/ul>\n[\/mk_icon_box2][\/vc_column_inner][\/vc_row_inner][vc_row_inner el_id=&#8220;3&#8243;][vc_column_inner width=&#8220;1\/2&#8243;][mk_icon_box2 icon_type=&#8220;image&#8220; icon_size=&#8220;48&#8243; icon_image=&#8220;\/wp-content\/uploads\/system-stykowej-detekcji-blachy.svg&#8220; title=&#8220;Kontakt-Sensor zur Erfassung der Anfangsposition IHS&#8220; title_size=&#8220;22&#8243; title_weight=&#8220;bold&#8220; title_color=&#8220;#147bb8&#8243; title_bottom_padding=&#8220;5&#8243; align=&#8220;left&#8220;]\n<ul>\n<li>Pr\u00e4zise Bestimmung der Plasmabrennerposition zum Material<\/li>\n<li>Erm\u00f6glicht einen schnellen Beginn des Schneidvorgangs an jeder Materialstelle<\/li>\n<\/ul>\n[\/mk_icon_box2][\/vc_column_inner][vc_column_inner width=&#8220;1\/2&#8243;][mk_icon_box2 icon_type=&#8220;image&#8220; icon_size=&#8220;48&#8243; icon_image=&#8220;\/wp-content\/uploads\/laserowy-wskaznik-polozenia-palnika.svg&#8220; title=&#8220;Laserpointer&#8220; title_size=&#8220;22&#8243; title_weight=&#8220;bold&#8220; title_color=&#8220;#147bb8&#8243; title_bottom_padding=&#8220;5&#8243; align=&#8220;left&#8220;]\n<ul>\n<li>Zeigt pr\u00e4zise die Position des sich \u00fcber dem Material befindenden Brenner an<\/li>\n<li>Bestimmung der Anfangsposition des Brenners, Herunterfahren des Kopfes ist nicht mehr erforderlich<\/li>\n<li>Dauer der Maschinenvorbereitung f\u00fcr den Schneidvorgang wird reduziert<\/li>\n<\/ul>\n[\/mk_icon_box2][\/vc_column_inner][\/vc_row_inner][vc_row_inner el_id=&#8220;4&#8243;][vc_column_inner width=&#8220;1\/2&#8243;][mk_icon_box2 icon_type=&#8220;image&#8220; icon_size=&#8220;48&#8243; icon_image=&#8220;\/wp-content\/uploads\/centralny-system-smarowania.svg&#8220; title=&#8220;Zentralschmierung&#8220; title_size=&#8220;22&#8243; title_weight=&#8220;bold&#8220; title_color=&#8220;#147bb8&#8243; title_bottom_padding=&#8220;5&#8243; align=&#8220;left&#8220;]\n<ul>\n<li>Bedienloser, st\u00f6rungsfreier und dauerhafter Betrieb der Linearlager<\/li>\n<li>2\u00d7 bis 3\u00d7 l\u00e4ngere Lebensdauer der Elemente von Lineareinheiten im Vergleich zu Produkten der Konkurrenz<\/li>\n<li>Sch\u00fctzt die Anlagen vor Besch\u00e4digungen beim \u201eTrockenlauf\u201d<\/li>\n<li>Gew\u00e4hrleistet flie\u00dfende Portalbewegungen<\/li>\n<\/ul>\n[\/mk_icon_box2][\/vc_column_inner][vc_column_inner width=&#8220;1\/2&#8243;][mk_icon_box2 icon_type=&#8220;image&#8220; icon_size=&#8220;48&#8243; icon_image=&#8220;\/wp-content\/uploads\/sterowanie-cnc.svg&#8220; title=&#8220;CNC-Steuerung&#8220; title_size=&#8220;22&#8243; title_weight=&#8220;bold&#8220; title_color=&#8220;#147bb8&#8243; title_bottom_padding=&#8220;5&#8243; align=&#8220;left&#8220;]\n<ul>\n<li>Portalmontage: erm\u00f6glicht dem Bediener eine einfache und vollst\u00e4ndige Kontrolle \u00fcber den Schneidvorgang<\/li>\n<li>Einfache Arbeit f\u00fcr jeden Bediener: intuitive Benutzeroberfl\u00e4che, 15\u2033-Touchscreen und Kreatorfunktion auf dem Bildschirm<\/li>\n<li>M\u00f6glicher Programmaustausch dank kabellosem WLAN-Anschlu\u00df und Ablesung des Mobilspeichers<\/li>\n<\/ul>\n[\/mk_icon_box2][\/vc_column_inner][\/vc_row_inner][vc_row_inner][vc_column_inner width=&#8220;1\/2&#8243;][mk_icon_box2 icon_type=&#8220;image&#8220; icon_size=&#8220;48&#8243; icon_image=&#8220;\/wp-content\/uploads\/oprogramowanie.svg&#8220; title=&#8220;CAD-\/CAM-Software&#8220; title_size=&#8220;22&#8243; title_weight=&#8220;bold&#8220; title_color=&#8220;#147bb8&#8243; title_bottom_padding=&#8220;5&#8243; align=&#8220;left&#8220;]\n<ul>\n<li>Verf\u00fcgt \u00fcber vielseitige Funktionen, die dem Benutzer eine flexible Programmierung von Prozessen f\u00fcr diverse Maschinen und Schneidvorg\u00e4nge erm\u00f6glichen<\/li>\n<\/ul>\n[\/mk_icon_box2][\/vc_column_inner][vc_column_inner width=&#8220;1\/2&#8243;][\/vc_column_inner][\/vc_row_inner][\/vc_column][\/mk_page_section]\n<\/div>","protected":false},"excerpt":{"rendered":"<p>[mk_page_section min_height=&#8220;0&#8243; padding_top=&#8220;45&#8243; padding_bottom=&#8220;45&#8243; sidebar=&#8220;sidebar-1&#8243;][vc_column][vc_row_inner el_id=&#8220;1&#8243;][vc_column_inner width=&#8220;1\/2&#8243;][mk_icon_box2 icon_type=&#8220;image&#8220; icon_size=&#8220;48&#8243; icon_image=&#8220;\/wp-content\/uploads\/stol-sekcyjny.svg&#8220; title=&#8220;Intelligenter Absaugtisch mit Segmentunterteilung&#8220; title_size=&#8220;22&#8243; title_weight=&#8220;bold&#8220; title_color=&#8220;#147bb8&#8243; title_bottom_padding=&#8220;5&#8243; align=&#8220;left&#8220;] Pflegeleichte Schlackewannen Hohe Widerstandsfestigkeit, m\u00f6gliche Anpassung an zentrale Filteranlagen Dank der Modulbauweise k\u00f6nnen Absaugtische mit diversen Arbeitsbreiten geliefert werden Intelligente Segmente, die sich automatisch nur im Arbeitsbereich des Brenners \u00f6ffnen Sicherer und effizienter Maschinenbetrieb [\/mk_icon_box2][\/vc_column_inner][vc_column_inner width=&#8220;1\/2&#8243;][mk_icon_box2 [&hellip;]<\/p>\n","protected":false},"author":1,"featured_media":0,"parent":736,"menu_order":41,"comment_status":"closed","ping_status":"closed","template":"","meta":{"footnotes":""},"class_list":["post-749","page","type-page","status-publish","hentry"],"yoast_head":"<!-- This site is optimized with the Yoast SEO plugin v27.4 - https:\/\/yoast.com\/product\/yoast-seo-wordpress\/ -->\n<title>Grundausstattung &#8226; ZAKMET<\/title>\n<meta name=\"description\" content=\"Grundausstattung aus CNC-Anlagen.\" \/>\n<meta name=\"robots\" content=\"index, follow, max-snippet:-1, max-image-preview:large, max-video-preview:-1\" \/>\n<link rel=\"canonical\" href=\"https:\/\/zakmet.pl\/de\/produkte\/grundausstattung\/\" \/>\n<meta property=\"og:locale\" content=\"de_DE\" \/>\n<meta property=\"og:type\" content=\"article\" \/>\n<meta property=\"og:title\" content=\"Grundausstattung &#8226; ZAKMET\" \/>\n<meta property=\"og:description\" content=\"Grundausstattung aus CNC-Anlagen.\" \/>\n<meta property=\"og:url\" content=\"https:\/\/zakmet.pl\/de\/produkte\/grundausstattung\/\" \/>\n<meta property=\"og:site_name\" content=\"ZAKMET\" \/>\n<meta property=\"article:publisher\" content=\"https:\/\/www.facebook.com\/zakmet.cncmachines\/\" \/>\n<meta property=\"article:modified_time\" content=\"2016-05-04T08:25:13+00:00\" \/>\n<meta property=\"og:image\" content=\"https:\/\/zakmet.pl\/wp-content\/uploads\/thumb.png\" \/>\n\t<meta property=\"og:image:width\" content=\"1200\" \/>\n\t<meta property=\"og:image:height\" content=\"628\" \/>\n\t<meta property=\"og:image:type\" content=\"image\/png\" \/>\n<meta name=\"twitter:card\" content=\"summary_large_image\" \/>\n<meta name=\"twitter:label1\" content=\"Gesch\u00e4tzte Lesezeit\" \/>\n\t<meta name=\"twitter:data1\" content=\"3\u00a0Minuten\" \/>\n<script type=\"application\/ld+json\" class=\"yoast-schema-graph\">{\"@context\":\"https:\\\/\\\/schema.org\",\"@graph\":[{\"@type\":\"WebPage\",\"@id\":\"https:\\\/\\\/zakmet.pl\\\/de\\\/produkte\\\/grundausstattung\\\/\",\"url\":\"https:\\\/\\\/zakmet.pl\\\/de\\\/produkte\\\/grundausstattung\\\/\",\"name\":\"Grundausstattung &#8226; ZAKMET\",\"isPartOf\":{\"@id\":\"https:\\\/\\\/zakmet.pl\\\/#website\"},\"datePublished\":\"2016-04-21T10:39:39+00:00\",\"dateModified\":\"2016-05-04T08:25:13+00:00\",\"description\":\"Grundausstattung aus CNC-Anlagen.\",\"breadcrumb\":{\"@id\":\"https:\\\/\\\/zakmet.pl\\\/de\\\/produkte\\\/grundausstattung\\\/#breadcrumb\"},\"inLanguage\":\"de\",\"potentialAction\":[{\"@type\":\"ReadAction\",\"target\":[\"https:\\\/\\\/zakmet.pl\\\/de\\\/produkte\\\/grundausstattung\\\/\"]}]},{\"@type\":\"BreadcrumbList\",\"@id\":\"https:\\\/\\\/zakmet.pl\\\/de\\\/produkte\\\/grundausstattung\\\/#breadcrumb\",\"itemListElement\":[{\"@type\":\"ListItem\",\"position\":1,\"name\":\"Strona g\u0142\u00f3wna\",\"item\":\"https:\\\/\\\/zakmet.pl\\\/de\\\/\"},{\"@type\":\"ListItem\",\"position\":2,\"name\":\"Produkte\",\"item\":\"https:\\\/\\\/zakmet.pl\\\/de\\\/produkte\\\/\"},{\"@type\":\"ListItem\",\"position\":3,\"name\":\"Grundausstattung\"}]},{\"@type\":\"WebSite\",\"@id\":\"https:\\\/\\\/zakmet.pl\\\/#website\",\"url\":\"https:\\\/\\\/zakmet.pl\\\/\",\"name\":\"ZAKMET\",\"description\":\"\",\"potentialAction\":[{\"@type\":\"SearchAction\",\"target\":{\"@type\":\"EntryPoint\",\"urlTemplate\":\"https:\\\/\\\/zakmet.pl\\\/?s={search_term_string}\"},\"query-input\":{\"@type\":\"PropertyValueSpecification\",\"valueRequired\":true,\"valueName\":\"search_term_string\"}}],\"inLanguage\":\"de\"}]}<\/script>\n<!-- \/ Yoast SEO plugin. -->","yoast_head_json":{"title":"Grundausstattung &#8226; ZAKMET","description":"Grundausstattung aus CNC-Anlagen.","robots":{"index":"index","follow":"follow","max-snippet":"max-snippet:-1","max-image-preview":"max-image-preview:large","max-video-preview":"max-video-preview:-1"},"canonical":"https:\/\/zakmet.pl\/de\/produkte\/grundausstattung\/","og_locale":"de_DE","og_type":"article","og_title":"Grundausstattung &#8226; ZAKMET","og_description":"Grundausstattung aus CNC-Anlagen.","og_url":"https:\/\/zakmet.pl\/de\/produkte\/grundausstattung\/","og_site_name":"ZAKMET","article_publisher":"https:\/\/www.facebook.com\/zakmet.cncmachines\/","article_modified_time":"2016-05-04T08:25:13+00:00","og_image":[{"width":1200,"height":628,"url":"https:\/\/zakmet.pl\/wp-content\/uploads\/thumb.png","type":"image\/png"}],"twitter_card":"summary_large_image","twitter_misc":{"Gesch\u00e4tzte Lesezeit":"3\u00a0Minuten"},"schema":{"@context":"https:\/\/schema.org","@graph":[{"@type":"WebPage","@id":"https:\/\/zakmet.pl\/de\/produkte\/grundausstattung\/","url":"https:\/\/zakmet.pl\/de\/produkte\/grundausstattung\/","name":"Grundausstattung &#8226; ZAKMET","isPartOf":{"@id":"https:\/\/zakmet.pl\/#website"},"datePublished":"2016-04-21T10:39:39+00:00","dateModified":"2016-05-04T08:25:13+00:00","description":"Grundausstattung aus CNC-Anlagen.","breadcrumb":{"@id":"https:\/\/zakmet.pl\/de\/produkte\/grundausstattung\/#breadcrumb"},"inLanguage":"de","potentialAction":[{"@type":"ReadAction","target":["https:\/\/zakmet.pl\/de\/produkte\/grundausstattung\/"]}]},{"@type":"BreadcrumbList","@id":"https:\/\/zakmet.pl\/de\/produkte\/grundausstattung\/#breadcrumb","itemListElement":[{"@type":"ListItem","position":1,"name":"Strona g\u0142\u00f3wna","item":"https:\/\/zakmet.pl\/de\/"},{"@type":"ListItem","position":2,"name":"Produkte","item":"https:\/\/zakmet.pl\/de\/produkte\/"},{"@type":"ListItem","position":3,"name":"Grundausstattung"}]},{"@type":"WebSite","@id":"https:\/\/zakmet.pl\/#website","url":"https:\/\/zakmet.pl\/","name":"ZAKMET","description":"","potentialAction":[{"@type":"SearchAction","target":{"@type":"EntryPoint","urlTemplate":"https:\/\/zakmet.pl\/?s={search_term_string}"},"query-input":{"@type":"PropertyValueSpecification","valueRequired":true,"valueName":"search_term_string"}}],"inLanguage":"de"}]}},"_links":{"self":[{"href":"https:\/\/zakmet.pl\/de\/wp-json\/wp\/v2\/pages\/749","targetHints":{"allow":["GET"]}}],"collection":[{"href":"https:\/\/zakmet.pl\/de\/wp-json\/wp\/v2\/pages"}],"about":[{"href":"https:\/\/zakmet.pl\/de\/wp-json\/wp\/v2\/types\/page"}],"author":[{"embeddable":true,"href":"https:\/\/zakmet.pl\/de\/wp-json\/wp\/v2\/users\/1"}],"replies":[{"embeddable":true,"href":"https:\/\/zakmet.pl\/de\/wp-json\/wp\/v2\/comments?post=749"}],"version-history":[{"count":2,"href":"https:\/\/zakmet.pl\/de\/wp-json\/wp\/v2\/pages\/749\/revisions"}],"predecessor-version":[{"id":751,"href":"https:\/\/zakmet.pl\/de\/wp-json\/wp\/v2\/pages\/749\/revisions\/751"}],"up":[{"embeddable":true,"href":"https:\/\/zakmet.pl\/de\/wp-json\/wp\/v2\/pages\/736"}],"wp:attachment":[{"href":"https:\/\/zakmet.pl\/de\/wp-json\/wp\/v2\/media?parent=749"}],"curies":[{"name":"wp","href":"https:\/\/api.w.org\/{rel}","templated":true}]}}