{"id":743,"date":"2016-03-30T11:25:26","date_gmt":"2016-03-30T09:25:26","guid":{"rendered":"http:\/\/zakmet.pl\/de\/kontakt\/"},"modified":"2019-08-07T11:40:10","modified_gmt":"2019-08-07T09:40:10","slug":"kontakt","status":"publish","type":"page","link":"https:\/\/zakmet.pl\/de\/kontakt\/","title":{"rendered":"Kontakt"},"content":{"rendered":"<div class=\"wpb-content-wrapper\">[mk_page_section min_height=&#8220;0&#8243; padding_top=&#8220;45&#8243; padding_bottom=&#8220;0&#8243; sidebar=&#8220;sidebar-1&#8243;][vc_column width=&#8220;1\/2&#8243;][vc_row_inner attached=&#8220;true&#8220; animation=&#8220;left-to-right&#8220;][vc_column_inner][mk_advanced_gmaps latitude=&#8220;51.060678&#8243; longitude=&#8220;15.279798&#8243; address=&#8220;<strong>ZAKMET s.c.<\/strong><br \/>\nKo\u015bcielniki \u015arednie 33<br \/>\n59-820 Le\u015bna&#8220; latitude_2=&#8220;51.100540&#8243; longitude_2=&#8220;15.303738&#8243; address_2=&#8220;<strong>PRODUKTION UND DIENSTLEISTUNGEN<\/strong><br \/>\nul. \u017bwirowa 3, Uniegoszcz<br \/>\n59-800 Luba\u0144&#8220; pin_icon=&#8220;\/wp-content\/uploads\/marker.svg&#8220; content_font_color=&#8220;#ffffff&#8220; height=&#8220;674&#8243; map_zoom=&#8220;13&#8243; modify_coloring=&#8220;true&#8220; hue=&#8220;#cccccc&#8220; saturation=&#8220;-100&#8243; lightness=&#8220;0&#8243; el_class=&#8220;etykieta&#8220; zoom=&#8220;10&#8243;][\/vc_column_inner][\/vc_row_inner][mk_padding_divider size=&#8220;45&#8243;][\/vc_column][vc_column width=&#8220;1\/2&#8243;][vc_row_inner animation=&#8220;right-to-left&#8220;][vc_column_inner width=&#8220;1\/2&#8243;][vc_column_text margin_bottom=&#8220;20&#8243; animation=&#8220;top-to-bottom&#8220;]<strong>ZAKMET s.c.<\/strong><br \/>\nKo\u015bcielniki \u015arednie 33<br \/>\n59-820 Le\u015bna<\/p>\n<p><strong>T\/F.<\/strong>\u00a0+48 75 721 66 22<br \/>\n<strong>E.<\/strong> biuro@zakmet.pl<\/p>\n<p><strong>NIP<\/strong>\u00a0613-157-47-10<br \/>\n<strong>REGON<\/strong>\u00a0360271020[\/vc_column_text][\/vc_column_inner][vc_column_inner width=&#8220;1\/2&#8243;][vc_column_text animation=&#8220;right-to-left&#8220;]<strong>PRODUKTION UND DIENSTLEISTUNGEN<\/strong><br \/>\nul. \u017bwirowa 3, Uniegoszcz<br \/>\n59-800 Luba\u0144<br \/>\n<strong>E.<\/strong> produkcja@zakmet.pl[\/vc_column_text][vc_column_text margin_bottom=&#8220;20&#8243; animation=&#8220;bottom-to-top&#8220;]<strong>BUCHHALTUNG<\/strong><br \/>\n<strong>T.<\/strong> +48 75 721 43 43[\/vc_column_text][\/vc_column_inner][\/vc_row_inner][vc_row_inner attached=&#8220;true&#8220; animation=&#8220;flip-y&#8220;][vc_column_inner][\/vc_column_inner][\/vc_row_inner][\/vc_column][\/mk_page_section][mk_page_section min_height=&#8220;0&#8243; padding_top=&#8220;0&#8243; padding_bottom=&#8220;45&#8243; sidebar=&#8220;sidebar-1&#8243;][vc_column width=&#8220;1\/4&#8243;][vc_column_text margin_bottom=&#8220;20&#8243;]<strong>MARKETING <\/strong><br \/>\n<strong>T.<\/strong> +48 519 141 204[\/vc_column_text][\/vc_column][vc_column width=&#8220;1\/4&#8243;][vc_column_text margin_bottom=&#8220;20&#8243;]<strong>VERKAUF<br \/>\nT.<\/strong> +48 505 104 945[\/vc_column_text][\/vc_column][vc_column width=&#8220;1\/4&#8243;][vc_column_text margin_bottom=&#8220;20&#8243;]<strong>BEREITSTELLUNG<br \/>\nT.<\/strong>\u00a0+48 505 104 943<br \/>\n<strong>E.<\/strong> sklep@zakmet.pl[\/vc_column_text][\/vc_column][vc_column width=&#8220;1\/4&#8243;][vc_column_text]<strong>SERVICE<\/strong><br \/>\n<strong>F.<\/strong> +48 75 721 66 22<br \/>\n<strong>E.<\/strong> serwis@zakmet.pl[\/vc_column_text][\/vc_column][\/mk_page_section]\n<\/div>","protected":false},"excerpt":{"rendered":"<p>[mk_page_section min_height=&#8220;0&#8243; padding_top=&#8220;45&#8243; padding_bottom=&#8220;0&#8243; sidebar=&#8220;sidebar-1&#8243;][vc_column width=&#8220;1\/2&#8243;][vc_row_inner attached=&#8220;true&#8220; animation=&#8220;left-to-right&#8220;][vc_column_inner][mk_advanced_gmaps latitude=&#8220;51.060678&#8243; longitude=&#8220;15.279798&#8243; address=&#8220;ZAKMET s.c. Ko\u015bcielniki \u015arednie 33 59-820 Le\u015bna&#8220; latitude_2=&#8220;51.100540&#8243; longitude_2=&#8220;15.303738&#8243; address_2=&#8220;PRODUKTION UND DIENSTLEISTUNGEN ul. \u017bwirowa 3, Uniegoszcz 59-800 Luba\u0144&#8220; pin_icon=&#8220;\/wp-content\/uploads\/marker.svg&#8220; content_font_color=&#8220;#ffffff&#8220; height=&#8220;674&#8243; map_zoom=&#8220;13&#8243; modify_coloring=&#8220;true&#8220; hue=&#8220;#cccccc&#8220; saturation=&#8220;-100&#8243; lightness=&#8220;0&#8243; el_class=&#8220;etykieta&#8220; zoom=&#8220;10&#8243;][\/vc_column_inner][\/vc_row_inner][mk_padding_divider size=&#8220;45&#8243;][\/vc_column][vc_column width=&#8220;1\/2&#8243;][vc_row_inner animation=&#8220;right-to-left&#8220;][vc_column_inner width=&#8220;1\/2&#8243;][vc_column_text margin_bottom=&#8220;20&#8243; animation=&#8220;top-to-bottom&#8220;]ZAKMET s.c. Ko\u015bcielniki \u015arednie 33 59-820 Le\u015bna T\/F.\u00a0+48 75 721 66 22 [&hellip;]<\/p>\n","protected":false},"author":1,"featured_media":0,"parent":0,"menu_order":8,"comment_status":"closed","ping_status":"closed","template":"","meta":{"footnotes":""},"class_list":["post-743","page","type-page","status-publish","hentry"],"yoast_head":"<!-- This site is optimized with the Yoast SEO plugin v27.4 - https:\/\/yoast.com\/product\/yoast-seo-wordpress\/ -->\n<title>Kontakt &#8226; ZAKMET<\/title>\n<meta name=\"description\" content=\"ZAKMET s.c. \u2022 Ko\u015bcielniki \u015arednie 33 \u2022 59-820 Le\u015bna \u2022 T\/F. +48 75 721 66 22 \u2022 E. biuro@zakmet.pl \u2022 NIP 613-157-47-10 \u2022 REGON 360271020\" \/>\n<meta name=\"robots\" content=\"index, follow, max-snippet:-1, max-image-preview:large, max-video-preview:-1\" \/>\n<link rel=\"canonical\" href=\"https:\/\/zakmet.pl\/de\/kontakt\/\" \/>\n<meta property=\"og:locale\" content=\"de_DE\" \/>\n<meta property=\"og:type\" content=\"article\" \/>\n<meta property=\"og:title\" content=\"Kontakt &#8226; ZAKMET\" \/>\n<meta property=\"og:description\" content=\"ZAKMET s.c. \u2022 Ko\u015bcielniki \u015arednie 33 \u2022 59-820 Le\u015bna \u2022 T\/F. +48 75 721 66 22 \u2022 E. biuro@zakmet.pl \u2022 NIP 613-157-47-10 \u2022 REGON 360271020\" \/>\n<meta property=\"og:url\" content=\"https:\/\/zakmet.pl\/de\/kontakt\/\" \/>\n<meta property=\"og:site_name\" content=\"ZAKMET\" \/>\n<meta property=\"article:publisher\" content=\"https:\/\/www.facebook.com\/zakmet.cncmachines\/\" \/>\n<meta property=\"article:modified_time\" content=\"2019-08-07T09:40:10+00:00\" \/>\n<meta property=\"og:image\" content=\"https:\/\/zakmet.pl\/wp-content\/uploads\/thumb.png\" \/>\n\t<meta property=\"og:image:width\" content=\"1200\" \/>\n\t<meta property=\"og:image:height\" content=\"628\" \/>\n\t<meta property=\"og:image:type\" content=\"image\/png\" \/>\n<meta name=\"twitter:card\" content=\"summary_large_image\" \/>\n<meta name=\"twitter:label1\" content=\"Gesch\u00e4tzte Lesezeit\" \/>\n\t<meta name=\"twitter:data1\" content=\"1\u00a0Minute\" \/>\n<script type=\"application\/ld+json\" class=\"yoast-schema-graph\">{\"@context\":\"https:\\\/\\\/schema.org\",\"@graph\":[{\"@type\":\"WebPage\",\"@id\":\"https:\\\/\\\/zakmet.pl\\\/de\\\/kontakt\\\/\",\"url\":\"https:\\\/\\\/zakmet.pl\\\/de\\\/kontakt\\\/\",\"name\":\"Kontakt &#8226; ZAKMET\",\"isPartOf\":{\"@id\":\"https:\\\/\\\/zakmet.pl\\\/#website\"},\"datePublished\":\"2016-03-30T09:25:26+00:00\",\"dateModified\":\"2019-08-07T09:40:10+00:00\",\"description\":\"ZAKMET s.c. \u2022 Ko\u015bcielniki \u015arednie 33 \u2022 59-820 Le\u015bna \u2022 T\\\/F. +48 75 721 66 22 \u2022 E. biuro@zakmet.pl \u2022 NIP 613-157-47-10 \u2022 REGON 360271020\",\"breadcrumb\":{\"@id\":\"https:\\\/\\\/zakmet.pl\\\/de\\\/kontakt\\\/#breadcrumb\"},\"inLanguage\":\"de\",\"potentialAction\":[{\"@type\":\"ReadAction\",\"target\":[\"https:\\\/\\\/zakmet.pl\\\/de\\\/kontakt\\\/\"]}]},{\"@type\":\"BreadcrumbList\",\"@id\":\"https:\\\/\\\/zakmet.pl\\\/de\\\/kontakt\\\/#breadcrumb\",\"itemListElement\":[{\"@type\":\"ListItem\",\"position\":1,\"name\":\"Strona g\u0142\u00f3wna\",\"item\":\"https:\\\/\\\/zakmet.pl\\\/de\\\/\"},{\"@type\":\"ListItem\",\"position\":2,\"name\":\"Kontakt\"}]},{\"@type\":\"WebSite\",\"@id\":\"https:\\\/\\\/zakmet.pl\\\/#website\",\"url\":\"https:\\\/\\\/zakmet.pl\\\/\",\"name\":\"ZAKMET\",\"description\":\"\",\"potentialAction\":[{\"@type\":\"SearchAction\",\"target\":{\"@type\":\"EntryPoint\",\"urlTemplate\":\"https:\\\/\\\/zakmet.pl\\\/?s={search_term_string}\"},\"query-input\":{\"@type\":\"PropertyValueSpecification\",\"valueRequired\":true,\"valueName\":\"search_term_string\"}}],\"inLanguage\":\"de\"}]}<\/script>\n<!-- \/ Yoast SEO plugin. -->","yoast_head_json":{"title":"Kontakt &#8226; ZAKMET","description":"ZAKMET s.c. \u2022 Ko\u015bcielniki \u015arednie 33 \u2022 59-820 Le\u015bna \u2022 T\/F. +48 75 721 66 22 \u2022 E. biuro@zakmet.pl \u2022 NIP 613-157-47-10 \u2022 REGON 360271020","robots":{"index":"index","follow":"follow","max-snippet":"max-snippet:-1","max-image-preview":"max-image-preview:large","max-video-preview":"max-video-preview:-1"},"canonical":"https:\/\/zakmet.pl\/de\/kontakt\/","og_locale":"de_DE","og_type":"article","og_title":"Kontakt &#8226; ZAKMET","og_description":"ZAKMET s.c. \u2022 Ko\u015bcielniki \u015arednie 33 \u2022 59-820 Le\u015bna \u2022 T\/F. +48 75 721 66 22 \u2022 E. biuro@zakmet.pl \u2022 NIP 613-157-47-10 \u2022 REGON 360271020","og_url":"https:\/\/zakmet.pl\/de\/kontakt\/","og_site_name":"ZAKMET","article_publisher":"https:\/\/www.facebook.com\/zakmet.cncmachines\/","article_modified_time":"2019-08-07T09:40:10+00:00","og_image":[{"width":1200,"height":628,"url":"https:\/\/zakmet.pl\/wp-content\/uploads\/thumb.png","type":"image\/png"}],"twitter_card":"summary_large_image","twitter_misc":{"Gesch\u00e4tzte Lesezeit":"1\u00a0Minute"},"schema":{"@context":"https:\/\/schema.org","@graph":[{"@type":"WebPage","@id":"https:\/\/zakmet.pl\/de\/kontakt\/","url":"https:\/\/zakmet.pl\/de\/kontakt\/","name":"Kontakt &#8226; ZAKMET","isPartOf":{"@id":"https:\/\/zakmet.pl\/#website"},"datePublished":"2016-03-30T09:25:26+00:00","dateModified":"2019-08-07T09:40:10+00:00","description":"ZAKMET s.c. \u2022 Ko\u015bcielniki \u015arednie 33 \u2022 59-820 Le\u015bna \u2022 T\/F. +48 75 721 66 22 \u2022 E. biuro@zakmet.pl \u2022 NIP 613-157-47-10 \u2022 REGON 360271020","breadcrumb":{"@id":"https:\/\/zakmet.pl\/de\/kontakt\/#breadcrumb"},"inLanguage":"de","potentialAction":[{"@type":"ReadAction","target":["https:\/\/zakmet.pl\/de\/kontakt\/"]}]},{"@type":"BreadcrumbList","@id":"https:\/\/zakmet.pl\/de\/kontakt\/#breadcrumb","itemListElement":[{"@type":"ListItem","position":1,"name":"Strona g\u0142\u00f3wna","item":"https:\/\/zakmet.pl\/de\/"},{"@type":"ListItem","position":2,"name":"Kontakt"}]},{"@type":"WebSite","@id":"https:\/\/zakmet.pl\/#website","url":"https:\/\/zakmet.pl\/","name":"ZAKMET","description":"","potentialAction":[{"@type":"SearchAction","target":{"@type":"EntryPoint","urlTemplate":"https:\/\/zakmet.pl\/?s={search_term_string}"},"query-input":{"@type":"PropertyValueSpecification","valueRequired":true,"valueName":"search_term_string"}}],"inLanguage":"de"}]}},"_links":{"self":[{"href":"https:\/\/zakmet.pl\/de\/wp-json\/wp\/v2\/pages\/743","targetHints":{"allow":["GET"]}}],"collection":[{"href":"https:\/\/zakmet.pl\/de\/wp-json\/wp\/v2\/pages"}],"about":[{"href":"https:\/\/zakmet.pl\/de\/wp-json\/wp\/v2\/types\/page"}],"author":[{"embeddable":true,"href":"https:\/\/zakmet.pl\/de\/wp-json\/wp\/v2\/users\/1"}],"replies":[{"embeddable":true,"href":"https:\/\/zakmet.pl\/de\/wp-json\/wp\/v2\/comments?post=743"}],"version-history":[{"count":8,"href":"https:\/\/zakmet.pl\/de\/wp-json\/wp\/v2\/pages\/743\/revisions"}],"predecessor-version":[{"id":1863,"href":"https:\/\/zakmet.pl\/de\/wp-json\/wp\/v2\/pages\/743\/revisions\/1863"}],"wp:attachment":[{"href":"https:\/\/zakmet.pl\/de\/wp-json\/wp\/v2\/media?parent=743"}],"curies":[{"name":"wp","href":"https:\/\/api.w.org\/{rel}","templated":true}]}}