{"id":733,"date":"2016-03-30T11:22:32","date_gmt":"2016-03-30T09:22:32","guid":{"rendered":"http:\/\/zakmet.pl\/de\/o-firmie\/"},"modified":"2016-05-04T09:56:02","modified_gmt":"2016-05-04T07:56:02","slug":"ueber-uns","status":"publish","type":"page","link":"https:\/\/zakmet.pl\/de\/ueber-uns\/","title":{"rendered":"\u00dcber uns"},"content":{"rendered":"<div class=\"wpb-content-wrapper\">[mk_page_section bg_color=&#8220;#f5f5f5&#8243; min_height=&#8220;0&#8243; padding_top=&#8220;45&#8243; padding_bottom=&#8220;27&#8243; sidebar=&#8220;sidebar-1&#8243;][vc_column][vc_row_inner attached=&#8220;true&#8220;][vc_column_inner width=&#8220;1\/12&#8243;][mk_fancy_title color=&#8220;#147bb8&#8243; size=&#8220;28&#8243; margin_bottom=&#8220;0&#8243; font_family=&#8220;none&#8220; animation=&#8220;flip-x&#8220; el_class=&#8220;tytul&#8220;]Z[\/mk_fancy_title][\/vc_column_inner][vc_column_inner width=&#8220;5\/12&#8243;][mk_fancy_title size=&#8220;28&#8243; margin_bottom=&#8220;0&#8243; font_family=&#8220;none&#8220; animation=&#8220;right-to-left&#8220;]Zuverl\u00e4ssigkeit und Vertrauen[\/mk_fancy_title][\/vc_column_inner][vc_column_inner width=&#8220;6\/12&#8243;][vc_column_text animation=&#8220;left-to-right&#8220;]25 Jahre Erfahrung im Bereich Gas-<br \/>\nund Plasmaschneidanlagen[\/vc_column_text][\/vc_column_inner][\/vc_row_inner][vc_row_inner attached=&#8220;true&#8220;][vc_column_inner width=&#8220;1\/12&#8243;][mk_fancy_title color=&#8220;#147bb8&#8243; size=&#8220;28&#8243; margin_bottom=&#8220;0&#8243; font_family=&#8220;none&#8220; animation=&#8220;flip-x&#8220; el_class=&#8220;tytul&#8220;]A[\/mk_fancy_title][\/vc_column_inner][vc_column_inner width=&#8220;5\/12&#8243;][mk_fancy_title size=&#8220;28&#8243; margin_bottom=&#8220;0&#8243; font_family=&#8220;none&#8220; animation=&#8220;right-to-left&#8220;]Automation[\/mk_fancy_title][\/vc_column_inner][vc_column_inner width=&#8220;6\/12&#8243;][vc_column_text animation=&#8220;left-to-right&#8220;]volle Integration aller Maschinenmodule reduziert den Arbeitsaufwand des\u00a0Bedieners[\/vc_column_text][\/vc_column_inner][\/vc_row_inner][vc_row_inner attached=&#8220;true&#8220;][vc_column_inner width=&#8220;1\/12&#8243;][mk_fancy_title color=&#8220;#147bb8&#8243; size=&#8220;28&#8243; margin_bottom=&#8220;0&#8243; font_family=&#8220;none&#8220; animation=&#8220;flip-x&#8220; el_class=&#8220;tytul&#8220;]K[\/mk_fancy_title][\/vc_column_inner][vc_column_inner width=&#8220;5\/12&#8243;][mk_fancy_title size=&#8220;28&#8243; margin_bottom=&#8220;0&#8243; font_family=&#8220;none&#8220; animation=&#8220;right-to-left&#8220;]Komplexit\u00e4t[\/mk_fancy_title][\/vc_column_inner][vc_column_inner width=&#8220;6\/12&#8243;][vc_column_text animation=&#8220;left-to-right&#8220;]da f\u00fcr uns alle Auftragsdetails von gro\u00dfer Bedeutung sind, fertigen wir Maschinen und erbringen Dienstleistungen von H\u00f6chstniveau[\/vc_column_text][\/vc_column_inner][\/vc_row_inner][vc_row_inner attached=&#8220;true&#8220;][vc_column_inner width=&#8220;1\/12&#8243;][mk_fancy_title color=&#8220;#147bb8&#8243; size=&#8220;28&#8243; margin_bottom=&#8220;0&#8243; font_family=&#8220;none&#8220; animation=&#8220;flip-x&#8220; el_class=&#8220;tytul&#8220;]M[\/mk_fancy_title][\/vc_column_inner][vc_column_inner width=&#8220;5\/12&#8243;][mk_fancy_title size=&#8220;28&#8243; margin_bottom=&#8220;0&#8243; font_family=&#8220;none&#8220; animation=&#8220;right-to-left&#8220;]Modernisierung[\/mk_fancy_title][\/vc_column_inner][vc_column_inner width=&#8220;6\/12&#8243;][vc_column_text animation=&#8220;left-to-right&#8220;]stete Weiterentwicklung der Maschinen, die an die sich wandelnden Bed\u00fcrfnisse der Kunden angepasst werden[\/vc_column_text][\/vc_column_inner][\/vc_row_inner][vc_row_inner attached=&#8220;true&#8220;][vc_column_inner width=&#8220;1\/12&#8243;][mk_fancy_title color=&#8220;#147bb8&#8243; size=&#8220;28&#8243; margin_bottom=&#8220;0&#8243; font_family=&#8220;none&#8220; animation=&#8220;flip-x&#8220; el_class=&#8220;tytul&#8220;]E[\/mk_fancy_title][\/vc_column_inner][vc_column_inner width=&#8220;5\/12&#8243;][mk_fancy_title size=&#8220;28&#8243; margin_bottom=&#8220;0&#8243; font_family=&#8220;none&#8220; animation=&#8220;right-to-left&#8220;]Effizienz und Wirtschaftlichkeit[\/mk_fancy_title][\/vc_column_inner][vc_column_inner width=&#8220;6\/12&#8243;][vc_column_text animation=&#8220;left-to-right&#8220;]wir wenden bew\u00e4hrte, moderne L\u00f6sungen<br \/>\nzu einem optimalen Preis an[\/vc_column_text][\/vc_column_inner][\/vc_row_inner][vc_row_inner attached=&#8220;true&#8220;][vc_column_inner width=&#8220;1\/12&#8243;][mk_fancy_title color=&#8220;#147bb8&#8243; size=&#8220;28&#8243; margin_bottom=&#8220;0&#8243; font_family=&#8220;none&#8220; animation=&#8220;flip-x&#8220; el_class=&#8220;tytul&#8220;]T[\/mk_fancy_title][\/vc_column_inner][vc_column_inner width=&#8220;5\/12&#8243;][mk_fancy_title size=&#8220;28&#8243; margin_bottom=&#8220;0&#8243; font_family=&#8220;none&#8220; animation=&#8220;right-to-left&#8220;]Technologie[\/mk_fancy_title][\/vc_column_inner][vc_column_inner width=&#8220;6\/12&#8243;][vc_column_text animation=&#8220;left-to-right&#8220;]innovative L\u00f6sungen im Bereich sich dynamisch entwickelnder Schneidtechnik[\/vc_column_text][\/vc_column_inner][\/vc_row_inner][\/vc_column][\/mk_page_section][mk_page_section min_height=&#8220;0&#8243; padding_top=&#8220;45&#8243; padding_bottom=&#8220;25&#8243; sidebar=&#8220;sidebar-1&#8243;][vc_column][vc_column_text]Das Unternehmen <strong>ZAKMET<\/strong> wurde 1985 gegr\u00fcndet. Seit 1992 spezialisieren wir uns auf die Anfertigung technisch weit fortgeschrittener CNC-Anlagen zum Plasma-, Sauerstoff- und Laserschneiden sowie Schwei\u00dfanlagen. Jahrelange Erfahrung unserer Ingenieure erm\u00f6glicht die Entwicklung innovativer Anlagen, die gleichzeitig einfach zu bedienen und streng an die Bed\u00fcrfnisse der Kunden angepasst sind. Dank unserer technischen Infrastruktur k\u00f6nnen wir vor Ort pr\u00e4zise Schneid- und Schwei\u00dfanlagen entwerfen, anfertigen, installieren und warten. Unsere Betriebsst\u00e4tten werden in \u00dcbereinstimmung mit den Normen <strong>EN 1090-1<\/strong> und <strong>EN ISO 3834-2<\/strong> betrieben.[\/vc_column_text][vc_column_text]<strong>Bereits 1000 Unternehmer aus Polen, Europa und Asien<\/strong> haben ihr Vertrauen ins uns gesetzt. Unsere Anlagen werden u.a. in Belgien, Holland, Frankreich, England, Irland, Russland, Wei\u00dfrussland, Litauen, Griechenland und in der Ukraine genutzt. Unsere Gesch\u00e4ftspartner haben uns vertraut und wissen, da\u00df unsere Schneidanlagen zuverl\u00e4ssige, pr\u00e4zise, umfassende und leistungsstarke Maschinen sind. Die Zufriedenheit unserer Kunden motiviert uns zur steten Weiterentwicklung, um sich so gut wie m\u00f6glich an die sich dynamisch entwickelnde Schneidtechnik anzupassen.[\/vc_column_text][\/vc_column][\/mk_page_section]\n<\/div>","protected":false},"excerpt":{"rendered":"<p>[mk_page_section bg_color=&#8220;#f5f5f5&#8243; min_height=&#8220;0&#8243; padding_top=&#8220;45&#8243; padding_bottom=&#8220;27&#8243; sidebar=&#8220;sidebar-1&#8243;][vc_column][vc_row_inner attached=&#8220;true&#8220;][vc_column_inner width=&#8220;1\/12&#8243;][mk_fancy_title color=&#8220;#147bb8&#8243; size=&#8220;28&#8243; margin_bottom=&#8220;0&#8243; font_family=&#8220;none&#8220; animation=&#8220;flip-x&#8220; el_class=&#8220;tytul&#8220;]Z[\/mk_fancy_title][\/vc_column_inner][vc_column_inner width=&#8220;5\/12&#8243;][mk_fancy_title size=&#8220;28&#8243; margin_bottom=&#8220;0&#8243; font_family=&#8220;none&#8220; animation=&#8220;right-to-left&#8220;]Zuverl\u00e4ssigkeit und Vertrauen[\/mk_fancy_title][\/vc_column_inner][vc_column_inner width=&#8220;6\/12&#8243;][vc_column_text animation=&#8220;left-to-right&#8220;]25 Jahre Erfahrung im Bereich Gas- und Plasmaschneidanlagen[\/vc_column_text][\/vc_column_inner][\/vc_row_inner][vc_row_inner attached=&#8220;true&#8220;][vc_column_inner width=&#8220;1\/12&#8243;][mk_fancy_title color=&#8220;#147bb8&#8243; size=&#8220;28&#8243; margin_bottom=&#8220;0&#8243; font_family=&#8220;none&#8220; animation=&#8220;flip-x&#8220; el_class=&#8220;tytul&#8220;]A[\/mk_fancy_title][\/vc_column_inner][vc_column_inner width=&#8220;5\/12&#8243;][mk_fancy_title size=&#8220;28&#8243; margin_bottom=&#8220;0&#8243; font_family=&#8220;none&#8220; animation=&#8220;right-to-left&#8220;]Automation[\/mk_fancy_title][\/vc_column_inner][vc_column_inner width=&#8220;6\/12&#8243;][vc_column_text animation=&#8220;left-to-right&#8220;]volle Integration aller Maschinenmodule reduziert den Arbeitsaufwand des\u00a0Bedieners[\/vc_column_text][\/vc_column_inner][\/vc_row_inner][vc_row_inner attached=&#8220;true&#8220;][vc_column_inner width=&#8220;1\/12&#8243;][mk_fancy_title color=&#8220;#147bb8&#8243; [&hellip;]<\/p>\n","protected":false},"author":1,"featured_media":524,"parent":0,"menu_order":3,"comment_status":"closed","ping_status":"closed","template":"","meta":{"footnotes":""},"class_list":["post-733","page","type-page","status-publish","has-post-thumbnail","hentry"],"yoast_head":"<!-- This site is optimized with the Yoast SEO plugin v27.4 - https:\/\/yoast.com\/product\/yoast-seo-wordpress\/ -->\n<title>\u00dcber uns &#8226; ZAKMET<\/title>\n<meta name=\"description\" content=\"Das Unternehmen ZAKMET wurde 1985 gegr\u00fcndet. Wir spezialisieren uns auf die Anfertigung technisch weit fortgeschrittener CNC-Anlagen.\" \/>\n<meta name=\"robots\" content=\"index, follow, max-snippet:-1, max-image-preview:large, max-video-preview:-1\" \/>\n<link rel=\"canonical\" href=\"https:\/\/zakmet.pl\/de\/ueber-uns\/\" \/>\n<meta property=\"og:locale\" content=\"de_DE\" \/>\n<meta property=\"og:type\" content=\"article\" \/>\n<meta property=\"og:title\" content=\"\u00dcber uns &#8226; ZAKMET\" \/>\n<meta property=\"og:description\" content=\"Das Unternehmen ZAKMET wurde 1985 gegr\u00fcndet. Wir spezialisieren uns auf die Anfertigung technisch weit fortgeschrittener CNC-Anlagen.\" \/>\n<meta property=\"og:url\" content=\"https:\/\/zakmet.pl\/de\/ueber-uns\/\" \/>\n<meta property=\"og:site_name\" content=\"ZAKMET\" \/>\n<meta property=\"article:publisher\" content=\"https:\/\/www.facebook.com\/zakmet.cncmachines\/\" \/>\n<meta property=\"article:modified_time\" content=\"2016-05-04T07:56:02+00:00\" \/>\n<meta property=\"og:image\" content=\"https:\/\/zakmet.pl\/wp-content\/uploads\/thumb.png\" \/>\n\t<meta property=\"og:image:width\" content=\"1200\" \/>\n\t<meta property=\"og:image:height\" content=\"628\" \/>\n\t<meta property=\"og:image:type\" content=\"image\/png\" \/>\n<meta name=\"twitter:card\" content=\"summary_large_image\" \/>\n<meta name=\"twitter:label1\" content=\"Gesch\u00e4tzte Lesezeit\" \/>\n\t<meta name=\"twitter:data1\" content=\"4\u00a0Minuten\" \/>\n<script type=\"application\/ld+json\" class=\"yoast-schema-graph\">{\"@context\":\"https:\\\/\\\/schema.org\",\"@graph\":[{\"@type\":\"WebPage\",\"@id\":\"https:\\\/\\\/zakmet.pl\\\/de\\\/ueber-uns\\\/\",\"url\":\"https:\\\/\\\/zakmet.pl\\\/de\\\/ueber-uns\\\/\",\"name\":\"\u00dcber uns &#8226; ZAKMET\",\"isPartOf\":{\"@id\":\"https:\\\/\\\/zakmet.pl\\\/#website\"},\"primaryImageOfPage\":{\"@id\":\"https:\\\/\\\/zakmet.pl\\\/de\\\/ueber-uns\\\/#primaryimage\"},\"image\":{\"@id\":\"https:\\\/\\\/zakmet.pl\\\/de\\\/ueber-uns\\\/#primaryimage\"},\"thumbnailUrl\":\"https:\\\/\\\/zakmet.pl\\\/wp-content\\\/uploads\\\/thumb.png\",\"datePublished\":\"2016-03-30T09:22:32+00:00\",\"dateModified\":\"2016-05-04T07:56:02+00:00\",\"description\":\"Das Unternehmen ZAKMET wurde 1985 gegr\u00fcndet. Wir spezialisieren uns auf die Anfertigung technisch weit fortgeschrittener CNC-Anlagen.\",\"breadcrumb\":{\"@id\":\"https:\\\/\\\/zakmet.pl\\\/de\\\/ueber-uns\\\/#breadcrumb\"},\"inLanguage\":\"de\",\"potentialAction\":[{\"@type\":\"ReadAction\",\"target\":[\"https:\\\/\\\/zakmet.pl\\\/de\\\/ueber-uns\\\/\"]}]},{\"@type\":\"ImageObject\",\"inLanguage\":\"de\",\"@id\":\"https:\\\/\\\/zakmet.pl\\\/de\\\/ueber-uns\\\/#primaryimage\",\"url\":\"https:\\\/\\\/zakmet.pl\\\/wp-content\\\/uploads\\\/thumb.png\",\"contentUrl\":\"https:\\\/\\\/zakmet.pl\\\/wp-content\\\/uploads\\\/thumb.png\",\"width\":1200,\"height\":628},{\"@type\":\"BreadcrumbList\",\"@id\":\"https:\\\/\\\/zakmet.pl\\\/de\\\/ueber-uns\\\/#breadcrumb\",\"itemListElement\":[{\"@type\":\"ListItem\",\"position\":1,\"name\":\"Strona g\u0142\u00f3wna\",\"item\":\"https:\\\/\\\/zakmet.pl\\\/de\\\/\"},{\"@type\":\"ListItem\",\"position\":2,\"name\":\"\u00dcber uns\"}]},{\"@type\":\"WebSite\",\"@id\":\"https:\\\/\\\/zakmet.pl\\\/#website\",\"url\":\"https:\\\/\\\/zakmet.pl\\\/\",\"name\":\"ZAKMET\",\"description\":\"\",\"potentialAction\":[{\"@type\":\"SearchAction\",\"target\":{\"@type\":\"EntryPoint\",\"urlTemplate\":\"https:\\\/\\\/zakmet.pl\\\/?s={search_term_string}\"},\"query-input\":{\"@type\":\"PropertyValueSpecification\",\"valueRequired\":true,\"valueName\":\"search_term_string\"}}],\"inLanguage\":\"de\"}]}<\/script>\n<!-- \/ Yoast SEO plugin. -->","yoast_head_json":{"title":"\u00dcber uns &#8226; ZAKMET","description":"Das Unternehmen ZAKMET wurde 1985 gegr\u00fcndet. Wir spezialisieren uns auf die Anfertigung technisch weit fortgeschrittener CNC-Anlagen.","robots":{"index":"index","follow":"follow","max-snippet":"max-snippet:-1","max-image-preview":"max-image-preview:large","max-video-preview":"max-video-preview:-1"},"canonical":"https:\/\/zakmet.pl\/de\/ueber-uns\/","og_locale":"de_DE","og_type":"article","og_title":"\u00dcber uns &#8226; ZAKMET","og_description":"Das Unternehmen ZAKMET wurde 1985 gegr\u00fcndet. Wir spezialisieren uns auf die Anfertigung technisch weit fortgeschrittener CNC-Anlagen.","og_url":"https:\/\/zakmet.pl\/de\/ueber-uns\/","og_site_name":"ZAKMET","article_publisher":"https:\/\/www.facebook.com\/zakmet.cncmachines\/","article_modified_time":"2016-05-04T07:56:02+00:00","og_image":[{"width":1200,"height":628,"url":"https:\/\/zakmet.pl\/wp-content\/uploads\/thumb.png","type":"image\/png"}],"twitter_card":"summary_large_image","twitter_misc":{"Gesch\u00e4tzte Lesezeit":"4\u00a0Minuten"},"schema":{"@context":"https:\/\/schema.org","@graph":[{"@type":"WebPage","@id":"https:\/\/zakmet.pl\/de\/ueber-uns\/","url":"https:\/\/zakmet.pl\/de\/ueber-uns\/","name":"\u00dcber uns &#8226; ZAKMET","isPartOf":{"@id":"https:\/\/zakmet.pl\/#website"},"primaryImageOfPage":{"@id":"https:\/\/zakmet.pl\/de\/ueber-uns\/#primaryimage"},"image":{"@id":"https:\/\/zakmet.pl\/de\/ueber-uns\/#primaryimage"},"thumbnailUrl":"https:\/\/zakmet.pl\/wp-content\/uploads\/thumb.png","datePublished":"2016-03-30T09:22:32+00:00","dateModified":"2016-05-04T07:56:02+00:00","description":"Das Unternehmen ZAKMET wurde 1985 gegr\u00fcndet. Wir spezialisieren uns auf die Anfertigung technisch weit fortgeschrittener CNC-Anlagen.","breadcrumb":{"@id":"https:\/\/zakmet.pl\/de\/ueber-uns\/#breadcrumb"},"inLanguage":"de","potentialAction":[{"@type":"ReadAction","target":["https:\/\/zakmet.pl\/de\/ueber-uns\/"]}]},{"@type":"ImageObject","inLanguage":"de","@id":"https:\/\/zakmet.pl\/de\/ueber-uns\/#primaryimage","url":"https:\/\/zakmet.pl\/wp-content\/uploads\/thumb.png","contentUrl":"https:\/\/zakmet.pl\/wp-content\/uploads\/thumb.png","width":1200,"height":628},{"@type":"BreadcrumbList","@id":"https:\/\/zakmet.pl\/de\/ueber-uns\/#breadcrumb","itemListElement":[{"@type":"ListItem","position":1,"name":"Strona g\u0142\u00f3wna","item":"https:\/\/zakmet.pl\/de\/"},{"@type":"ListItem","position":2,"name":"\u00dcber uns"}]},{"@type":"WebSite","@id":"https:\/\/zakmet.pl\/#website","url":"https:\/\/zakmet.pl\/","name":"ZAKMET","description":"","potentialAction":[{"@type":"SearchAction","target":{"@type":"EntryPoint","urlTemplate":"https:\/\/zakmet.pl\/?s={search_term_string}"},"query-input":{"@type":"PropertyValueSpecification","valueRequired":true,"valueName":"search_term_string"}}],"inLanguage":"de"}]}},"_links":{"self":[{"href":"https:\/\/zakmet.pl\/de\/wp-json\/wp\/v2\/pages\/733","targetHints":{"allow":["GET"]}}],"collection":[{"href":"https:\/\/zakmet.pl\/de\/wp-json\/wp\/v2\/pages"}],"about":[{"href":"https:\/\/zakmet.pl\/de\/wp-json\/wp\/v2\/types\/page"}],"author":[{"embeddable":true,"href":"https:\/\/zakmet.pl\/de\/wp-json\/wp\/v2\/users\/1"}],"replies":[{"embeddable":true,"href":"https:\/\/zakmet.pl\/de\/wp-json\/wp\/v2\/comments?post=733"}],"version-history":[{"count":2,"href":"https:\/\/zakmet.pl\/de\/wp-json\/wp\/v2\/pages\/733\/revisions"}],"predecessor-version":[{"id":734,"href":"https:\/\/zakmet.pl\/de\/wp-json\/wp\/v2\/pages\/733\/revisions\/734"}],"wp:featuredmedia":[{"embeddable":true,"href":"https:\/\/zakmet.pl\/de\/wp-json\/wp\/v2\/media\/524"}],"wp:attachment":[{"href":"https:\/\/zakmet.pl\/de\/wp-json\/wp\/v2\/media?parent=733"}],"curies":[{"name":"wp","href":"https:\/\/api.w.org\/{rel}","templated":true}]}}