{"id":730,"date":"2016-04-11T14:17:12","date_gmt":"2016-04-11T12:17:12","guid":{"rendered":"http:\/\/zakmet.pl\/de\/zakmet\/"},"modified":"2016-12-07T11:15:43","modified_gmt":"2016-12-07T10:15:43","slug":"zakmet","status":"publish","type":"page","link":"https:\/\/zakmet.pl\/de\/","title":{"rendered":"Zakmet"},"content":{"rendered":"<div class=\"wpb-content-wrapper\">[vc_row fullwidth=&#8220;true&#8220;][vc_column]\n\t\t\t<!-- START \u00dcber uns REVOLUTION SLIDER 6.7.40 --><p class=\"rs-p-wp-fix\"><\/p>\n\t\t\t<rs-module-wrap id=\"rev_slider_3_1_wrapper\" data-source=\"gallery\" style=\"visibility:hidden;background:transparent;padding:0;\">\n\t\t\t\t<rs-module id=\"rev_slider_3_1\" style=\"\" data-version=\"6.7.40\">\n\t\t\t\t\t<rs-slides style=\"overflow: hidden; position: absolute;\">\n\t\t\t\t\t\t<rs-slide style=\"position: absolute;\" data-key=\"rs-4\" data-title=\"Slide\" data-in=\"o:1;\" data-out=\"o:1;\">\n\t\t\t\t\t\t\t<img decoding=\"async\" src=\"\/\/zakmet.pl\/wp-content\/plugins\/revslider\/sr6\/assets\/assets\/dummy.png\" alt=\"\" title=\"Zakmet\" class=\"rev-slidebg tp-rs-img rs-lazyload\" data-lazyload=\"\/\/zakmet.pl\/wp-content\/uploads\/AS_Kjellberg6.jpg\" data-bg=\"p:center bottom;\" data-parallax=\"10\" data-no-retina>\n<!--\n\t\t\t\t\t\t\t--><rs-layer\n\t\t\t\t\t\t\t\tid=\"slider-3-slide-4-layer-1\" \n\t\t\t\t\t\t\t\tclass=\"rev-scroll-btn\"\n\t\t\t\t\t\t\t\tdata-type=\"button\"\n\t\t\t\t\t\t\t\tdata-xy=\"x:c;y:b;yo:45px;\"\n\t\t\t\t\t\t\t\tdata-text=\"fw:100;\"\n\t\t\t\t\t\t\t\tdata-dim=\"w:35px;h:55px;\"\n\t\t\t\t\t\t\t\tdata-rsp_o=\"off\"\n\t\t\t\t\t\t\t\tdata-rsp_bd=\"off\"\n\t\t\t\t\t\t\t\tdata-border=\"bos:solid;boc:rgba(255,255,255,1);bow:2px,2px,2px,2px;bor:23px,23px,23px,23px;\"\n\t\t\t\t\t\t\t\tdata-frame_0=\"y:50px;tp:600;\"\n\t\t\t\t\t\t\t\tdata-frame_1=\"tp:600;e:power2.inOut;st:500;\"\n\t\t\t\t\t\t\t\tdata-frame_999=\"o:0;tp:600;e:nothing;st:w;\"\n\t\t\t\t\t\t\t\tstyle=\"z-index:5;font-family:'';cursor:pointer;box-sizing:border-box;-moz-box-sizing:border-box;-webkit-box-sizing:border-box;\"\n\t\t\t\t\t\t\t>\t\t\t\t\t\t\t\n\t\t\t\t\t\t\t<span>\n\t\t\t\t\t\t\t<\/span>\t\t\t\t\t\t\t\n\t\t\t\t\t\t \n\t\t\t\t\t\t\t<\/rs-layer><!--\n\n\t\t\t\t\t\t\t--><rs-layer\n\t\t\t\t\t\t\t\tid=\"slider-3-slide-4-layer-2\" \n\t\t\t\t\t\t\t\tdata-type=\"text\"\n\t\t\t\t\t\t\t\tdata-color=\"rgba(255,255,255,1)\"\n\t\t\t\t\t\t\t\tdata-rsp_ch=\"on\"\n\t\t\t\t\t\t\t\tdata-xy=\"x:r;y:b;yo:191px,191px,191px,190px;\"\n\t\t\t\t\t\t\t\tdata-text=\"s:73,73,45,45;l:94,94,54,54;fw:100,100,100,300;a:right;\"\n\t\t\t\t\t\t\t\tdata-vbility=\"t,t,t,f\"\n\t\t\t\t\t\t\t\tdata-rsp_o=\"off\"\n\t\t\t\t\t\t\t\tdata-frame_0=\"x:left;o:1;tp:600;\"\n\t\t\t\t\t\t\t\tdata-frame_1=\"tp:600;e:power2.inOut;st:500;\"\n\t\t\t\t\t\t\t\tdata-frame_999=\"o:0;tp:600;e:nothing;st:w;\"\n\t\t\t\t\t\t\t\tstyle=\"z-index:6;font-family:'Roboto';\"\n\t\t\t\t\t\t\t>Profizieren sind mit uns.<br\/>\nErfahrung seit 1985. \n\t\t\t\t\t\t\t<\/rs-layer><!--\n\n\t\t\t\t\t\t\t--><rs-layer\n\t\t\t\t\t\t\t\tid=\"slider-3-slide-4-layer-3\" \n\t\t\t\t\t\t\t\tdata-type=\"text\"\n\t\t\t\t\t\t\t\tdata-color=\"rgba(255,255,255,1)\"\n\t\t\t\t\t\t\t\tdata-rsp_ch=\"on\"\n\t\t\t\t\t\t\t\tdata-xy=\"x:r;xo:0,0,0,5px;y:b;yo:191px,191px,191px,196px;\"\n\t\t\t\t\t\t\t\tdata-text=\"s:45;l:54;fw:100;a:right;\"\n\t\t\t\t\t\t\t\tdata-vbility=\"f,f,f,t\"\n\t\t\t\t\t\t\t\tdata-rsp_o=\"off\"\n\t\t\t\t\t\t\t\tdata-frame_0=\"x:left;o:1;tp:600;\"\n\t\t\t\t\t\t\t\tdata-frame_1=\"tp:600;e:power2.inOut;st:500;\"\n\t\t\t\t\t\t\t\tdata-frame_999=\"o:0;tp:600;e:nothing;st:w;\"\n\t\t\t\t\t\t\t\tstyle=\"z-index:7;font-family:'Roboto';\"\n\t\t\t\t\t\t\t>Profizieren<br\/>\nsind mit uns.<br\/>\nErfahrung seit 1985. \n\t\t\t\t\t\t\t<\/rs-layer><!--\n-->\t\t\t\t\t<\/rs-slide>\n\t\t\t\t\t<\/rs-slides>\n\t\t\t\t<\/rs-module>\n\t\t\t\t<script>\n\t\t\t\t\tsetREVStartSize({c: 'rev_slider_3_1',rl:[1240,1024,778,480],el:[],gw:[1140,1024,778,480],gh:[868,768,960,720],type:'hero',justify:'',layout:'fullscreen',offsetContainer:'',offset:'',mh:\"0\"});if (window.RS_MODULES!==undefined && window.RS_MODULES.modules!==undefined && window.RS_MODULES.modules[\"revslider31\"]!==undefined) {window.RS_MODULES.modules[\"revslider31\"].once = false;window.revapi3 = undefined;if (window.RS_MODULES.checkMinimal!==undefined) window.RS_MODULES.checkMinimal()}\n\t\t\t\t<\/script>\n\t\t\t<\/rs-module-wrap>\n\t\t\t<!-- END REVOLUTION SLIDER -->\n[\/vc_column][\/vc_row][mk_page_section min_height=&#8220;0&#8243; padding_top=&#8220;45&#8243; padding_bottom=&#8220;45&#8243; animation=&#8220;bottom-to-top&#8220; sidebar=&#8220;sidebar-1&#8243;][vc_column width=&#8220;1\/4&#8243;][mk_portfolio style=&#8220;grid&#8220; hover_scenarios=&#8220;none&#8220; grid_spacing=&#8220;5&#8243; image_size=&#8220;medium&#8220; column=&#8220;1&#8243; zoom_icon=&#8220;false&#8220; sortable=&#8220;false&#8220; order=&#8220;ASC&#8220; posts=&#8220;76&#8243;][mk_button dimension=&#8220;savvy&#8220; size=&#8220;medium&#8220; url=&#8220;\/de\/wypalarki-cnc\/firecut-silver-compact\/&#8220; align=&#8220;center&#8220; fullwidth=&#8220;true&#8220; outline_skin=&#8220;custom&#8220; outline_active_text_color=&#8220;#3d464d&#8220; outline_hover_bg_color=&#8220;#147bb8&#8243; outline_hover_color=&#8220;#ffffff&#8220;]Firecut Silver Compact[\/mk_button][\/vc_column][vc_column width=&#8220;1\/4&#8243;][mk_portfolio style=&#8220;grid&#8220; hover_scenarios=&#8220;none&#8220; grid_spacing=&#8220;5&#8243; image_size=&#8220;medium&#8220; column=&#8220;1&#8243; zoom_icon=&#8220;false&#8220; sortable=&#8220;false&#8220; order=&#8220;ASC&#8220; posts=&#8220;113&#8243;][mk_button dimension=&#8220;savvy&#8220; size=&#8220;medium&#8220; url=&#8220;\/de\/wypalarki-cnc\/firecut-silver-portal\/&#8220; align=&#8220;center&#8220; fullwidth=&#8220;true&#8220; outline_skin=&#8220;custom&#8220; outline_active_text_color=&#8220;#3d464d&#8220; outline_hover_bg_color=&#8220;#147bb8&#8243; outline_hover_color=&#8220;#ffffff&#8220;]Firecut Silver Portal[\/mk_button][\/vc_column][vc_column width=&#8220;1\/4&#8243;][mk_portfolio style=&#8220;grid&#8220; hover_scenarios=&#8220;none&#8220; grid_spacing=&#8220;5&#8243; image_size=&#8220;medium&#8220; column=&#8220;1&#8243; zoom_icon=&#8220;false&#8220; sortable=&#8220;false&#8220; order=&#8220;ASC&#8220; posts=&#8220;127&#8243;][mk_button dimension=&#8220;savvy&#8220; size=&#8220;medium&#8220; url=&#8220;\/de\/wypalarki-cnc\/firecut-iron\/&#8220; align=&#8220;center&#8220; fullwidth=&#8220;true&#8220; outline_skin=&#8220;custom&#8220; outline_active_text_color=&#8220;#3d464d&#8220; outline_hover_bg_color=&#8220;#147bb8&#8243; outline_hover_color=&#8220;#ffffff&#8220;]Firecut Iron[\/mk_button][\/vc_column][vc_column width=&#8220;1\/4&#8243;][mk_portfolio style=&#8220;grid&#8220; hover_scenarios=&#8220;none&#8220; grid_spacing=&#8220;5&#8243; image_size=&#8220;medium&#8220; column=&#8220;1&#8243; zoom_icon=&#8220;false&#8220; sortable=&#8220;false&#8220; order=&#8220;ASC&#8220; posts=&#8220;139&#8243;][mk_button dimension=&#8220;savvy&#8220; size=&#8220;medium&#8220; url=&#8220;\/de\/wypalarki-cnc\/firecut-gold\/&#8220; align=&#8220;center&#8220; fullwidth=&#8220;true&#8220; outline_skin=&#8220;custom&#8220; outline_active_text_color=&#8220;#3d464d&#8220; outline_hover_bg_color=&#8220;#147bb8&#8243; outline_hover_color=&#8220;#ffffff&#8220;]Firecut Gold[\/mk_button][\/vc_column][\/mk_page_section][mk_page_section bg_color=&#8220;#eeeeee&#8220; min_height=&#8220;0&#8243; padding_top=&#8220;18&#8243; padding_bottom=&#8220;0&#8243; animation=&#8220;right-to-left&#8220; sidebar=&#8220;sidebar-1&#8243;][vc_column][mk_fancy_title color=&#8220;#3d464d&#8220; size=&#8220;28&#8243; font_weight=&#8220;300&#8243; font_style=&#8220;italic&#8220; txt_transform=&#8220;uppercase&#8220; letter_spacing=&#8220;1&#8243; margin_bottom=&#8220;0&#8243; font_family=&#8220;none&#8220;]\u00dcber uns[\/mk_fancy_title][\/vc_column][\/mk_page_section][mk_page_section bg_color=&#8220;#f5f5f5&#8243; min_height=&#8220;0&#8243; padding_top=&#8220;45&#8243; padding_bottom=&#8220;25&#8243; animation=&#8220;bottom-to-top&#8220; sidebar=&#8220;sidebar-1&#8243;][vc_column][vc_column_text]Das Unternehmen <strong>ZAKMET<\/strong> wurde 1985 gegr\u00fcndet. Wir spezialisieren uns auf die Anfertigung technisch weit fortgeschrittener CNC-Anlagen zum Plasma-, Sauerstoff- und Laserschneiden sowie Schwei\u00dfanlagen. Jahrelange Erfahrung unserer Ingenieure erm\u00f6glicht die Entwicklung innovativer Anlagen, die gleichzeitig einfach zu bedienen und streng an die Bed\u00fcrfnisse der Kunden angepasst sind.<\/p>\n<p><strong>Bereits 1000 Unternehmer<\/strong> aus Polen, Europa und Asien haben ihr Vertrauen ins uns gesetzt.\u00a0Die Zufriedenheit unserer Kunden motiviert uns zur steten Weiterentwicklung, um sich so gut wie m\u00f6glich an die sich dynamisch entwickelnde Schneidtechnik anzupassen.[\/vc_column_text][mk_button dimension=&#8220;savvy&#8220; url=&#8220;\/de\/ueber-uns\/&#8220; el_class=&#8220;o-firmie&#8220; outline_skin=&#8220;custom&#8220; outline_active_text_color=&#8220;#3d464d&#8220; outline_hover_bg_color=&#8220;#147bb8&#8243; outline_hover_color=&#8220;#ffffff&#8220;]Mehr[\/mk_button][\/vc_column][\/mk_page_section][mk_page_section bg_color=&#8220;#10699d&#8220; min_height=&#8220;0&#8243; padding_top=&#8220;18&#8243; padding_bottom=&#8220;0&#8243; animation=&#8220;right-to-left&#8220; sidebar=&#8220;sidebar-1&#8243;][vc_column][mk_fancy_title color=&#8220;#ffffff&#8220; size=&#8220;28&#8243; font_weight=&#8220;300&#8243; font_style=&#8220;italic&#8220; txt_transform=&#8220;uppercase&#8220; letter_spacing=&#8220;1&#8243; margin_bottom=&#8220;0&#8243; font_family=&#8220;none&#8220;]Angebot[\/mk_fancy_title][\/vc_column][\/mk_page_section][mk_page_section bg_color=&#8220;#147bb8&#8243; min_height=&#8220;0&#8243; padding_top=&#8220;0&#8243; padding_bottom=&#8220;0&#8243; animation=&#8220;bottom-to-top&#8220; sidebar=&#8220;sidebar-1&#8243;][vc_column][mk_animated_columns column_height=&#8220;340&#8243; column_number=&#8220;3&#8243; order=&#8220;ASC&#8220; title_size=&#8220;45&#8243; bg_hover_color=&#8220;#3d464d&#8220; txt_color=&#8220;#ffffff&#8220; btn_color=&#8220;#ffffff&#8220; btn_hover_color=&#8220;#ffffff&#8220; btn_hover_txt_color=&#8220;#3d464d&#8220; el_class=&#8220;kolumny&#8220;][\/vc_column][\/mk_page_section][mk_page_section bg_color=&#8220;#f5f5f5&#8243; min_height=&#8220;0&#8243; padding_top=&#8220;18&#8243; padding_bottom=&#8220;0&#8243; animation=&#8220;right-to-left&#8220; sidebar=&#8220;sidebar-1&#8243;][vc_column][mk_fancy_title color=&#8220;#3d464d&#8220; size=&#8220;28&#8243; font_weight=&#8220;300&#8243; font_style=&#8220;italic&#8220; txt_transform=&#8220;uppercase&#8220; letter_spacing=&#8220;1&#8243; margin_bottom=&#8220;0&#8243; font_family=&#8220;none&#8220;]Nachrichten[\/mk_fancy_title][\/vc_column][\/mk_page_section][mk_page_section min_height=&#8220;0&#8243; padding_top=&#8220;15&#8243; padding_bottom=&#8220;27&#8243; top_shape_color=&#8220;#ffffff&#8220; bottom_shape_color=&#8220;#ffffff&#8220; animation=&#8220;bottom-to-top&#8220; sidebar=&#8220;sidebar-1&#8243;][vc_column][mk_blog_showcase][mk_button dimension=&#8220;savvy&#8220; size=&#8220;medium&#8220; url=&#8220;\/de\/nachrichten\/&#8220; align=&#8220;center&#8220; animation=&#8220;bottom-to-top&#8220; el_class=&#8220;kolumny&#8220; outline_skin=&#8220;custom&#8220; outline_active_text_color=&#8220;#3d464d&#8220; outline_hover_bg_color=&#8220;#147bb8&#8243; outline_hover_color=&#8220;#ffffff&#8220;]Mehr[\/mk_button][\/vc_column][\/mk_page_section][mk_page_section bg_color=&#8220;#eeeeee&#8220; min_height=&#8220;0&#8243; padding_top=&#8220;18&#8243; padding_bottom=&#8220;0&#8243; animation=&#8220;right-to-left&#8220; sidebar=&#8220;sidebar-1&#8243;][vc_column][mk_fancy_title color=&#8220;#3d464d&#8220; size=&#8220;28&#8243; font_weight=&#8220;300&#8243; font_style=&#8220;italic&#8220; txt_transform=&#8220;uppercase&#8220; letter_spacing=&#8220;1&#8243; margin_bottom=&#8220;0&#8243; font_family=&#8220;none&#8220;]Kontakt[\/mk_fancy_title][\/vc_column][\/mk_page_section][mk_page_section bg_color=&#8220;#f5f5f5&#8243; min_height=&#8220;0&#8243; padding_top=&#8220;45&#8243; padding_bottom=&#8220;0&#8243; animation=&#8220;bottom-to-top&#8220; sidebar=&#8220;sidebar-1&#8243;][vc_column width=&#8220;1\/2&#8243;][mk_advanced_gmaps latitude=&#8220;51.060678&#8243; longitude=&#8220;15.279798&#8243; address=&#8220;<strong>ZAKMET s.c.<\/strong><br \/>\nKo\u015bcielniki \u015arednie 33<br \/>\n59-820 Le\u015bna&#8220; latitude_2=&#8220;51.100540&#8243; longitude_2=&#8220;15.303738&#8243; address_2=&#8220;<strong>PRODUKTION UND DIENSTLEISTUNGEN<\/strong><br \/>\nul. \u017bwirowa 3, Uniegoszcz<br \/>\n59-800 Luba\u0144&#8220; pin_icon=&#8220;\/wp-content\/uploads\/marker.svg&#8220; content_font_color=&#8220;#ffffff&#8220; height=&#8220;236&#8243; map_zoom=&#8220;11&#8243; modify_coloring=&#8220;true&#8220; hue=&#8220;#cccccc&#8220; saturation=&#8220;-100&#8243; lightness=&#8220;0&#8243; el_class=&#8220;etykieta&#8220; zoom=&#8220;10&#8243;][mk_padding_divider size=&#8220;42&#8243;][\/vc_column][vc_column width=&#8220;1\/4&#8243;][vc_column_text margin_bottom=&#8220;20&#8243;]<strong>ZAKMET s.c.<\/strong><br \/>\nKo\u015bcielniki \u015arednie 33<br \/>\n59-820 Le\u015bna<\/p>\n<p><strong>T\/F.<\/strong>\u00a0+48 75 721 66 22<br \/>\n<strong>E.<\/strong> biuro@zakmet.pl<\/p>\n<p><strong>NIP<\/strong>\u00a0613-157-47-10<br \/>\n<strong>REGON<\/strong>\u00a0360271020[\/vc_column_text][\/vc_column][vc_column width=&#8220;1\/4&#8243;][vc_column_text]<strong>PRODUKTION UND DIENSTLEISTUNGEN<\/strong><br \/>\nul. \u017bwirowa 3, Uniegoszcz<br \/>\n59-800 Luba\u0144<br \/>\n<strong>E.<\/strong> produkcja@zakmet.pl[\/vc_column_text][vc_column_text margin_bottom=&#8220;20&#8243;]<strong>BUCHHALTUNG<\/strong><br \/>\n<strong>T.<\/strong>\u00a0+48 75 721 43 43<br \/>\n<strong>E.<\/strong>\u00a0m.lasek@zakmet.pl[\/vc_column_text][\/vc_column][\/mk_page_section]\n<\/div>","protected":false},"excerpt":{"rendered":"<p>[vc_row fullwidth=&#8220;true&#8220;][vc_column][\/vc_column][\/vc_row][mk_page_section min_height=&#8220;0&#8243; padding_top=&#8220;45&#8243; padding_bottom=&#8220;45&#8243; animation=&#8220;bottom-to-top&#8220; sidebar=&#8220;sidebar-1&#8243;][vc_column width=&#8220;1\/4&#8243;][mk_portfolio style=&#8220;grid&#8220; hover_scenarios=&#8220;none&#8220; grid_spacing=&#8220;5&#8243; image_size=&#8220;medium&#8220; column=&#8220;1&#8243; zoom_icon=&#8220;false&#8220; sortable=&#8220;false&#8220; order=&#8220;ASC&#8220; posts=&#8220;76&#8243;][mk_button dimension=&#8220;savvy&#8220; size=&#8220;medium&#8220; url=&#8220;\/de\/wypalarki-cnc\/firecut-silver-compact\/&#8220; align=&#8220;center&#8220; fullwidth=&#8220;true&#8220; outline_skin=&#8220;custom&#8220; outline_active_text_color=&#8220;#3d464d&#8220; outline_hover_bg_color=&#8220;#147bb8&#8243; outline_hover_color=&#8220;#ffffff&#8220;]Firecut Silver Compact[\/mk_button][\/vc_column][vc_column width=&#8220;1\/4&#8243;][mk_portfolio style=&#8220;grid&#8220; hover_scenarios=&#8220;none&#8220; grid_spacing=&#8220;5&#8243; image_size=&#8220;medium&#8220; column=&#8220;1&#8243; zoom_icon=&#8220;false&#8220; sortable=&#8220;false&#8220; order=&#8220;ASC&#8220; posts=&#8220;113&#8243;][mk_button dimension=&#8220;savvy&#8220; size=&#8220;medium&#8220; url=&#8220;\/de\/wypalarki-cnc\/firecut-silver-portal\/&#8220; align=&#8220;center&#8220; fullwidth=&#8220;true&#8220; outline_skin=&#8220;custom&#8220; outline_active_text_color=&#8220;#3d464d&#8220; outline_hover_bg_color=&#8220;#147bb8&#8243; outline_hover_color=&#8220;#ffffff&#8220;]Firecut Silver Portal[\/mk_button][\/vc_column][vc_column width=&#8220;1\/4&#8243;][mk_portfolio style=&#8220;grid&#8220; hover_scenarios=&#8220;none&#8220; grid_spacing=&#8220;5&#8243; image_size=&#8220;medium&#8220; column=&#8220;1&#8243; [&hellip;]<\/p>\n","protected":false},"author":1,"featured_media":524,"parent":0,"menu_order":1,"comment_status":"closed","ping_status":"closed","template":"","meta":{"footnotes":""},"class_list":["post-730","page","type-page","status-publish","has-post-thumbnail","hentry"],"yoast_head":"<!-- This site is optimized with the Yoast SEO plugin v27.4 - https:\/\/yoast.com\/product\/yoast-seo-wordpress\/ -->\n<title>ZAKMET<\/title>\n<meta name=\"description\" content=\"Das Unternehmen ZAKMET wurde 1985 gegr\u00fcndet. Wir spezialisieren uns auf die Anfertigung technisch weit fortgeschrittener CNC-Anlagen.\" \/>\n<meta name=\"robots\" content=\"index, follow, max-snippet:-1, max-image-preview:large, max-video-preview:-1\" \/>\n<link rel=\"canonical\" href=\"https:\/\/zakmet.pl\/de\/\" \/>\n<meta property=\"og:locale\" content=\"de_DE\" \/>\n<meta property=\"og:type\" content=\"article\" \/>\n<meta property=\"og:title\" content=\"ZAKMET\" \/>\n<meta property=\"og:description\" content=\"Das Unternehmen ZAKMET wurde 1985 gegr\u00fcndet. Wir spezialisieren uns auf die Anfertigung technisch weit fortgeschrittener CNC-Anlagen.\" \/>\n<meta property=\"og:url\" content=\"https:\/\/zakmet.pl\/de\/\" \/>\n<meta property=\"og:site_name\" content=\"ZAKMET\" \/>\n<meta property=\"article:publisher\" content=\"https:\/\/www.facebook.com\/zakmet.cncmachines\/\" \/>\n<meta property=\"article:modified_time\" content=\"2016-12-07T10:15:43+00:00\" \/>\n<meta property=\"og:image\" content=\"https:\/\/zakmet.pl\/wp-content\/uploads\/thumb.png\" \/>\n\t<meta property=\"og:image:width\" content=\"1200\" \/>\n\t<meta property=\"og:image:height\" content=\"628\" \/>\n\t<meta property=\"og:image:type\" content=\"image\/png\" \/>\n<meta name=\"twitter:card\" content=\"summary_large_image\" \/>\n<meta name=\"twitter:label1\" content=\"Gesch\u00e4tzte Lesezeit\" \/>\n\t<meta name=\"twitter:data1\" content=\"5\u00a0Minuten\" \/>\n<script type=\"application\/ld+json\" class=\"yoast-schema-graph\">{\"@context\":\"https:\\\/\\\/schema.org\",\"@graph\":[{\"@type\":\"WebPage\",\"@id\":\"https:\\\/\\\/zakmet.pl\\\/de\\\/\",\"url\":\"https:\\\/\\\/zakmet.pl\\\/de\\\/\",\"name\":\"ZAKMET\",\"isPartOf\":{\"@id\":\"https:\\\/\\\/zakmet.pl\\\/#website\"},\"primaryImageOfPage\":{\"@id\":\"https:\\\/\\\/zakmet.pl\\\/de\\\/#primaryimage\"},\"image\":{\"@id\":\"https:\\\/\\\/zakmet.pl\\\/de\\\/#primaryimage\"},\"thumbnailUrl\":\"https:\\\/\\\/zakmet.pl\\\/wp-content\\\/uploads\\\/thumb.png\",\"datePublished\":\"2016-04-11T12:17:12+00:00\",\"dateModified\":\"2016-12-07T10:15:43+00:00\",\"description\":\"Das Unternehmen ZAKMET wurde 1985 gegr\u00fcndet. Wir spezialisieren uns auf die Anfertigung technisch weit fortgeschrittener CNC-Anlagen.\",\"breadcrumb\":{\"@id\":\"https:\\\/\\\/zakmet.pl\\\/de\\\/#breadcrumb\"},\"inLanguage\":\"de\",\"potentialAction\":[{\"@type\":\"ReadAction\",\"target\":[\"https:\\\/\\\/zakmet.pl\\\/de\\\/\"]}]},{\"@type\":\"ImageObject\",\"inLanguage\":\"de\",\"@id\":\"https:\\\/\\\/zakmet.pl\\\/de\\\/#primaryimage\",\"url\":\"https:\\\/\\\/zakmet.pl\\\/wp-content\\\/uploads\\\/thumb.png\",\"contentUrl\":\"https:\\\/\\\/zakmet.pl\\\/wp-content\\\/uploads\\\/thumb.png\",\"width\":1200,\"height\":628},{\"@type\":\"BreadcrumbList\",\"@id\":\"https:\\\/\\\/zakmet.pl\\\/de\\\/#breadcrumb\",\"itemListElement\":[{\"@type\":\"ListItem\",\"position\":1,\"name\":\"Strona g\u0142\u00f3wna\",\"item\":\"https:\\\/\\\/zakmet.pl\\\/de\\\/\"},{\"@type\":\"ListItem\",\"position\":2,\"name\":\"Zakmet\"}]},{\"@type\":\"WebSite\",\"@id\":\"https:\\\/\\\/zakmet.pl\\\/#website\",\"url\":\"https:\\\/\\\/zakmet.pl\\\/\",\"name\":\"ZAKMET\",\"description\":\"\",\"potentialAction\":[{\"@type\":\"SearchAction\",\"target\":{\"@type\":\"EntryPoint\",\"urlTemplate\":\"https:\\\/\\\/zakmet.pl\\\/?s={search_term_string}\"},\"query-input\":{\"@type\":\"PropertyValueSpecification\",\"valueRequired\":true,\"valueName\":\"search_term_string\"}}],\"inLanguage\":\"de\"}]}<\/script>\n<!-- \/ Yoast SEO plugin. -->","yoast_head_json":{"title":"ZAKMET","description":"Das Unternehmen ZAKMET wurde 1985 gegr\u00fcndet. Wir spezialisieren uns auf die Anfertigung technisch weit fortgeschrittener CNC-Anlagen.","robots":{"index":"index","follow":"follow","max-snippet":"max-snippet:-1","max-image-preview":"max-image-preview:large","max-video-preview":"max-video-preview:-1"},"canonical":"https:\/\/zakmet.pl\/de\/","og_locale":"de_DE","og_type":"article","og_title":"ZAKMET","og_description":"Das Unternehmen ZAKMET wurde 1985 gegr\u00fcndet. Wir spezialisieren uns auf die Anfertigung technisch weit fortgeschrittener CNC-Anlagen.","og_url":"https:\/\/zakmet.pl\/de\/","og_site_name":"ZAKMET","article_publisher":"https:\/\/www.facebook.com\/zakmet.cncmachines\/","article_modified_time":"2016-12-07T10:15:43+00:00","og_image":[{"width":1200,"height":628,"url":"https:\/\/zakmet.pl\/wp-content\/uploads\/thumb.png","type":"image\/png"}],"twitter_card":"summary_large_image","twitter_misc":{"Gesch\u00e4tzte Lesezeit":"5\u00a0Minuten"},"schema":{"@context":"https:\/\/schema.org","@graph":[{"@type":"WebPage","@id":"https:\/\/zakmet.pl\/de\/","url":"https:\/\/zakmet.pl\/de\/","name":"ZAKMET","isPartOf":{"@id":"https:\/\/zakmet.pl\/#website"},"primaryImageOfPage":{"@id":"https:\/\/zakmet.pl\/de\/#primaryimage"},"image":{"@id":"https:\/\/zakmet.pl\/de\/#primaryimage"},"thumbnailUrl":"https:\/\/zakmet.pl\/wp-content\/uploads\/thumb.png","datePublished":"2016-04-11T12:17:12+00:00","dateModified":"2016-12-07T10:15:43+00:00","description":"Das Unternehmen ZAKMET wurde 1985 gegr\u00fcndet. Wir spezialisieren uns auf die Anfertigung technisch weit fortgeschrittener CNC-Anlagen.","breadcrumb":{"@id":"https:\/\/zakmet.pl\/de\/#breadcrumb"},"inLanguage":"de","potentialAction":[{"@type":"ReadAction","target":["https:\/\/zakmet.pl\/de\/"]}]},{"@type":"ImageObject","inLanguage":"de","@id":"https:\/\/zakmet.pl\/de\/#primaryimage","url":"https:\/\/zakmet.pl\/wp-content\/uploads\/thumb.png","contentUrl":"https:\/\/zakmet.pl\/wp-content\/uploads\/thumb.png","width":1200,"height":628},{"@type":"BreadcrumbList","@id":"https:\/\/zakmet.pl\/de\/#breadcrumb","itemListElement":[{"@type":"ListItem","position":1,"name":"Strona g\u0142\u00f3wna","item":"https:\/\/zakmet.pl\/de\/"},{"@type":"ListItem","position":2,"name":"Zakmet"}]},{"@type":"WebSite","@id":"https:\/\/zakmet.pl\/#website","url":"https:\/\/zakmet.pl\/","name":"ZAKMET","description":"","potentialAction":[{"@type":"SearchAction","target":{"@type":"EntryPoint","urlTemplate":"https:\/\/zakmet.pl\/?s={search_term_string}"},"query-input":{"@type":"PropertyValueSpecification","valueRequired":true,"valueName":"search_term_string"}}],"inLanguage":"de"}]}},"_links":{"self":[{"href":"https:\/\/zakmet.pl\/de\/wp-json\/wp\/v2\/pages\/730","targetHints":{"allow":["GET"]}}],"collection":[{"href":"https:\/\/zakmet.pl\/de\/wp-json\/wp\/v2\/pages"}],"about":[{"href":"https:\/\/zakmet.pl\/de\/wp-json\/wp\/v2\/types\/page"}],"author":[{"embeddable":true,"href":"https:\/\/zakmet.pl\/de\/wp-json\/wp\/v2\/users\/1"}],"replies":[{"embeddable":true,"href":"https:\/\/zakmet.pl\/de\/wp-json\/wp\/v2\/comments?post=730"}],"version-history":[{"count":6,"href":"https:\/\/zakmet.pl\/de\/wp-json\/wp\/v2\/pages\/730\/revisions"}],"predecessor-version":[{"id":1425,"href":"https:\/\/zakmet.pl\/de\/wp-json\/wp\/v2\/pages\/730\/revisions\/1425"}],"wp:featuredmedia":[{"embeddable":true,"href":"https:\/\/zakmet.pl\/de\/wp-json\/wp\/v2\/media\/524"}],"wp:attachment":[{"href":"https:\/\/zakmet.pl\/de\/wp-json\/wp\/v2\/media?parent=730"}],"curies":[{"name":"wp","href":"https:\/\/api.w.org\/{rel}","templated":true}]}}